{"id":3224,"date":"2019-12-07T01:50:00","date_gmt":"2019-12-07T00:50:00","guid":{"rendered":"http:\/\/littorelles.org\/?page_id=3224"},"modified":"2019-12-07T01:50:00","modified_gmt":"2019-12-07T00:50:00","slug":"invitation-au-voyage-en-iran","status":"publish","type":"page","link":"https:\/\/www.littorelles.org\/?page_id=3224","title":{"rendered":"Invitation au voyage en Iran"},"content":{"rendered":"\n<p>\n\nPour se faire une id\u00e9e personnelle de l&rsquo;Iran, Chantal a invit\u00e9 Zahra Hashemi, docteur en arch\u00e9ologie, pour nous parler de son pays.&nbsp;<\/p>\n\n\n\n<p>L\u2019Iran est un pays de paradoxes avec 4 climats diff\u00e9rents dans un m\u00eame pays : d\u00e9sert au centre, montagnes \u00e0 l&rsquo;Ouest, for\u00eats au nord et r\u00e9gion tropicale au sud avec la mer d&rsquo;Oman ; et donc aussi des cultures diff\u00e9rentes&#8230;<br>Le pays est producteur de gaz, de p\u00e9trole, de safran, de pistache, de caviar, de tapis&#8230;.Il y a une mosa\u00efque culturelle : chants, danses, \u00e9crivain&#8230; (Baloutchi turkm\u00e8ne, kurdes, lori, ma-zani, arabes)<br>La langue officielle est le persan et plusieurs langues selon les r\u00e9gionsC&rsquo;est un pays de 3 fois la France, 60 pour cent des Iraniens ont moins de 28 ans<\/p>\n\n\n\n<p>Notre conf\u00e9renci\u00e8re a pr\u00e9sent\u00e9 son pays \u00e0 travers l&rsquo;histoire :les qajars -les Palavi &#8211; le retour d&rsquo;exil de l&rsquo;ayatollah Khomeini -la r\u00e9publique islamique -les ann\u00e9es noires de guerre avec l&rsquo;Irak &#8211; et l&rsquo;Iran d&rsquo;aujourd&rsquo;hui<\/p>\n\n\n\n<figure class=\"wp-block-gallery columns-5 is-cropped wp-block-gallery-1 is-layout-flex wp-block-gallery-is-layout-flex\"><ul class=\"blocks-gallery-grid\"><li class=\"blocks-gallery-item\"><figure><a href=\"littorelles.org\/wp-content\/uploads\/2019\/12\/IMG_7817.jpg\"><img decoding=\"async\" src=\"littorelles.org\/wp-content\/uploads\/2019\/12\/IMG_7817-1024x768.jpg\" alt=\"\" data-id=\"3225\" data-full-url=\"littorelles.org\/wp-content\/uploads\/2019\/12\/IMG_7817.jpg\" data-link=\"littorelles.org\/?attachment_id=3225\" class=\"wp-image-3225\"\/><\/a><\/figure><\/li><li class=\"blocks-gallery-item\"><figure><a href=\"littorelles.org\/wp-content\/uploads\/2019\/12\/IMG_7818.jpg\"><img decoding=\"async\" src=\"littorelles.org\/wp-content\/uploads\/2019\/12\/IMG_7818-1024x768.jpg\" alt=\"\" data-id=\"3226\" data-full-url=\"littorelles.org\/wp-content\/uploads\/2019\/12\/IMG_7818.jpg\" data-link=\"littorelles.org\/?attachment_id=3226\" class=\"wp-image-3226\"\/><\/a><\/figure><\/li><li class=\"blocks-gallery-item\"><figure><a href=\"littorelles.org\/wp-content\/uploads\/2019\/12\/IMG_7834-rotated.jpg\"><img decoding=\"async\" src=\"littorelles.org\/wp-content\/uploads\/2019\/12\/IMG_7834-768x1024.jpg\" alt=\"\" data-id=\"3227\" data-full-url=\"littorelles.org\/wp-content\/uploads\/2019\/12\/IMG_7834-rotated.jpg\" data-link=\"littorelles.org\/?attachment_id=3227\" class=\"wp-image-3227\"\/><\/a><\/figure><\/li><li class=\"blocks-gallery-item\"><figure><a href=\"littorelles.org\/wp-content\/uploads\/2019\/12\/IMG_7861-rotated.jpg\"><img decoding=\"async\" src=\"littorelles.org\/wp-content\/uploads\/2019\/12\/IMG_7861-768x1024.jpg\" alt=\"\" data-id=\"3228\" data-full-url=\"littorelles.org\/wp-content\/uploads\/2019\/12\/IMG_7861-rotated.jpg\" data-link=\"littorelles.org\/?attachment_id=3228\" class=\"wp-image-3228\"\/><\/a><\/figure><\/li><li class=\"blocks-gallery-item\"><figure><a href=\"littorelles.org\/wp-content\/uploads\/2019\/12\/IMG_7869.jpg\"><img decoding=\"async\" src=\"littorelles.org\/wp-content\/uploads\/2019\/12\/IMG_7869-1024x768.jpg\" alt=\"\" data-id=\"3229\" data-full-url=\"littorelles.org\/wp-content\/uploads\/2019\/12\/IMG_7869.jpg\" data-link=\"littorelles.org\/?attachment_id=3229\" class=\"wp-image-3229\"\/><\/a><\/figure><\/li><li class=\"blocks-gallery-item\"><figure><a href=\"littorelles.org\/wp-content\/uploads\/2019\/12\/IMG_7873-rotated.jpg\"><img decoding=\"async\" src=\"littorelles.org\/wp-content\/uploads\/2019\/12\/IMG_7873-768x1024.jpg\" alt=\"\" data-id=\"3230\" data-full-url=\"littorelles.org\/wp-content\/uploads\/2019\/12\/IMG_7873-rotated.jpg\" data-link=\"littorelles.org\/?attachment_id=3230\" class=\"wp-image-3230\"\/><\/a><\/figure><\/li><li class=\"blocks-gallery-item\"><figure><a href=\"littorelles.org\/wp-content\/uploads\/2019\/12\/IMG_7877.jpg\"><img decoding=\"async\" src=\"littorelles.org\/wp-content\/uploads\/2019\/12\/IMG_7877-1024x768.jpg\" alt=\"\" data-id=\"3231\" data-full-url=\"littorelles.org\/wp-content\/uploads\/2019\/12\/IMG_7877.jpg\" data-link=\"littorelles.org\/?attachment_id=3231\" class=\"wp-image-3231\"\/><\/a><\/figure><\/li><li class=\"blocks-gallery-item\"><figure><a href=\"littorelles.org\/wp-content\/uploads\/2019\/12\/iran-danse.jpg\"><img decoding=\"async\" src=\"littorelles.org\/wp-content\/uploads\/2019\/12\/iran-danse.jpg\" alt=\"\" data-id=\"3232\" data-full-url=\"littorelles.org\/wp-content\/uploads\/2019\/12\/iran-danse.jpg\" data-link=\"littorelles.org\/?attachment_id=3232\" class=\"wp-image-3232\"\/><\/a><\/figure><\/li><li class=\"blocks-gallery-item\"><figure><a href=\"littorelles.org\/wp-content\/uploads\/2019\/12\/iran-femmes.jpg\"><img decoding=\"async\" src=\"littorelles.org\/wp-content\/uploads\/2019\/12\/iran-femmes.jpg\" alt=\"\" data-id=\"3233\" data-full-url=\"littorelles.org\/wp-content\/uploads\/2019\/12\/iran-femmes.jpg\" data-link=\"littorelles.org\/?attachment_id=3233\" class=\"wp-image-3233\"\/><\/a><figcaption class=\"blocks-gallery-item__caption\">TO GO WITH AFP STORY IRAN-WOMEN-HIJAB\nIranian women walks at streets in Tehran on February 7, 2018.<\/figcaption><\/figure><\/li><li class=\"blocks-gallery-item\"><figure><a href=\"littorelles.org\/wp-content\/uploads\/2019\/12\/iran-khomeni.jpg\"><img decoding=\"async\" src=\"littorelles.org\/wp-content\/uploads\/2019\/12\/iran-khomeni.jpg\" alt=\"\" data-id=\"3234\" data-full-url=\"littorelles.org\/wp-content\/uploads\/2019\/12\/iran-khomeni.jpg\" data-link=\"littorelles.org\/?attachment_id=3234\" class=\"wp-image-3234\"\/><\/a><\/figure><\/li><li class=\"blocks-gallery-item\"><figure><a href=\"littorelles.org\/wp-content\/uploads\/2019\/12\/iran-paysage.jpg\"><img decoding=\"async\" src=\"littorelles.org\/wp-content\/uploads\/2019\/12\/iran-paysage.jpg\" alt=\"\" data-id=\"3235\" data-full-url=\"littorelles.org\/wp-content\/uploads\/2019\/12\/iran-paysage.jpg\" data-link=\"littorelles.org\/?attachment_id=3235\" class=\"wp-image-3235\"\/><\/a><\/figure><\/li><li class=\"blocks-gallery-item\"><figure><a href=\"littorelles.org\/wp-content\/uploads\/2019\/12\/iran.jpg\"><img decoding=\"async\" src=\"littorelles.org\/wp-content\/uploads\/2019\/12\/iran.jpg\" alt=\"\" data-id=\"3236\" data-full-url=\"littorelles.org\/wp-content\/uploads\/2019\/12\/iran.jpg\" data-link=\"littorelles.org\/?attachment_id=3236\" class=\"wp-image-3236\"\/><\/a><\/figure><\/li><li class=\"blocks-gallery-item\"><figure><a href=\"littorelles.org\/wp-content\/uploads\/2019\/12\/irancarte.jpg\"><img decoding=\"async\" src=\"littorelles.org\/wp-content\/uploads\/2019\/12\/irancarte.jpg\" alt=\"\" data-id=\"3237\" data-full-url=\"littorelles.org\/wp-content\/uploads\/2019\/12\/irancarte.jpg\" data-link=\"littorelles.org\/?attachment_id=3237\" class=\"wp-image-3237\"\/><\/a><\/figure><\/li><li class=\"blocks-gallery-item\"><figure><a href=\"littorelles.org\/wp-content\/uploads\/2019\/12\/iranpalavi.jpg\"><img decoding=\"async\" src=\"littorelles.org\/wp-content\/uploads\/2019\/12\/iranpalavi-1024x682.jpg\" alt=\"\" data-id=\"3238\" data-full-url=\"littorelles.org\/wp-content\/uploads\/2019\/12\/iranpalavi.jpg\" data-link=\"littorelles.org\/?attachment_id=3238\" class=\"wp-image-3238\"\/><\/a><\/figure><\/li><li class=\"blocks-gallery-item\"><figure><a href=\"littorelles.org\/wp-content\/uploads\/2019\/12\/iranplage.jpg\"><img decoding=\"async\" src=\"littorelles.org\/wp-content\/uploads\/2019\/12\/iranplage.jpg\" alt=\"\" data-id=\"3239\" data-full-url=\"littorelles.org\/wp-content\/uploads\/2019\/12\/iranplage.jpg\" data-link=\"littorelles.org\/?attachment_id=3239\" class=\"wp-image-3239\"\/><\/a><\/figure><\/li><\/ul><\/figure>\n\n\n\n<p>Avec diff\u00e9rentes projections nous avons pu conna\u00eetre l&rsquo;architecture de l&rsquo;Iran, la condition des femmes, la musique, la danse, les arts&#8230;<br>Zarhra Hashemi nous a passionn\u00e9s avec ses 2 interventions compl\u00e9mentaires avant et apr\u00e8s le d\u00e9jeuner. Toutes les personnes pr\u00e9sentes sont reparties enchant\u00e9es de cette journ\u00e9e culturelle et aussi gastronomique \u00e0 la Matelote de Terlincthun <\/p>\n\n\n\n<figure class=\"wp-block-gallery columns-4 is-cropped wp-block-gallery-2 is-layout-flex wp-block-gallery-is-layout-flex\"><ul class=\"blocks-gallery-grid\"><li class=\"blocks-gallery-item\"><figure><a href=\"littorelles.org\/wp-content\/uploads\/2019\/12\/IMG_7830-rotated.jpg\"><img decoding=\"async\" src=\"littorelles.org\/wp-content\/uploads\/2019\/12\/IMG_7830-768x1024.jpg\" alt=\"\" data-id=\"3240\" data-full-url=\"littorelles.org\/wp-content\/uploads\/2019\/12\/IMG_7830-rotated.jpg\" data-link=\"littorelles.org\/?attachment_id=3240\" class=\"wp-image-3240\"\/><\/a><\/figure><\/li><li class=\"blocks-gallery-item\"><figure><a href=\"littorelles.org\/wp-content\/uploads\/2019\/12\/IMG_7854-rotated.jpg\"><img decoding=\"async\" src=\"littorelles.org\/wp-content\/uploads\/2019\/12\/IMG_7854-768x1024.jpg\" alt=\"\" data-id=\"3241\" data-full-url=\"littorelles.org\/wp-content\/uploads\/2019\/12\/IMG_7854-rotated.jpg\" data-link=\"littorelles.org\/?attachment_id=3241\" class=\"wp-image-3241\"\/><\/a><\/figure><\/li><li class=\"blocks-gallery-item\"><figure><a href=\"littorelles.org\/wp-content\/uploads\/2019\/12\/IMG_7855-rotated.jpg\"><img decoding=\"async\" src=\"littorelles.org\/wp-content\/uploads\/2019\/12\/IMG_7855-768x1024.jpg\" alt=\"\" data-id=\"3242\" data-full-url=\"littorelles.org\/wp-content\/uploads\/2019\/12\/IMG_7855-rotated.jpg\" data-link=\"littorelles.org\/?attachment_id=3242\" class=\"wp-image-3242\"\/><\/a><\/figure><\/li><li class=\"blocks-gallery-item\"><figure><a href=\"littorelles.org\/wp-content\/uploads\/2019\/12\/IMG_7877-1.jpg\"><img decoding=\"async\" src=\"littorelles.org\/wp-content\/uploads\/2019\/12\/IMG_7877-1-1024x768.jpg\" alt=\"\" data-id=\"3243\" data-full-url=\"littorelles.org\/wp-content\/uploads\/2019\/12\/IMG_7877-1.jpg\" data-link=\"littorelles.org\/?attachment_id=3243\" class=\"wp-image-3243\"\/><\/a><\/figure><\/li><li class=\"blocks-gallery-item\"><figure><a href=\"littorelles.org\/wp-content\/uploads\/2019\/12\/IMG_7880.jpg\"><img decoding=\"async\" src=\"littorelles.org\/wp-content\/uploads\/2019\/12\/IMG_7880-1024x768.jpg\" alt=\"\" data-id=\"3244\" data-full-url=\"littorelles.org\/wp-content\/uploads\/2019\/12\/IMG_7880.jpg\" data-link=\"littorelles.org\/?attachment_id=3244\" class=\"wp-image-3244\"\/><\/a><\/figure><\/li><li class=\"blocks-gallery-item\"><figure><a href=\"littorelles.org\/wp-content\/uploads\/2019\/12\/IMG_7888.jpg\"><img decoding=\"async\" src=\"littorelles.org\/wp-content\/uploads\/2019\/12\/IMG_7888-1024x768.jpg\" alt=\"\" data-id=\"3245\" data-full-url=\"littorelles.org\/wp-content\/uploads\/2019\/12\/IMG_7888.jpg\" data-link=\"littorelles.org\/?attachment_id=3245\" class=\"wp-image-3245\"\/><\/a><\/figure><\/li><li class=\"blocks-gallery-item\"><figure><a href=\"littorelles.org\/wp-content\/uploads\/2019\/12\/IMG_7895.jpg\"><img decoding=\"async\" src=\"littorelles.org\/wp-content\/uploads\/2019\/12\/IMG_7895-1024x768.jpg\" alt=\"\" data-id=\"3246\" data-full-url=\"littorelles.org\/wp-content\/uploads\/2019\/12\/IMG_7895.jpg\" data-link=\"littorelles.org\/?attachment_id=3246\" class=\"wp-image-3246\"\/><\/a><\/figure><\/li><li class=\"blocks-gallery-item\"><figure><a href=\"littorelles.org\/wp-content\/uploads\/2019\/12\/IMG_7897.jpg\"><img decoding=\"async\" src=\"littorelles.org\/wp-content\/uploads\/2019\/12\/IMG_7897-1024x768.jpg\" alt=\"\" data-id=\"3247\" data-full-url=\"littorelles.org\/wp-content\/uploads\/2019\/12\/IMG_7897.jpg\" data-link=\"littorelles.org\/?attachment_id=3247\" class=\"wp-image-3247\"\/><\/a><\/figure><\/li><li class=\"blocks-gallery-item\"><figure><a href=\"littorelles.org\/wp-content\/uploads\/2019\/12\/IMG_7899.jpg\"><img decoding=\"async\" src=\"littorelles.org\/wp-content\/uploads\/2019\/12\/IMG_7899-1024x768.jpg\" alt=\"\" data-id=\"3248\" data-full-url=\"littorelles.org\/wp-content\/uploads\/2019\/12\/IMG_7899.jpg\" data-link=\"littorelles.org\/?attachment_id=3248\" class=\"wp-image-3248\"\/><\/a><\/figure><\/li><li class=\"blocks-gallery-item\"><figure><a href=\"littorelles.org\/wp-content\/uploads\/2019\/12\/IMG_7908.jpg\"><img decoding=\"async\" src=\"littorelles.org\/wp-content\/uploads\/2019\/12\/IMG_7908-1024x768.jpg\" alt=\"\" data-id=\"3249\" data-full-url=\"littorelles.org\/wp-content\/uploads\/2019\/12\/IMG_7908.jpg\" data-link=\"littorelles.org\/?attachment_id=3249\" class=\"wp-image-3249\"\/><\/a><\/figure><\/li><li class=\"blocks-gallery-item\"><figure><a href=\"littorelles.org\/wp-content\/uploads\/2019\/12\/IMG_7911.jpg\"><img decoding=\"async\" src=\"littorelles.org\/wp-content\/uploads\/2019\/12\/IMG_7911-1024x768.jpg\" alt=\"\" data-id=\"3250\" data-full-url=\"littorelles.org\/wp-content\/uploads\/2019\/12\/IMG_7911.jpg\" data-link=\"littorelles.org\/?attachment_id=3250\" class=\"wp-image-3250\"\/><\/a><\/figure><\/li><li class=\"blocks-gallery-item\"><figure><a href=\"littorelles.org\/wp-content\/uploads\/2019\/12\/IMG_7913.jpg\"><img decoding=\"async\" src=\"littorelles.org\/wp-content\/uploads\/2019\/12\/IMG_7913-1024x768.jpg\" alt=\"\" data-id=\"3251\" data-full-url=\"littorelles.org\/wp-content\/uploads\/2019\/12\/IMG_7913.jpg\" data-link=\"littorelles.org\/?attachment_id=3251\" class=\"wp-image-3251\"\/><\/a><\/figure><\/li><\/ul><\/figure>\n","protected":false},"excerpt":{"rendered":"<p>Pour se faire une id\u00e9e personnelle de l&rsquo;Iran, Chantal a invit\u00e9 Zahra Hashemi, docteur en arch\u00e9ologie, pour nous parler de son pays.&nbsp; L\u2019Iran est un pays de paradoxes avec 4 climats diff\u00e9rents dans un m\u00eame pays : d\u00e9sert au centre, montagnes \u00e0 l&rsquo;Ouest, for\u00eats au nord et r\u00e9gion tropicale au sud avec la mer d&rsquo;Oman &hellip; <a href=\"https:\/\/www.littorelles.org\/?page_id=3224\" class=\"more-link\">Continuer la lecture de <span class=\"screen-reader-text\">Invitation au voyage en Iran<\/span> <span class=\"meta-nav\">&rarr;<\/span><\/a><\/p>\n","protected":false},"author":1,"featured_media":0,"parent":2887,"menu_order":0,"comment_status":"closed","ping_status":"closed","template":"","meta":{"ngg_post_thumbnail":0,"footnotes":""},"class_list":["post-3224","page","type-page","status-publish","hentry"],"_links":{"self":[{"href":"https:\/\/www.littorelles.org\/index.php?rest_route=\/wp\/v2\/pages\/3224","targetHints":{"allow":["GET"]}}],"collection":[{"href":"https:\/\/www.littorelles.org\/index.php?rest_route=\/wp\/v2\/pages"}],"about":[{"href":"https:\/\/www.littorelles.org\/index.php?rest_route=\/wp\/v2\/types\/page"}],"author":[{"embeddable":true,"href":"https:\/\/www.littorelles.org\/index.php?rest_route=\/wp\/v2\/users\/1"}],"replies":[{"embeddable":true,"href":"https:\/\/www.littorelles.org\/index.php?rest_route=%2Fwp%2Fv2%2Fcomments&post=3224"}],"version-history":[{"count":0,"href":"https:\/\/www.littorelles.org\/index.php?rest_route=\/wp\/v2\/pages\/3224\/revisions"}],"up":[{"embeddable":true,"href":"https:\/\/www.littorelles.org\/index.php?rest_route=\/wp\/v2\/pages\/2887"}],"wp:attachment":[{"href":"https:\/\/www.littorelles.org\/index.php?rest_route=%2Fwp%2Fv2%2Fmedia&parent=3224"}],"curies":[{"name":"wp","href":"https:\/\/api.w.org\/{rel}","templated":true}]}}