{"id":3214,"date":"2019-12-07T01:42:15","date_gmt":"2019-12-07T00:42:15","guid":{"rendered":"http:\/\/littorelles.org\/?page_id=3214"},"modified":"2019-12-07T01:42:15","modified_gmt":"2019-12-07T00:42:15","slug":"leonard-de-vinci-un-inconnu-celebre","status":"publish","type":"page","link":"https:\/\/www.littorelles.org\/?page_id=3214","title":{"rendered":"L\u00e9onard de Vinci, un inconnu c\u00e9l\u00e8bre"},"content":{"rendered":"\n<p>\n\nJean Claude Bonnier a captiv\u00e9 son&nbsp; auditoire comme \u00e0 chaque fois et nous a racont\u00e9 l&rsquo;histoire m\u00e9connue de L\u00e9onard de Vinci<\/p>\n\n\n\n<p>Enfant ill\u00e9gitime,&nbsp; L\u00e9onardo est devenu peintre car beaucoup de professions lui \u00e9taient refus\u00e9es de part sa naissanceIl est n\u00e9 \u00e0 Vinci en Toscane en 1452 et il est mort en 1519 \u00e0 Amboise en France au Clos Luc\u00e9<\/p>\n\n\n\n<p>L\u00e9onard de Vinci \u00e9tait un original, homme d\u2019esprit universel,&nbsp; v\u00eatu \u00e0 la derni\u00e8re mode, souvent de couleur rose, v\u00e9g\u00e9tarien et tr\u00e8s sociableIl aimait peindre les sentiments et refl\u00e9ter la personnalit\u00e9 des sujets, ainsi que la perspective<br>Entour\u00e9 le plus souvent de jeunes hommes, il a cependant r\u00e9alis\u00e9 les plus beaux tableaux de femmes<br>Il fut peintre mais pas que&#8230; En&nbsp; 1482, a exemple,&nbsp; il fut musicien \u00e0 Milan (et a m\u00eame cr\u00e9\u00e9 une lyre)<br>Apr\u00e8s \u00eatre pass\u00e9 par Venise, Milan, Florence au gr\u00e9 des probl\u00e8mes politiques, en 1516 il part pour le Val de Loire \u00e0 la demande de Fran\u00e7ois 1erL\u00e9onardo a des protecteurs<br>C&rsquo;est un peintre c\u00e9l\u00e8bre avec la Joconde,&nbsp; cependant il n&rsquo;a pas r\u00e9alis\u00e9 \u00e9norm\u00e9ment de tableaux (Dame \u00e0 l&rsquo;Hermine- Salvator Mundi &#8211; la belle Ferronni\u00e8re)<br>Son \u0153uvre comporte aussi des carnets repr\u00e9sentant des ailes volantes, des machines fantastiques, des roues, des leviers, de la m\u00e9decine, les proportions du corps et des constructions ( dessin de l&rsquo;homme de Vitruve)<br>Pour lui le dessin \u00e9tait un mode de raisonnement, une mani\u00e8re de trouver des r\u00e9ponses<br>En son temps, il aimait organiser des f\u00eates spectaculaires et cr\u00e9er des costumes pour la cour de&nbsp; Louis XII et Fran\u00e7ois&nbsp; 1er<br>Il fut aussi cr\u00e9ateur de parfums, po\u00e8te,philosophe, \u00e9crivain, architecte, anatomiste&#8230;&nbsp;<\/p>\n\n\n\n<p>L\u00e9onard de Vinci a ouvert la voie aux inventeurs<br><strong><em>Dernier d\u00e9tail : sachez que,\u00a0 chaque jour, 70 000 personnes du monde entier\u00a0 se pressent\u00a0 devant\u00a0 la Joconde\u00a0 au Louvre !<\/em><\/strong><\/p>\n\n\n\n<figure class=\"wp-block-gallery columns-3 is-cropped wp-block-gallery-1 is-layout-flex wp-block-gallery-is-layout-flex\"><ul class=\"blocks-gallery-grid\"><li class=\"blocks-gallery-item\"><figure><a href=\"littorelles.org\/wp-content\/uploads\/2019\/12\/IMG_7676-rotated.jpg\"><img decoding=\"async\" src=\"littorelles.org\/wp-content\/uploads\/2019\/12\/IMG_7676-768x1024.jpg\" alt=\"\" data-id=\"3215\" data-full-url=\"littorelles.org\/wp-content\/uploads\/2019\/12\/IMG_7676-rotated.jpg\" data-link=\"littorelles.org\/?attachment_id=3215\" class=\"wp-image-3215\"\/><\/a><\/figure><\/li><li class=\"blocks-gallery-item\"><figure><a href=\"littorelles.org\/wp-content\/uploads\/2019\/12\/leonar.jpg\"><img decoding=\"async\" src=\"littorelles.org\/wp-content\/uploads\/2019\/12\/leonar-763x1024.jpg\" alt=\"\" data-id=\"3216\" data-full-url=\"littorelles.org\/wp-content\/uploads\/2019\/12\/leonar.jpg\" data-link=\"littorelles.org\/?attachment_id=3216\" class=\"wp-image-3216\"\/><\/a><\/figure><\/li><li class=\"blocks-gallery-item\"><figure><a href=\"littorelles.org\/wp-content\/uploads\/2019\/12\/Leonard-Ferroni\u00e8re.jpg\"><img decoding=\"async\" src=\"littorelles.org\/wp-content\/uploads\/2019\/12\/Leonard-Ferroni\u00e8re.jpg\" alt=\"\" data-id=\"3217\" data-full-url=\"littorelles.org\/wp-content\/uploads\/2019\/12\/Leonard-Ferroni\u00e8re.jpg\" data-link=\"littorelles.org\/?attachment_id=3217\" class=\"wp-image-3217\"\/><\/a><\/figure><\/li><li class=\"blocks-gallery-item\"><figure><a href=\"littorelles.org\/wp-content\/uploads\/2019\/12\/leonard-Joconde.jpg\"><img decoding=\"async\" src=\"littorelles.org\/wp-content\/uploads\/2019\/12\/leonard-Joconde.jpg\" alt=\"\" data-id=\"3218\" data-full-url=\"littorelles.org\/wp-content\/uploads\/2019\/12\/leonard-Joconde.jpg\" data-link=\"littorelles.org\/?attachment_id=3218\" class=\"wp-image-3218\"\/><\/a><\/figure><\/li><li class=\"blocks-gallery-item\"><figure><a href=\"littorelles.org\/wp-content\/uploads\/2019\/12\/leonard.jpg\"><img decoding=\"async\" src=\"littorelles.org\/wp-content\/uploads\/2019\/12\/leonard.jpg\" alt=\"\" data-id=\"3219\" data-full-url=\"littorelles.org\/wp-content\/uploads\/2019\/12\/leonard.jpg\" data-link=\"littorelles.org\/?attachment_id=3219\" class=\"wp-image-3219\"\/><\/a><\/figure><\/li><li class=\"blocks-gallery-item\"><figure><a href=\"littorelles.org\/wp-content\/uploads\/2019\/12\/leonardo-salvator-mundi.jpg\"><img decoding=\"async\" src=\"littorelles.org\/wp-content\/uploads\/2019\/12\/leonardo-salvator-mundi-696x1024.jpg\" alt=\"\" data-id=\"3220\" data-full-url=\"littorelles.org\/wp-content\/uploads\/2019\/12\/leonardo-salvator-mundi.jpg\" data-link=\"littorelles.org\/?attachment_id=3220\" class=\"wp-image-3220\"\/><\/a><\/figure><\/li><li class=\"blocks-gallery-item\"><figure><a href=\"littorelles.org\/wp-content\/uploads\/2019\/12\/leonardocarnet.jpg\"><img decoding=\"async\" src=\"littorelles.org\/wp-content\/uploads\/2019\/12\/leonardocarnet.jpg\" alt=\"\" data-id=\"3221\" data-full-url=\"littorelles.org\/wp-content\/uploads\/2019\/12\/leonardocarnet.jpg\" data-link=\"littorelles.org\/?attachment_id=3221\" class=\"wp-image-3221\"\/><\/a><\/figure><\/li><li class=\"blocks-gallery-item\"><figure><a href=\"littorelles.org\/wp-content\/uploads\/2019\/12\/leonardo-da-vinci-homme-de-vitruve.jpg\"><img decoding=\"async\" src=\"littorelles.org\/wp-content\/uploads\/2019\/12\/leonardo-da-vinci-homme-de-vitruve.jpg\" alt=\"\" data-id=\"3222\" data-full-url=\"littorelles.org\/wp-content\/uploads\/2019\/12\/leonardo-da-vinci-homme-de-vitruve.jpg\" data-link=\"littorelles.org\/?attachment_id=3222\" class=\"wp-image-3222\"\/><\/a><\/figure><\/li><\/ul><\/figure>\n","protected":false},"excerpt":{"rendered":"<p>Jean Claude Bonnier a captiv\u00e9 son&nbsp; auditoire comme \u00e0 chaque fois et nous a racont\u00e9 l&rsquo;histoire m\u00e9connue de L\u00e9onard de Vinci Enfant ill\u00e9gitime,&nbsp; L\u00e9onardo est devenu peintre car beaucoup de professions lui \u00e9taient refus\u00e9es de part sa naissanceIl est n\u00e9 \u00e0 Vinci en Toscane en 1452 et il est mort en 1519 \u00e0 Amboise en &hellip; <a href=\"https:\/\/www.littorelles.org\/?page_id=3214\" class=\"more-link\">Continuer la lecture de <span class=\"screen-reader-text\">L\u00e9onard de Vinci, un inconnu c\u00e9l\u00e8bre<\/span> <span class=\"meta-nav\">&rarr;<\/span><\/a><\/p>\n","protected":false},"author":1,"featured_media":0,"parent":2887,"menu_order":0,"comment_status":"closed","ping_status":"closed","template":"","meta":{"ngg_post_thumbnail":0,"footnotes":""},"class_list":["post-3214","page","type-page","status-publish","hentry"],"_links":{"self":[{"href":"https:\/\/www.littorelles.org\/index.php?rest_route=\/wp\/v2\/pages\/3214","targetHints":{"allow":["GET"]}}],"collection":[{"href":"https:\/\/www.littorelles.org\/index.php?rest_route=\/wp\/v2\/pages"}],"about":[{"href":"https:\/\/www.littorelles.org\/index.php?rest_route=\/wp\/v2\/types\/page"}],"author":[{"embeddable":true,"href":"https:\/\/www.littorelles.org\/index.php?rest_route=\/wp\/v2\/users\/1"}],"replies":[{"embeddable":true,"href":"https:\/\/www.littorelles.org\/index.php?rest_route=%2Fwp%2Fv2%2Fcomments&post=3214"}],"version-history":[{"count":0,"href":"https:\/\/www.littorelles.org\/index.php?rest_route=\/wp\/v2\/pages\/3214\/revisions"}],"up":[{"embeddable":true,"href":"https:\/\/www.littorelles.org\/index.php?rest_route=\/wp\/v2\/pages\/2887"}],"wp:attachment":[{"href":"https:\/\/www.littorelles.org\/index.php?rest_route=%2Fwp%2Fv2%2Fmedia&parent=3214"}],"curies":[{"name":"wp","href":"https:\/\/api.w.org\/{rel}","templated":true}]}}