{"id":3202,"date":"2019-12-07T01:38:56","date_gmt":"2019-12-07T00:38:56","guid":{"rendered":"http:\/\/littorelles.org\/?page_id=3202"},"modified":"2019-12-07T01:38:56","modified_gmt":"2019-12-07T00:38:56","slug":"l-energetique-et-ses-soins-approche-moderne-dun-art-ancestral","status":"publish","type":"page","link":"https:\/\/www.littorelles.org\/?page_id=3202","title":{"rendered":"L&rsquo; \u00c9nerg\u00e9tique et ses soins, Approche moderne d&rsquo;un art ancestral"},"content":{"rendered":"\n<p>\n\nEsther et Maryline nous ont expliqu\u00e9 le magn\u00e9tisme, le pouvoir des pierres, les oligo-\u00e9l\u00e9ments, le Reiki<br>L&rsquo;important est de d\u00e9couvrir le potentiel que nous avons en nous et que nous n&rsquo;utilisons pas &#8211; ce n&rsquo;est pas m\u00e9dical.Il faut travailler les \u00e9nergies,&nbsp; conna\u00eetre ses 7 chakras et veiller \u00e0 ce qu&rsquo;ils soient \u00e9quilibres<br>Nos chakras ont un impact direct sur notre sant\u00e9, nos \u00e9motions et notre r\u00e9alit\u00e9 physique et vice versa. De nombreuses personnes et gu\u00e9risseurs qui l\u2019ont reconnu utilisent ces connaissances pour mieux comprendre la sant\u00e9 de notre corps et de notre esprit.<\/p>\n\n\n\n<p>Tout le monde est d&rsquo;accord pour affirmer que la m\u00e9decine alternative cr\u00e9e un effet plac\u00e9bo.En effet,&nbsp; on s&rsquo;abandonne lors d&rsquo;un s\u00e9ance de Reiki ; c&rsquo;est un exercice dans nos vies pour bouleverser nos habitudes .Tous ces soins ne sont pas palpables mais font souvent le plus grand bien<\/p>\n\n\n\n<p>Pour aider \u00e0 aller mieux il y a les pierres, les ondes vibratoires, les min\u00e9raux et les oligo-\u00e9l\u00e9ments<br>Deux exercices int\u00e9ressants ont \u00e9t\u00e9 r\u00e9alis\u00e9s :&nbsp; un premier&nbsp; avec des pendules pour connaitre notre subconscient&nbsp; et un autre avec des Pierres pour r\u00e9veiller nos \u00e9nergies (ou calmer nos tensions).<br>Ce fut une soir\u00e9e tr\u00e8s particuli\u00e8re qui a beaucoup plu aux participantes que nous avons termin\u00e9 la soir\u00e9e avec&nbsp; un ap\u00e9ritif d\u00eenatoire afin d&rsquo;\u00e9changer nos avis&#8230; <\/p>\n\n\n\n<figure class=\"wp-block-gallery columns-5 is-cropped wp-block-gallery-1 is-layout-flex wp-block-gallery-is-layout-flex\"><ul class=\"blocks-gallery-grid\"><li class=\"blocks-gallery-item\"><figure><a href=\"littorelles.org\/wp-content\/uploads\/2019\/12\/IMG_7619-rotated.jpg\"><img decoding=\"async\" src=\"littorelles.org\/wp-content\/uploads\/2019\/12\/IMG_7619-768x1024.jpg\" alt=\"\" data-id=\"3204\" data-full-url=\"littorelles.org\/wp-content\/uploads\/2019\/12\/IMG_7619-rotated.jpg\" data-link=\"littorelles.org\/?attachment_id=3204\" class=\"wp-image-3204\"\/><\/a><\/figure><\/li><li class=\"blocks-gallery-item\"><figure><a href=\"littorelles.org\/wp-content\/uploads\/2019\/12\/IMG_7620.jpg\"><img decoding=\"async\" src=\"littorelles.org\/wp-content\/uploads\/2019\/12\/IMG_7620-1024x768.jpg\" alt=\"\" data-id=\"3205\" data-full-url=\"littorelles.org\/wp-content\/uploads\/2019\/12\/IMG_7620.jpg\" data-link=\"littorelles.org\/?attachment_id=3205\" class=\"wp-image-3205\"\/><\/a><\/figure><\/li><li class=\"blocks-gallery-item\"><figure><a href=\"littorelles.org\/wp-content\/uploads\/2019\/12\/IMG_7636-rotated.jpg\"><img decoding=\"async\" src=\"littorelles.org\/wp-content\/uploads\/2019\/12\/IMG_7636-768x1024.jpg\" alt=\"\" data-id=\"3206\" data-full-url=\"littorelles.org\/wp-content\/uploads\/2019\/12\/IMG_7636-rotated.jpg\" data-link=\"littorelles.org\/?attachment_id=3206\" class=\"wp-image-3206\"\/><\/a><\/figure><\/li><li class=\"blocks-gallery-item\"><figure><a href=\"littorelles.org\/wp-content\/uploads\/2019\/12\/IMG_7639.jpg\"><img decoding=\"async\" src=\"littorelles.org\/wp-content\/uploads\/2019\/12\/IMG_7639-1024x768.jpg\" alt=\"\" data-id=\"3207\" data-full-url=\"littorelles.org\/wp-content\/uploads\/2019\/12\/IMG_7639.jpg\" data-link=\"littorelles.org\/?attachment_id=3207\" class=\"wp-image-3207\"\/><\/a><\/figure><\/li><li class=\"blocks-gallery-item\"><figure><a href=\"littorelles.org\/wp-content\/uploads\/2019\/12\/IMG_7640.jpg\"><img decoding=\"async\" src=\"littorelles.org\/wp-content\/uploads\/2019\/12\/IMG_7640-1024x768.jpg\" alt=\"\" data-id=\"3208\" data-full-url=\"littorelles.org\/wp-content\/uploads\/2019\/12\/IMG_7640.jpg\" data-link=\"littorelles.org\/?attachment_id=3208\" class=\"wp-image-3208\"\/><\/a><\/figure><\/li><li class=\"blocks-gallery-item\"><figure><a href=\"littorelles.org\/wp-content\/uploads\/2019\/12\/IMG_7641.jpg\"><img decoding=\"async\" src=\"littorelles.org\/wp-content\/uploads\/2019\/12\/IMG_7641-1024x768.jpg\" alt=\"\" data-id=\"3209\" data-full-url=\"littorelles.org\/wp-content\/uploads\/2019\/12\/IMG_7641.jpg\" data-link=\"littorelles.org\/?attachment_id=3209\" class=\"wp-image-3209\"\/><\/a><\/figure><\/li><li class=\"blocks-gallery-item\"><figure><a href=\"littorelles.org\/wp-content\/uploads\/2019\/12\/chakras.jpg\"><img decoding=\"async\" src=\"littorelles.org\/wp-content\/uploads\/2019\/12\/chakras.jpg\" alt=\"\" data-id=\"3203\" data-full-url=\"littorelles.org\/wp-content\/uploads\/2019\/12\/chakras.jpg\" data-link=\"littorelles.org\/?attachment_id=3203\" class=\"wp-image-3203\"\/><\/a><\/figure><\/li><li class=\"blocks-gallery-item\"><figure><a href=\"littorelles.org\/wp-content\/uploads\/2019\/12\/magnetisme.jpg\"><img decoding=\"async\" src=\"littorelles.org\/wp-content\/uploads\/2019\/12\/magnetisme.jpg\" alt=\"\" data-id=\"3210\" data-full-url=\"littorelles.org\/wp-content\/uploads\/2019\/12\/magnetisme.jpg\" data-link=\"littorelles.org\/?attachment_id=3210\" class=\"wp-image-3210\"\/><\/a><\/figure><\/li><li class=\"blocks-gallery-item\"><figure><a href=\"littorelles.org\/wp-content\/uploads\/2019\/12\/oligoelements.jpg\"><img decoding=\"async\" src=\"littorelles.org\/wp-content\/uploads\/2019\/12\/oligoelements.jpg\" alt=\"\" data-id=\"3211\" data-full-url=\"littorelles.org\/wp-content\/uploads\/2019\/12\/oligoelements.jpg\" data-link=\"littorelles.org\/?attachment_id=3211\" class=\"wp-image-3211\"\/><\/a><\/figure><\/li><li class=\"blocks-gallery-item\"><figure><a href=\"littorelles.org\/wp-content\/uploads\/2019\/12\/ondes-vibratoires.jpg\"><img decoding=\"async\" src=\"littorelles.org\/wp-content\/uploads\/2019\/12\/ondes-vibratoires.jpg\" alt=\"\" data-id=\"3212\" data-full-url=\"littorelles.org\/wp-content\/uploads\/2019\/12\/ondes-vibratoires.jpg\" data-link=\"littorelles.org\/?attachment_id=3212\" class=\"wp-image-3212\"\/><\/a><\/figure><\/li><\/ul><\/figure>\n","protected":false},"excerpt":{"rendered":"<p>Esther et Maryline nous ont expliqu\u00e9 le magn\u00e9tisme, le pouvoir des pierres, les oligo-\u00e9l\u00e9ments, le ReikiL&rsquo;important est de d\u00e9couvrir le potentiel que nous avons en nous et que nous n&rsquo;utilisons pas &#8211; ce n&rsquo;est pas m\u00e9dical.Il faut travailler les \u00e9nergies,&nbsp; conna\u00eetre ses 7 chakras et veiller \u00e0 ce qu&rsquo;ils soient \u00e9quilibresNos chakras ont un impact &hellip; <a href=\"https:\/\/www.littorelles.org\/?page_id=3202\" class=\"more-link\">Continuer la lecture de <span class=\"screen-reader-text\">L&rsquo; \u00c9nerg\u00e9tique et ses soins, Approche moderne d&rsquo;un art ancestral<\/span> <span class=\"meta-nav\">&rarr;<\/span><\/a><\/p>\n","protected":false},"author":1,"featured_media":0,"parent":2887,"menu_order":0,"comment_status":"closed","ping_status":"closed","template":"","meta":{"ngg_post_thumbnail":0,"footnotes":""},"class_list":["post-3202","page","type-page","status-publish","hentry"],"_links":{"self":[{"href":"https:\/\/www.littorelles.org\/index.php?rest_route=\/wp\/v2\/pages\/3202","targetHints":{"allow":["GET"]}}],"collection":[{"href":"https:\/\/www.littorelles.org\/index.php?rest_route=\/wp\/v2\/pages"}],"about":[{"href":"https:\/\/www.littorelles.org\/index.php?rest_route=\/wp\/v2\/types\/page"}],"author":[{"embeddable":true,"href":"https:\/\/www.littorelles.org\/index.php?rest_route=\/wp\/v2\/users\/1"}],"replies":[{"embeddable":true,"href":"https:\/\/www.littorelles.org\/index.php?rest_route=%2Fwp%2Fv2%2Fcomments&post=3202"}],"version-history":[{"count":0,"href":"https:\/\/www.littorelles.org\/index.php?rest_route=\/wp\/v2\/pages\/3202\/revisions"}],"up":[{"embeddable":true,"href":"https:\/\/www.littorelles.org\/index.php?rest_route=\/wp\/v2\/pages\/2887"}],"wp:attachment":[{"href":"https:\/\/www.littorelles.org\/index.php?rest_route=%2Fwp%2Fv2%2Fmedia&parent=3202"}],"curies":[{"name":"wp","href":"https:\/\/api.w.org\/{rel}","templated":true}]}}