{"id":3065,"date":"2019-09-18T00:43:40","date_gmt":"2019-09-17T23:43:40","guid":{"rendered":"http:\/\/littorelles.org\/?page_id=3065"},"modified":"2019-09-18T00:43:40","modified_gmt":"2019-09-17T23:43:40","slug":"arras-ville-intellectuelle-et-imperiale","status":"publish","type":"page","link":"https:\/\/www.littorelles.org\/?page_id=3065","title":{"rendered":"ARRAS ville intellectuelle et imp\u00e9riale"},"content":{"rendered":"\n<p> Au mus\u00e9e des Beaux Arts D&rsquo;Arras, 160 \u0153uvres du ch\u00e2teau de Versailles command\u00e9es par Napol\u00e9on \u00e9taient expos\u00e9es.<br>Cette exposition \u00ab\u00a0NAPOLEON\u00a0\u00bb \u00e9voquait le proche entourage de Napol\u00e9on, la soci\u00e9t\u00e9 parisienne et internationale de l&rsquo;\u00e9poque. Elle montrait aussi comment tr\u00e8s t\u00f4t, Napol\u00e9on a souhait\u00e9 \u00e9crire lui m\u00eame l&rsquo;histoire\u00a0 et montrer sa l\u00e9gende pour la post\u00e9rit\u00e9 en commandant de nombreux tableaux<br>Nous avons eu un guide passionnant car les tableaux \u00e9taient acad\u00e9miques et nous aurions eu du mal a appr\u00e9cier sans toutes les explications ! <\/p>\n\n\n\n<ul class=\"wp-block-gallery columns-3 is-cropped wp-block-gallery-1 is-layout-flex wp-block-gallery-is-layout-flex\"><li class=\"blocks-gallery-item\"><figure><a href=\"littorelles.org\/wp-content\/uploads\/2019\/09\/Arras-1.jpg\"><img decoding=\"async\" src=\"littorelles.org\/wp-content\/uploads\/2019\/09\/Arras-1.jpg\" alt=\"\" data-id=\"3067\" data-link=\"littorelles.org\/?attachment_id=3067\" class=\"wp-image-3067\"\/><\/a><\/figure><\/li><li class=\"blocks-gallery-item\"><figure><a href=\"littorelles.org\/wp-content\/uploads\/2019\/09\/Arras-2.jpg\"><img decoding=\"async\" src=\"littorelles.org\/wp-content\/uploads\/2019\/09\/Arras-2.jpg\" alt=\"\" data-id=\"3068\" data-link=\"littorelles.org\/?attachment_id=3068\" class=\"wp-image-3068\"\/><\/a><\/figure><\/li><li class=\"blocks-gallery-item\"><figure><a href=\"littorelles.org\/wp-content\/uploads\/2019\/09\/Arras-3.jpg\"><img decoding=\"async\" src=\"littorelles.org\/wp-content\/uploads\/2019\/09\/Arras-3.jpg\" alt=\"\" data-id=\"3069\" data-link=\"littorelles.org\/?attachment_id=3069\" class=\"wp-image-3069\"\/><\/a><\/figure><\/li><li class=\"blocks-gallery-item\"><figure><a href=\"littorelles.org\/wp-content\/uploads\/2019\/09\/Arras-4.jpg\"><img decoding=\"async\" src=\"littorelles.org\/wp-content\/uploads\/2019\/09\/Arras-4.jpg\" alt=\"\" data-id=\"3070\" data-link=\"littorelles.org\/?attachment_id=3070\" class=\"wp-image-3070\"\/><\/a><\/figure><\/li><li class=\"blocks-gallery-item\"><figure><a href=\"littorelles.org\/wp-content\/uploads\/2019\/09\/Arras-5.jpg\"><img decoding=\"async\" src=\"littorelles.org\/wp-content\/uploads\/2019\/09\/Arras-5.jpg\" alt=\"\" data-id=\"3071\" data-link=\"littorelles.org\/?attachment_id=3071\" class=\"wp-image-3071\"\/><\/a><\/figure><\/li><li class=\"blocks-gallery-item\"><figure><a href=\"littorelles.org\/wp-content\/uploads\/2019\/09\/Arras-6.jpg\"><img decoding=\"async\" src=\"littorelles.org\/wp-content\/uploads\/2019\/09\/Arras-6.jpg\" alt=\"\" data-id=\"3072\" data-link=\"littorelles.org\/?attachment_id=3072\" class=\"wp-image-3072\"\/><\/a><\/figure><\/li><li class=\"blocks-gallery-item\"><figure><a href=\"littorelles.org\/wp-content\/uploads\/2019\/09\/Arras-7.jpg\"><img decoding=\"async\" src=\"littorelles.org\/wp-content\/uploads\/2019\/09\/Arras-7.jpg\" alt=\"\" data-id=\"3073\" data-link=\"littorelles.org\/?attachment_id=3073\" class=\"wp-image-3073\"\/><\/a><\/figure><\/li><li class=\"blocks-gallery-item\"><figure><a href=\"littorelles.org\/wp-content\/uploads\/2019\/09\/Arras-8.jpg\"><img decoding=\"async\" src=\"littorelles.org\/wp-content\/uploads\/2019\/09\/Arras-8.jpg\" alt=\"\" data-id=\"3074\" data-link=\"littorelles.org\/?attachment_id=3074\" class=\"wp-image-3074\"\/><\/a><\/figure><\/li><li class=\"blocks-gallery-item\"><figure><a href=\"littorelles.org\/wp-content\/uploads\/2019\/09\/Arras-9.jpg\"><img decoding=\"async\" src=\"littorelles.org\/wp-content\/uploads\/2019\/09\/Arras-9.jpg\" alt=\"\" data-id=\"3075\" data-link=\"littorelles.org\/?attachment_id=3075\" class=\"wp-image-3075\"\/><\/a><\/figure><\/li><li class=\"blocks-gallery-item\"><figure><a href=\"littorelles.org\/wp-content\/uploads\/2019\/09\/Arras-10.jpg\"><img decoding=\"async\" src=\"littorelles.org\/wp-content\/uploads\/2019\/09\/Arras-10.jpg\" alt=\"\" data-id=\"3076\" data-link=\"littorelles.org\/?attachment_id=3076\" class=\"wp-image-3076\"\/><\/a><\/figure><\/li><li class=\"blocks-gallery-item\"><figure><a href=\"littorelles.org\/wp-content\/uploads\/2019\/09\/Arras-11.jpg\"><img decoding=\"async\" src=\"littorelles.org\/wp-content\/uploads\/2019\/09\/Arras-11.jpg\" alt=\"\" data-id=\"3077\" data-link=\"littorelles.org\/?attachment_id=3077\" class=\"wp-image-3077\"\/><\/a><\/figure><\/li><\/ul>\n","protected":false},"excerpt":{"rendered":"<p>Au mus\u00e9e des Beaux Arts D&rsquo;Arras, 160 \u0153uvres du ch\u00e2teau de Versailles command\u00e9es par Napol\u00e9on \u00e9taient expos\u00e9es.Cette exposition \u00ab\u00a0NAPOLEON\u00a0\u00bb \u00e9voquait le proche entourage de Napol\u00e9on, la soci\u00e9t\u00e9 parisienne et internationale de l&rsquo;\u00e9poque. Elle montrait aussi comment tr\u00e8s t\u00f4t, Napol\u00e9on a souhait\u00e9 \u00e9crire lui m\u00eame l&rsquo;histoire\u00a0 et montrer sa l\u00e9gende pour la post\u00e9rit\u00e9 en commandant de &hellip; <a href=\"https:\/\/www.littorelles.org\/?page_id=3065\" class=\"more-link\">Continuer la lecture de <span class=\"screen-reader-text\">ARRAS ville intellectuelle et imp\u00e9riale<\/span> <span class=\"meta-nav\">&rarr;<\/span><\/a><\/p>\n","protected":false},"author":1,"featured_media":0,"parent":2887,"menu_order":12,"comment_status":"closed","ping_status":"closed","template":"","meta":{"ngg_post_thumbnail":0,"footnotes":""},"class_list":["post-3065","page","type-page","status-publish","hentry"],"_links":{"self":[{"href":"https:\/\/www.littorelles.org\/index.php?rest_route=\/wp\/v2\/pages\/3065","targetHints":{"allow":["GET"]}}],"collection":[{"href":"https:\/\/www.littorelles.org\/index.php?rest_route=\/wp\/v2\/pages"}],"about":[{"href":"https:\/\/www.littorelles.org\/index.php?rest_route=\/wp\/v2\/types\/page"}],"author":[{"embeddable":true,"href":"https:\/\/www.littorelles.org\/index.php?rest_route=\/wp\/v2\/users\/1"}],"replies":[{"embeddable":true,"href":"https:\/\/www.littorelles.org\/index.php?rest_route=%2Fwp%2Fv2%2Fcomments&post=3065"}],"version-history":[{"count":0,"href":"https:\/\/www.littorelles.org\/index.php?rest_route=\/wp\/v2\/pages\/3065\/revisions"}],"up":[{"embeddable":true,"href":"https:\/\/www.littorelles.org\/index.php?rest_route=\/wp\/v2\/pages\/2887"}],"wp:attachment":[{"href":"https:\/\/www.littorelles.org\/index.php?rest_route=%2Fwp%2Fv2%2Fmedia&parent=3065"}],"curies":[{"name":"wp","href":"https:\/\/api.w.org\/{rel}","templated":true}]}}