{"id":3050,"date":"2019-09-18T00:41:23","date_gmt":"2019-09-17T23:41:23","guid":{"rendered":"http:\/\/littorelles.org\/?page_id=3050"},"modified":"2019-09-18T00:41:23","modified_gmt":"2019-09-17T23:41:23","slug":"imprimerie-nationale-du-livre-et-de-lestampe","status":"publish","type":"page","link":"https:\/\/www.littorelles.org\/?page_id=3050","title":{"rendered":"Imprimerie Nationale du Livre et de l&rsquo;Estampe"},"content":{"rendered":"\n<p> Cr\u00e9e en 1640, cet atelier est rest\u00e9 dans la tradition avec une collection de 500 000 poin\u00e7ons unique au monde et class\u00e9e au titre de Monuments historiques.<\/p>\n\n\n\n<ul class=\"wp-block-gallery columns-2 is-cropped wp-block-gallery-1 is-layout-flex wp-block-gallery-is-layout-flex\"><li class=\"blocks-gallery-item\"><figure><a href=\"littorelles.org\/wp-content\/uploads\/2019\/09\/Imprimerie-2.jpg\"><img decoding=\"async\" src=\"littorelles.org\/wp-content\/uploads\/2019\/09\/Imprimerie-2.jpg\" alt=\"\" data-id=\"3051\" data-link=\"littorelles.org\/?attachment_id=3051\" class=\"wp-image-3051\"\/><\/a><\/figure><\/li><li class=\"blocks-gallery-item\"><figure><a href=\"littorelles.org\/wp-content\/uploads\/2019\/09\/Imprimerie-6.jpg\"><img decoding=\"async\" src=\"littorelles.org\/wp-content\/uploads\/2019\/09\/Imprimerie-6.jpg\" alt=\"\" data-id=\"3052\" data-link=\"littorelles.org\/?attachment_id=3052\" class=\"wp-image-3052\"\/><\/a><\/figure><\/li><\/ul>\n\n\n\n<p><br>Tout est artisanal\u00a0 : on y produit des livres de cr\u00e9ation, des estampes, des produits de luxe, des caract\u00e8res identitaires exclusifs&#8230;.Cette imprimerie Nationale est consid\u00e9r\u00e9e comme le plus ancien atelier d&rsquo;imprimerie au monde encore en activit\u00e9, c&rsquo;est un savoir faire d&rsquo;excellence, mais c&rsquo;est aussi une entreprise moderne tourn\u00e9e vers l&rsquo;avenir et qui se renouv\u00e8le<br>Nous \u00e9tions guid\u00e9es par le directeur de l&rsquo;entreprise et nous avons pu discuter avec les employ\u00e9s sur leur savoir faire&#8230;.. une d\u00e9couverte pour nous toutes ! <\/p>\n\n\n\n<ul class=\"wp-block-gallery columns-3 is-cropped wp-block-gallery-2 is-layout-flex wp-block-gallery-is-layout-flex\"><li class=\"blocks-gallery-item\"><figure><a href=\"littorelles.org\/wp-content\/uploads\/2019\/09\/Imprimerie-3.jpg\"><img decoding=\"async\" src=\"littorelles.org\/wp-content\/uploads\/2019\/09\/Imprimerie-3.jpg\" alt=\"\" data-id=\"3054\" data-link=\"littorelles.org\/?attachment_id=3054\" class=\"wp-image-3054\"\/><\/a><\/figure><\/li><li class=\"blocks-gallery-item\"><figure><a href=\"littorelles.org\/wp-content\/uploads\/2019\/09\/Imprimerie-1.jpg\"><img decoding=\"async\" src=\"littorelles.org\/wp-content\/uploads\/2019\/09\/Imprimerie-1.jpg\" alt=\"\" data-id=\"3053\" data-link=\"littorelles.org\/?attachment_id=3053\" class=\"wp-image-3053\"\/><\/a><\/figure><\/li><li class=\"blocks-gallery-item\"><figure><a href=\"littorelles.org\/wp-content\/uploads\/2019\/09\/Imprimerie-4.jpg\"><img decoding=\"async\" src=\"littorelles.org\/wp-content\/uploads\/2019\/09\/Imprimerie-4.jpg\" alt=\"\" data-id=\"3055\" data-link=\"littorelles.org\/?attachment_id=3055\" class=\"wp-image-3055\"\/><\/a><\/figure><\/li><li class=\"blocks-gallery-item\"><figure><a href=\"littorelles.org\/wp-content\/uploads\/2019\/09\/Imprimerie-5.jpg\"><img decoding=\"async\" src=\"littorelles.org\/wp-content\/uploads\/2019\/09\/Imprimerie-5.jpg\" alt=\"\" data-id=\"3056\" data-link=\"littorelles.org\/?attachment_id=3056\" class=\"wp-image-3056\"\/><\/a><\/figure><\/li><li class=\"blocks-gallery-item\"><figure><a href=\"littorelles.org\/wp-content\/uploads\/2019\/09\/Imprimerie-7.jpg\"><img decoding=\"async\" src=\"littorelles.org\/wp-content\/uploads\/2019\/09\/Imprimerie-7.jpg\" alt=\"\" data-id=\"3058\" data-link=\"littorelles.org\/?attachment_id=3058\" class=\"wp-image-3058\"\/><\/a><\/figure><\/li><li class=\"blocks-gallery-item\"><figure><a href=\"littorelles.org\/wp-content\/uploads\/2019\/09\/Imprimerie-8.jpg\"><img decoding=\"async\" src=\"littorelles.org\/wp-content\/uploads\/2019\/09\/Imprimerie-8.jpg\" alt=\"\" data-id=\"3059\" data-link=\"littorelles.org\/?attachment_id=3059\" class=\"wp-image-3059\"\/><\/a><\/figure><\/li><li class=\"blocks-gallery-item\"><figure><a href=\"littorelles.org\/wp-content\/uploads\/2019\/09\/Imprimerie-11.jpg\"><img decoding=\"async\" src=\"littorelles.org\/wp-content\/uploads\/2019\/09\/Imprimerie-11.jpg\" alt=\"\" data-id=\"3062\" data-link=\"littorelles.org\/?attachment_id=3062\" class=\"wp-image-3062\"\/><\/a><\/figure><\/li><li class=\"blocks-gallery-item\"><figure><a href=\"littorelles.org\/wp-content\/uploads\/2019\/09\/Imprimerie-9.jpg\"><img decoding=\"async\" src=\"littorelles.org\/wp-content\/uploads\/2019\/09\/Imprimerie-9.jpg\" alt=\"\" data-id=\"3060\" data-link=\"littorelles.org\/?attachment_id=3060\" class=\"wp-image-3060\"\/><\/a><\/figure><\/li><li class=\"blocks-gallery-item\"><figure><a href=\"littorelles.org\/wp-content\/uploads\/2019\/09\/Imprimerie-10.jpg\"><img decoding=\"async\" src=\"littorelles.org\/wp-content\/uploads\/2019\/09\/Imprimerie-10.jpg\" alt=\"\" data-id=\"3061\" data-link=\"littorelles.org\/?attachment_id=3061\" class=\"wp-image-3061\"\/><\/a><\/figure><\/li><\/ul>\n","protected":false},"excerpt":{"rendered":"<p>Cr\u00e9e en 1640, cet atelier est rest\u00e9 dans la tradition avec une collection de 500 000 poin\u00e7ons unique au monde et class\u00e9e au titre de Monuments historiques. Tout est artisanal\u00a0 : on y produit des livres de cr\u00e9ation, des estampes, des produits de luxe, des caract\u00e8res identitaires exclusifs&#8230;.Cette imprimerie Nationale est consid\u00e9r\u00e9e comme le plus &hellip; <a href=\"https:\/\/www.littorelles.org\/?page_id=3050\" class=\"more-link\">Continuer la lecture de <span class=\"screen-reader-text\">Imprimerie Nationale du Livre et de l&rsquo;Estampe<\/span> <span class=\"meta-nav\">&rarr;<\/span><\/a><\/p>\n","protected":false},"author":1,"featured_media":0,"parent":2887,"menu_order":11,"comment_status":"closed","ping_status":"closed","template":"","meta":{"ngg_post_thumbnail":0,"footnotes":""},"class_list":["post-3050","page","type-page","status-publish","hentry"],"_links":{"self":[{"href":"https:\/\/www.littorelles.org\/index.php?rest_route=\/wp\/v2\/pages\/3050","targetHints":{"allow":["GET"]}}],"collection":[{"href":"https:\/\/www.littorelles.org\/index.php?rest_route=\/wp\/v2\/pages"}],"about":[{"href":"https:\/\/www.littorelles.org\/index.php?rest_route=\/wp\/v2\/types\/page"}],"author":[{"embeddable":true,"href":"https:\/\/www.littorelles.org\/index.php?rest_route=\/wp\/v2\/users\/1"}],"replies":[{"embeddable":true,"href":"https:\/\/www.littorelles.org\/index.php?rest_route=%2Fwp%2Fv2%2Fcomments&post=3050"}],"version-history":[{"count":0,"href":"https:\/\/www.littorelles.org\/index.php?rest_route=\/wp\/v2\/pages\/3050\/revisions"}],"up":[{"embeddable":true,"href":"https:\/\/www.littorelles.org\/index.php?rest_route=\/wp\/v2\/pages\/2887"}],"wp:attachment":[{"href":"https:\/\/www.littorelles.org\/index.php?rest_route=%2Fwp%2Fv2%2Fmedia&parent=3050"}],"curies":[{"name":"wp","href":"https:\/\/api.w.org\/{rel}","templated":true}]}}