{"id":3045,"date":"2019-09-18T00:37:24","date_gmt":"2019-09-17T23:37:24","guid":{"rendered":"http:\/\/littorelles.org\/?page_id=3045"},"modified":"2019-09-18T00:37:24","modified_gmt":"2019-09-17T23:37:24","slug":"memoire-de-cuisine","status":"publish","type":"page","link":"https:\/\/www.littorelles.org\/?page_id=3045","title":{"rendered":"M\u00e9moire de cuisine"},"content":{"rendered":"\n<p> Depuis les ann\u00e9es 50, l&rsquo;univers de la cuisine a \u00e9t\u00e9 profond\u00e9ment boulevers\u00e9.Du contenu de nos assiettes aux paysages de nos villages en passant par les arts m\u00e9nagers&#8230; Quelle \u00e9volution !<\/p>\n\n\n\n<figure class=\"wp-block-image\"><img decoding=\"async\" src=\"littorelles.org\/wp-content\/uploads\/2019\/09\/memoire-Christian-d-1024x576.jpg\" alt=\"\" class=\"wp-image-3046\"\/><\/figure>\n\n\n\n<p><br>Christian DEFEBVRE nous a rem\u00e9mor\u00e9 de nombreux souvenirs sur la consommation depuis 70 ans :\u00a0 ce que mangeaient nos parents et ce que mangeront nos petits enfants&#8230; avec beaucoup d\u2019anecdotes et de souvenirs oubli\u00e9s&#8230;.C&rsquo;\u00e9tait passionnant pour chacune d&rsquo;entre nous de retrouver la m\u00e9moire et de comprendre combien et pourquoi notre alimentation a \u00e9volu\u00e9 <\/p>\n\n\n\n<figure class=\"wp-block-image\"><img decoding=\"async\" src=\"littorelles.org\/wp-content\/uploads\/2019\/09\/memoire-1024x578.jpg\" alt=\"\" class=\"wp-image-3047\"\/><\/figure>\n\n\n\n<div class=\"wp-block-image\"><figure class=\"aligncenter\"><img decoding=\"async\" src=\"littorelles.org\/wp-content\/uploads\/2019\/09\/memoire-2.jpg\" alt=\"\" class=\"wp-image-3048\"\/><\/figure><\/div>\n","protected":false},"excerpt":{"rendered":"<p>Depuis les ann\u00e9es 50, l&rsquo;univers de la cuisine a \u00e9t\u00e9 profond\u00e9ment boulevers\u00e9.Du contenu de nos assiettes aux paysages de nos villages en passant par les arts m\u00e9nagers&#8230; Quelle \u00e9volution ! Christian DEFEBVRE nous a rem\u00e9mor\u00e9 de nombreux souvenirs sur la consommation depuis 70 ans :\u00a0 ce que mangeaient nos parents et ce que mangeront nos &hellip; <a href=\"https:\/\/www.littorelles.org\/?page_id=3045\" class=\"more-link\">Continuer la lecture de <span class=\"screen-reader-text\">M\u00e9moire de cuisine<\/span> <span class=\"meta-nav\">&rarr;<\/span><\/a><\/p>\n","protected":false},"author":1,"featured_media":0,"parent":2887,"menu_order":10,"comment_status":"closed","ping_status":"closed","template":"","meta":{"ngg_post_thumbnail":0,"footnotes":""},"class_list":["post-3045","page","type-page","status-publish","hentry"],"_links":{"self":[{"href":"https:\/\/www.littorelles.org\/index.php?rest_route=\/wp\/v2\/pages\/3045","targetHints":{"allow":["GET"]}}],"collection":[{"href":"https:\/\/www.littorelles.org\/index.php?rest_route=\/wp\/v2\/pages"}],"about":[{"href":"https:\/\/www.littorelles.org\/index.php?rest_route=\/wp\/v2\/types\/page"}],"author":[{"embeddable":true,"href":"https:\/\/www.littorelles.org\/index.php?rest_route=\/wp\/v2\/users\/1"}],"replies":[{"embeddable":true,"href":"https:\/\/www.littorelles.org\/index.php?rest_route=%2Fwp%2Fv2%2Fcomments&post=3045"}],"version-history":[{"count":0,"href":"https:\/\/www.littorelles.org\/index.php?rest_route=\/wp\/v2\/pages\/3045\/revisions"}],"up":[{"embeddable":true,"href":"https:\/\/www.littorelles.org\/index.php?rest_route=\/wp\/v2\/pages\/2887"}],"wp:attachment":[{"href":"https:\/\/www.littorelles.org\/index.php?rest_route=%2Fwp%2Fv2%2Fmedia&parent=3045"}],"curies":[{"name":"wp","href":"https:\/\/api.w.org\/{rel}","templated":true}]}}