{"id":302,"date":"2014-01-19T23:41:00","date_gmt":"2014-01-19T22:41:00","guid":{"rendered":"http:\/\/littorelles.org\/?page_id=302"},"modified":"2014-01-19T23:41:00","modified_gmt":"2014-01-19T22:41:00","slug":"agatha-ruiz-de-la-prada-un-coup-de-coeur-lille-xxl","status":"publish","type":"page","link":"https:\/\/www.littorelles.org\/?page_id=302","title":{"rendered":"Agatha Ruiz de la Prada : un coup de coeur \u2013 Lille XXL"},"content":{"rendered":"<p><img decoding=\"async\" class=\"ngg_displayed_gallery mceItem\" alt=\"\" src=\"littorelles.org\/index.php\/nextgen-attach_to_post\/preview\/id--884\" \/><\/p>\n<p>Une d\u00e9couverte passionnante, un vrai coup de coeur pour cette styliste espagnole. Ses robes \u00a0\u00e9tonnantes et audacieuses sont pr\u00e9sent\u00e9es dans les galeries d&rsquo;art contemporains \u00e0 Madrid et Barcelone. Lib\u00e9r\u00e9e des diktats de la mode, Agatha Ruiz de la Prada se r\u00e9v\u00e8le une cr\u00e9atrice \u00e9lectrique, color\u00e9e, tendre, loufoque mais attentive et engag\u00e9e dans son \u00e9poque.<\/p>\n<p><img decoding=\"async\" class=\"ngg_displayed_gallery mceItem\" alt=\"\" src=\"littorelles.org\/index.php\/nextgen-attach_to_post\/preview\/id--886\" \/><\/p>\n<p>A la Galerie Saint Sauveur d\u00e9sormais un lieu branch\u00e9 de Lille, nous visitons un appartement de l&rsquo;Allemagne de l&rsquo;Est.<\/p>\n<p><img decoding=\"async\" class=\"ngg_displayed_gallery mceItem\" alt=\"\" src=\"littorelles.org\/index.php\/nextgen-attach_to_post\/preview\/id--890\" \/><\/p>\n<p>Un voyage intitiatique dans les sillons de l&rsquo;Europe au TRI POSTAL, d&rsquo;Etat en Etat, de capitale en capitale, sans arr\u00eat, \u00e0 travers des fronti\u00e8res souterraines, mentales et souvent inattendues. En fait le reflet du bouillonnement politique d&rsquo;hier et d&rsquo;aujourd&rsquo;hui.<\/p>\n","protected":false},"excerpt":{"rendered":"<p>Une d\u00e9couverte passionnante, un vrai coup de coeur pour cette styliste espagnole. Ses robes \u00a0\u00e9tonnantes et audacieuses sont pr\u00e9sent\u00e9es dans les galeries d&rsquo;art contemporains \u00e0 Madrid et Barcelone. Lib\u00e9r\u00e9e des diktats de la mode, Agatha Ruiz de la Prada se r\u00e9v\u00e8le une cr\u00e9atrice \u00e9lectrique, color\u00e9e, tendre, loufoque mais attentive et engag\u00e9e dans son \u00e9poque. A &hellip; <a href=\"https:\/\/www.littorelles.org\/?page_id=302\" class=\"more-link\">Continuer la lecture de <span class=\"screen-reader-text\">Agatha Ruiz de la Prada : un coup de coeur \u2013 Lille XXL<\/span> <span class=\"meta-nav\">&rarr;<\/span><\/a><\/p>\n","protected":false},"author":1,"featured_media":0,"parent":300,"menu_order":0,"comment_status":"closed","ping_status":"open","template":"","meta":{"ngg_post_thumbnail":0,"footnotes":""},"class_list":["post-302","page","type-page","status-publish","hentry"],"_links":{"self":[{"href":"https:\/\/www.littorelles.org\/index.php?rest_route=\/wp\/v2\/pages\/302","targetHints":{"allow":["GET"]}}],"collection":[{"href":"https:\/\/www.littorelles.org\/index.php?rest_route=\/wp\/v2\/pages"}],"about":[{"href":"https:\/\/www.littorelles.org\/index.php?rest_route=\/wp\/v2\/types\/page"}],"author":[{"embeddable":true,"href":"https:\/\/www.littorelles.org\/index.php?rest_route=\/wp\/v2\/users\/1"}],"replies":[{"embeddable":true,"href":"https:\/\/www.littorelles.org\/index.php?rest_route=%2Fwp%2Fv2%2Fcomments&post=302"}],"version-history":[{"count":0,"href":"https:\/\/www.littorelles.org\/index.php?rest_route=\/wp\/v2\/pages\/302\/revisions"}],"up":[{"embeddable":true,"href":"https:\/\/www.littorelles.org\/index.php?rest_route=\/wp\/v2\/pages\/300"}],"wp:attachment":[{"href":"https:\/\/www.littorelles.org\/index.php?rest_route=%2Fwp%2Fv2%2Fmedia&parent=302"}],"curies":[{"name":"wp","href":"https:\/\/api.w.org\/{rel}","templated":true}]}}