{"id":3016,"date":"2019-09-18T00:25:08","date_gmt":"2019-09-17T23:25:08","guid":{"rendered":"http:\/\/littorelles.org\/?page_id=3016"},"modified":"2019-09-18T00:25:08","modified_gmt":"2019-09-17T23:25:08","slug":"la-chapelle-musicale-de-waterloo","status":"publish","type":"page","link":"https:\/\/www.littorelles.org\/?page_id=3016","title":{"rendered":"La Chapelle Musicale de Waterloo"},"content":{"rendered":"\n<p> Chantal voulait nous faire comprendre ce qu&rsquo;\u00e9tait l&rsquo;excellence en Musique.<br>Nous nous sommes donc rendues \u00e0 Waterloo \u00e0 la chapelle Musicale \u00c9lisabeth \u00e0 Waterloo, une exp\u00e9rience unique !Ce b\u00e2timent a \u00e9t\u00e9 construit sur la demande le la reine \u00c9lisabeth et bien sur toujours r\u00e9nov\u00e9 et agrandi\u00a0<br>Ce centre de formation de musiciens du monde entier, choisis sur concours,\u00a0 assure une formation sous forme de compagnonnageNous avons commenc\u00e9 par visiter les locaux et\u00a0 la vie de la Chapelle nous a \u00e9t\u00e9 expliqu\u00e9e ainsi que ce qu&rsquo;il faut faire pour devenir un grand soliste<br>Nous avons eu le privil\u00e8ge d&rsquo;assister \u00e0 une master class avec Augustin Dumay grand violoniste.Ce fut un r\u00e9gal pour toutes d&rsquo;\u00e9couter une premi\u00e8re fois l&rsquo;\u00e9l\u00e8ve et ensuite de r\u00e9\u00e9couter les morceaux corriges par le maitre <\/p>\n\n\n\n<ul class=\"wp-block-gallery columns-3 is-cropped wp-block-gallery-1 is-layout-flex wp-block-gallery-is-layout-flex\"><li class=\"blocks-gallery-item\"><figure><a href=\"littorelles.org\/wp-content\/uploads\/2019\/09\/Chapelle_musicale_Waterloo-1.jpg\"><img decoding=\"async\" src=\"littorelles.org\/wp-content\/uploads\/2019\/09\/Chapelle_musicale_Waterloo-1.jpg\" alt=\"\" data-id=\"3018\" data-link=\"littorelles.org\/?attachment_id=3018\" class=\"wp-image-3018\"\/><\/a><\/figure><\/li><li class=\"blocks-gallery-item\"><figure><a href=\"littorelles.org\/wp-content\/uploads\/2019\/09\/Chapelle_musicale_Waterloo-2.jpg\"><img decoding=\"async\" src=\"littorelles.org\/wp-content\/uploads\/2019\/09\/Chapelle_musicale_Waterloo-2.jpg\" alt=\"\" data-id=\"3019\" data-link=\"littorelles.org\/?attachment_id=3019\" class=\"wp-image-3019\"\/><\/a><\/figure><\/li><li class=\"blocks-gallery-item\"><figure><a href=\"littorelles.org\/wp-content\/uploads\/2019\/09\/Chapelle_musicale_Waterloo-3.jpg\"><img decoding=\"async\" src=\"littorelles.org\/wp-content\/uploads\/2019\/09\/Chapelle_musicale_Waterloo-3.jpg\" alt=\"\" data-id=\"3020\" data-link=\"littorelles.org\/?attachment_id=3020\" class=\"wp-image-3020\"\/><\/a><\/figure><\/li><li class=\"blocks-gallery-item\"><figure><a href=\"littorelles.org\/wp-content\/uploads\/2019\/09\/Chapelle_musicale_Waterloo-4.jpg\"><img decoding=\"async\" src=\"littorelles.org\/wp-content\/uploads\/2019\/09\/Chapelle_musicale_Waterloo-4.jpg\" alt=\"\" data-id=\"3021\" data-link=\"littorelles.org\/?attachment_id=3021\" class=\"wp-image-3021\"\/><\/a><\/figure><\/li><li class=\"blocks-gallery-item\"><figure><a href=\"littorelles.org\/wp-content\/uploads\/2019\/09\/Chapelle_musicale_Waterloo-5.jpg\"><img decoding=\"async\" src=\"littorelles.org\/wp-content\/uploads\/2019\/09\/Chapelle_musicale_Waterloo-5.jpg\" alt=\"\" data-id=\"3022\" data-link=\"littorelles.org\/?attachment_id=3022\" class=\"wp-image-3022\"\/><\/a><\/figure><\/li><li class=\"blocks-gallery-item\"><figure><a href=\"littorelles.org\/wp-content\/uploads\/2019\/09\/Chapelle_musicale_Waterloo-6.jpg\"><img decoding=\"async\" src=\"littorelles.org\/wp-content\/uploads\/2019\/09\/Chapelle_musicale_Waterloo-6.jpg\" alt=\"\" data-id=\"3023\" data-link=\"littorelles.org\/?attachment_id=3023\" class=\"wp-image-3023\"\/><\/a><\/figure><\/li><li class=\"blocks-gallery-item\"><figure><a href=\"littorelles.org\/wp-content\/uploads\/2019\/09\/Chapelle_musicale_Waterloo-7.jpg\"><img decoding=\"async\" src=\"littorelles.org\/wp-content\/uploads\/2019\/09\/Chapelle_musicale_Waterloo-7.jpg\" alt=\"\" data-id=\"3024\" data-link=\"littorelles.org\/?attachment_id=3024\" class=\"wp-image-3024\"\/><\/a><\/figure><\/li><li class=\"blocks-gallery-item\"><figure><a href=\"littorelles.org\/wp-content\/uploads\/2019\/09\/Chapelle_musicale_Waterloo-8.jpg\"><img decoding=\"async\" src=\"littorelles.org\/wp-content\/uploads\/2019\/09\/Chapelle_musicale_Waterloo-8.jpg\" alt=\"\" data-id=\"3025\" data-link=\"littorelles.org\/?attachment_id=3025\" class=\"wp-image-3025\"\/><\/a><\/figure><\/li><li class=\"blocks-gallery-item\"><figure><a href=\"littorelles.org\/wp-content\/uploads\/2019\/09\/Chapelle_musicale_Waterloo-9.jpg\"><img decoding=\"async\" src=\"littorelles.org\/wp-content\/uploads\/2019\/09\/Chapelle_musicale_Waterloo-9.jpg\" alt=\"\" data-id=\"3026\" data-link=\"littorelles.org\/?attachment_id=3026\" class=\"wp-image-3026\"\/><\/a><\/figure><\/li><li class=\"blocks-gallery-item\"><figure><a href=\"littorelles.org\/wp-content\/uploads\/2019\/09\/Chapelle_musicale_Waterloo-10.jpg\"><img decoding=\"async\" src=\"littorelles.org\/wp-content\/uploads\/2019\/09\/Chapelle_musicale_Waterloo-10.jpg\" alt=\"\" data-id=\"3027\" data-link=\"littorelles.org\/?attachment_id=3027\" class=\"wp-image-3027\"\/><\/a><\/figure><\/li><li class=\"blocks-gallery-item\"><figure><a href=\"littorelles.org\/wp-content\/uploads\/2019\/09\/Chapelle_musicale_Waterloo-11.jpg\"><img decoding=\"async\" src=\"littorelles.org\/wp-content\/uploads\/2019\/09\/Chapelle_musicale_Waterloo-11.jpg\" alt=\"\" data-id=\"3028\" data-link=\"littorelles.org\/?attachment_id=3028\" class=\"wp-image-3028\"\/><\/a><\/figure><\/li><\/ul>\n","protected":false},"excerpt":{"rendered":"<p>Chantal voulait nous faire comprendre ce qu&rsquo;\u00e9tait l&rsquo;excellence en Musique.Nous nous sommes donc rendues \u00e0 Waterloo \u00e0 la chapelle Musicale \u00c9lisabeth \u00e0 Waterloo, une exp\u00e9rience unique !Ce b\u00e2timent a \u00e9t\u00e9 construit sur la demande le la reine \u00c9lisabeth et bien sur toujours r\u00e9nov\u00e9 et agrandi\u00a0Ce centre de formation de musiciens du monde entier, choisis sur &hellip; <a href=\"https:\/\/www.littorelles.org\/?page_id=3016\" class=\"more-link\">Continuer la lecture de <span class=\"screen-reader-text\">La Chapelle Musicale de Waterloo<\/span> <span class=\"meta-nav\">&rarr;<\/span><\/a><\/p>\n","protected":false},"author":1,"featured_media":0,"parent":2887,"menu_order":8,"comment_status":"closed","ping_status":"closed","template":"","meta":{"ngg_post_thumbnail":0,"footnotes":""},"class_list":["post-3016","page","type-page","status-publish","hentry"],"_links":{"self":[{"href":"https:\/\/www.littorelles.org\/index.php?rest_route=\/wp\/v2\/pages\/3016","targetHints":{"allow":["GET"]}}],"collection":[{"href":"https:\/\/www.littorelles.org\/index.php?rest_route=\/wp\/v2\/pages"}],"about":[{"href":"https:\/\/www.littorelles.org\/index.php?rest_route=\/wp\/v2\/types\/page"}],"author":[{"embeddable":true,"href":"https:\/\/www.littorelles.org\/index.php?rest_route=\/wp\/v2\/users\/1"}],"replies":[{"embeddable":true,"href":"https:\/\/www.littorelles.org\/index.php?rest_route=%2Fwp%2Fv2%2Fcomments&post=3016"}],"version-history":[{"count":0,"href":"https:\/\/www.littorelles.org\/index.php?rest_route=\/wp\/v2\/pages\/3016\/revisions"}],"up":[{"embeddable":true,"href":"https:\/\/www.littorelles.org\/index.php?rest_route=\/wp\/v2\/pages\/2887"}],"wp:attachment":[{"href":"https:\/\/www.littorelles.org\/index.php?rest_route=%2Fwp%2Fv2%2Fmedia&parent=3016"}],"curies":[{"name":"wp","href":"https:\/\/api.w.org\/{rel}","templated":true}]}}