{"id":3000,"date":"2019-09-18T00:20:23","date_gmt":"2019-09-17T23:20:23","guid":{"rendered":"http:\/\/littorelles.org\/?page_id=3000"},"modified":"2019-09-18T00:20:23","modified_gmt":"2019-09-17T23:20:23","slug":"altug-servinc","status":"publish","type":"page","link":"https:\/\/www.littorelles.org\/?page_id=3000","title":{"rendered":"Altug Servin\u00e7"},"content":{"rendered":"\n<p>\n\n\u00ab\u00a0Symboles de f\u00e9minit\u00e9 par excellence et rehausseurs de style, reflet de la personnalit\u00e9, les bijoux que vous portez parlent de vous, laissent entrevoir votre personnalit\u00e9, affichent votre humeur. En somme vos bijoux vous r\u00e9v\u00e8lent aux autres. Indispensables \u00e0 la garde robe de toutes femmes de style, les bijoux sont la cartouche mode de vos tenues&#8230;\u00a0\u00bb J. Orcel<br>Mr Altug Sevin\u00e7, cr\u00e9ateur de bijoux \u00e0 Calais transforme r\u00e9pare et cr\u00e9e des bijoux. Il nous a parl\u00e9 des mati\u00e8res, de l&rsquo;or et de l&rsquo;argent, des pierres pr\u00e9cieuses. Il nous a \u00e9galement expliqu\u00e9 comment l&rsquo;on appr\u00e9cie les pierres pr\u00e9cieuses, comment se font les bagues<\/p>\n\n\n\n<p>Nous \u00e9tions toutes passionn\u00e9es de son intervention <\/p>\n\n\n\n<ul class=\"wp-block-gallery columns-3 is-cropped wp-block-gallery-1 is-layout-flex wp-block-gallery-is-layout-flex\"><li class=\"blocks-gallery-item\"><figure><a href=\"littorelles.org\/wp-content\/uploads\/2019\/09\/Altug-1.jpg\"><img decoding=\"async\" src=\"littorelles.org\/wp-content\/uploads\/2019\/09\/Altug-1.jpg\" alt=\"\" data-id=\"3002\" data-link=\"littorelles.org\/?attachment_id=3002\" class=\"wp-image-3002\"\/><\/a><\/figure><\/li><li class=\"blocks-gallery-item\"><figure><a href=\"littorelles.org\/wp-content\/uploads\/2019\/09\/Altug-2.jpg\"><img decoding=\"async\" src=\"littorelles.org\/wp-content\/uploads\/2019\/09\/Altug-2.jpg\" alt=\"\" data-id=\"3003\" data-link=\"littorelles.org\/?attachment_id=3003\" class=\"wp-image-3003\"\/><\/a><\/figure><\/li><li class=\"blocks-gallery-item\"><figure><a href=\"littorelles.org\/wp-content\/uploads\/2019\/09\/Altug-3.jpg\"><img decoding=\"async\" src=\"littorelles.org\/wp-content\/uploads\/2019\/09\/Altug-3.jpg\" alt=\"\" data-id=\"3004\" data-link=\"littorelles.org\/?attachment_id=3004\" class=\"wp-image-3004\"\/><\/a><\/figure><\/li><li class=\"blocks-gallery-item\"><figure><a href=\"littorelles.org\/wp-content\/uploads\/2019\/09\/Altug-4.jpg\"><img decoding=\"async\" src=\"littorelles.org\/wp-content\/uploads\/2019\/09\/Altug-4.jpg\" alt=\"\" data-id=\"3005\" data-link=\"littorelles.org\/?attachment_id=3005\" class=\"wp-image-3005\"\/><\/a><\/figure><\/li><li class=\"blocks-gallery-item\"><figure><a href=\"littorelles.org\/wp-content\/uploads\/2019\/09\/Altug-5.jpg\"><img decoding=\"async\" src=\"littorelles.org\/wp-content\/uploads\/2019\/09\/Altug-5.jpg\" alt=\"\" data-id=\"3006\" data-link=\"littorelles.org\/?attachment_id=3006\" class=\"wp-image-3006\"\/><\/a><\/figure><\/li><li class=\"blocks-gallery-item\"><figure><a href=\"littorelles.org\/wp-content\/uploads\/2019\/09\/Altug-6.jpg\"><img decoding=\"async\" src=\"littorelles.org\/wp-content\/uploads\/2019\/09\/Altug-6.jpg\" alt=\"\" data-id=\"3007\" data-link=\"littorelles.org\/?attachment_id=3007\" class=\"wp-image-3007\"\/><\/a><\/figure><\/li><li class=\"blocks-gallery-item\"><figure><a href=\"littorelles.org\/wp-content\/uploads\/2019\/09\/Altug-7.jpg\"><img decoding=\"async\" src=\"littorelles.org\/wp-content\/uploads\/2019\/09\/Altug-7.jpg\" alt=\"\" data-id=\"3008\" data-link=\"littorelles.org\/?attachment_id=3008\" class=\"wp-image-3008\"\/><\/a><\/figure><\/li><li class=\"blocks-gallery-item\"><figure><a href=\"littorelles.org\/wp-content\/uploads\/2019\/09\/Altug-8.jpg\"><img decoding=\"async\" src=\"littorelles.org\/wp-content\/uploads\/2019\/09\/Altug-8.jpg\" alt=\"\" data-id=\"3009\" data-link=\"littorelles.org\/?attachment_id=3009\" class=\"wp-image-3009\"\/><\/a><\/figure><\/li><li class=\"blocks-gallery-item\"><figure><a href=\"littorelles.org\/wp-content\/uploads\/2019\/09\/Altug-9.jpg\"><img decoding=\"async\" src=\"littorelles.org\/wp-content\/uploads\/2019\/09\/Altug-9.jpg\" alt=\"\" data-id=\"3010\" data-link=\"littorelles.org\/?attachment_id=3010\" class=\"wp-image-3010\"\/><\/a><\/figure><\/li><li class=\"blocks-gallery-item\"><figure><a href=\"littorelles.org\/wp-content\/uploads\/2019\/09\/Altug-10.jpg\"><img decoding=\"async\" src=\"littorelles.org\/wp-content\/uploads\/2019\/09\/Altug-10.jpg\" alt=\"\" data-id=\"3011\" data-link=\"littorelles.org\/?attachment_id=3011\" class=\"wp-image-3011\"\/><\/a><\/figure><\/li><li class=\"blocks-gallery-item\"><figure><a href=\"littorelles.org\/wp-content\/uploads\/2019\/09\/Altug-11.jpg\"><img decoding=\"async\" src=\"littorelles.org\/wp-content\/uploads\/2019\/09\/Altug-11.jpg\" alt=\"\" data-id=\"3012\" data-link=\"littorelles.org\/?attachment_id=3012\" class=\"wp-image-3012\"\/><\/a><\/figure><\/li><\/ul>\n","protected":false},"excerpt":{"rendered":"<p>\u00ab\u00a0Symboles de f\u00e9minit\u00e9 par excellence et rehausseurs de style, reflet de la personnalit\u00e9, les bijoux que vous portez parlent de vous, laissent entrevoir votre personnalit\u00e9, affichent votre humeur. En somme vos bijoux vous r\u00e9v\u00e8lent aux autres. Indispensables \u00e0 la garde robe de toutes femmes de style, les bijoux sont la cartouche mode de vos tenues&#8230;\u00a0\u00bb &hellip; <a href=\"https:\/\/www.littorelles.org\/?page_id=3000\" class=\"more-link\">Continuer la lecture de <span class=\"screen-reader-text\">Altug Servin\u00e7<\/span> <span class=\"meta-nav\">&rarr;<\/span><\/a><\/p>\n","protected":false},"author":1,"featured_media":0,"parent":2887,"menu_order":7,"comment_status":"closed","ping_status":"closed","template":"","meta":{"ngg_post_thumbnail":0,"footnotes":""},"class_list":["post-3000","page","type-page","status-publish","hentry"],"_links":{"self":[{"href":"https:\/\/www.littorelles.org\/index.php?rest_route=\/wp\/v2\/pages\/3000","targetHints":{"allow":["GET"]}}],"collection":[{"href":"https:\/\/www.littorelles.org\/index.php?rest_route=\/wp\/v2\/pages"}],"about":[{"href":"https:\/\/www.littorelles.org\/index.php?rest_route=\/wp\/v2\/types\/page"}],"author":[{"embeddable":true,"href":"https:\/\/www.littorelles.org\/index.php?rest_route=\/wp\/v2\/users\/1"}],"replies":[{"embeddable":true,"href":"https:\/\/www.littorelles.org\/index.php?rest_route=%2Fwp%2Fv2%2Fcomments&post=3000"}],"version-history":[{"count":0,"href":"https:\/\/www.littorelles.org\/index.php?rest_route=\/wp\/v2\/pages\/3000\/revisions"}],"up":[{"embeddable":true,"href":"https:\/\/www.littorelles.org\/index.php?rest_route=\/wp\/v2\/pages\/2887"}],"wp:attachment":[{"href":"https:\/\/www.littorelles.org\/index.php?rest_route=%2Fwp%2Fv2%2Fmedia&parent=3000"}],"curies":[{"name":"wp","href":"https:\/\/api.w.org\/{rel}","templated":true}]}}