{"id":2890,"date":"2019-09-17T22:54:31","date_gmt":"2019-09-17T21:54:31","guid":{"rendered":"http:\/\/littorelles.org\/?page_id=2890"},"modified":"2019-09-17T22:54:31","modified_gmt":"2019-09-17T21:54:31","slug":"toutankhamon-et-legypte-ancienne-conference-de-jean-claude-bonnier","status":"publish","type":"page","link":"https:\/\/www.littorelles.org\/?page_id=2890","title":{"rendered":"Toutankhamon et l\u2019\u00c9gypte ancienne, conf\u00e9rence de Jean Claude Bonnier"},"content":{"rendered":"\n<p>Toutankhamon est sans doute le&nbsp;&nbsp;plus c\u00e9l\u00e8bre pharaon \u00e9gyptien. La d\u00e9couverte en 192, des merveilleux objets que contenait sa tombe y est pour beaucoup. Ces objets, ordinairement pr\u00e9sent\u00e9s au Caire, sont actuellement en voyage autour du monde<\/p>\n\n\n\n<p><\/p>\n\n\n\n<div class=\"wp-block-image\"><figure class=\"aligncenter is-resized\"><img loading=\"lazy\" decoding=\"async\" src=\"littorelles.org\/wp-content\/uploads\/2019\/09\/JCB.jpg\" alt=\"\" class=\"wp-image-2892\" width=\"348\" height=\"458\"\/><figcaption> Jean Claude Bonnier, agr\u00e9g\u00e9 d&rsquo;histoire nous a captiv\u00e9 par cette incroyable histoire ! <\/figcaption><\/figure><\/div>\n\n\n\n<p>Il y a un paradoxe :&nbsp;&nbsp;&nbsp;Toutankhamon&nbsp;&nbsp;est le plus connu des pharaons \u00e9gyptiens \u2026 et on ne sait presque rien de lui. Et on peut donc fantasmer une hypoth\u00e9tique mal\u00e9diction du pharaon.<\/p>\n\n\n\n<p>Pour comprendre cette mal\u00e9diction,&nbsp;&nbsp;il faut s\u2019int\u00e9resser aux circonstances de la d\u00e9couverte de la tombe et en inventorier le contenu. C\u2019est ce que nous a expliqu\u00e9 notre conf\u00e9rencier Jean Claude Bonnier apr\u00e8s avoir resitu\u00e9 Le Pharaon dans son \u00e9poque<br><\/p>\n\n\n\n<p>\u00ab&nbsp;La mal\u00e9diction du pharaon, appel\u00e9e aussi mal\u00e9diction de Tout\u00e2nkhamon, est une l\u00e9gende contemporaine ayant pris naissance au d\u00e9but du XXe si\u00e8cle. On ne sait pas exactement qui en est l&rsquo;initiateur, mais les m\u00e9dias et les journaux de l&rsquo;\u00e9poque en ont relay\u00e9 la l\u00e9gende. Elle pr\u00e9tend que certains membres de l&rsquo;\u00e9quipe d&rsquo;arch\u00e9ologues ayant exhum\u00e9 la momie du pharaon Tout\u00e2nkhamon seraient morts de cause surnaturelle \u00e0 la suite d&rsquo;une mal\u00e9diction du souverain d\u00e9funt. En effet, plusieurs membres de l&rsquo;\u00e9quipe sont d\u00e9c\u00e9d\u00e9s quelques ann\u00e9es apr\u00e8s la d\u00e9couverte de la momie et notamment, Lord Carnarvon, le commanditaire des fouilles.&nbsp;\u00bb<\/p>\n\n\n\n<ul class=\"wp-block-gallery columns-3 is-cropped wp-block-gallery-1 is-layout-flex wp-block-gallery-is-layout-flex\"><li class=\"blocks-gallery-item\"><figure><a href=\"littorelles.org\/wp-content\/uploads\/2019\/09\/1tombede-t.jpg\"><img decoding=\"async\" src=\"littorelles.org\/wp-content\/uploads\/2019\/09\/1tombede-t.jpg\" alt=\"\" data-id=\"2893\" data-link=\"littorelles.org\/?attachment_id=2893\" class=\"wp-image-2893\"\/><\/a><\/figure><\/li><li class=\"blocks-gallery-item\"><figure><a href=\"littorelles.org\/wp-content\/uploads\/2019\/09\/2tombe.jpg\"><img decoding=\"async\" src=\"littorelles.org\/wp-content\/uploads\/2019\/09\/2tombe.jpg\" alt=\"\" data-id=\"2894\" data-link=\"littorelles.org\/?attachment_id=2894\" class=\"wp-image-2894\"\/><\/a><\/figure><\/li><li class=\"blocks-gallery-item\"><figure><a href=\"littorelles.org\/wp-content\/uploads\/2019\/09\/3tombecercueil.jpg\"><img decoding=\"async\" src=\"littorelles.org\/wp-content\/uploads\/2019\/09\/3tombecercueil.jpg\" alt=\"\" data-id=\"2895\" data-link=\"littorelles.org\/?attachment_id=2895\" class=\"wp-image-2895\"\/><\/a><\/figure><\/li><li class=\"blocks-gallery-item\"><figure><a href=\"littorelles.org\/wp-content\/uploads\/2019\/09\/4tombes-t.jpg\"><img decoding=\"async\" src=\"littorelles.org\/wp-content\/uploads\/2019\/09\/4tombes-t.jpg\" alt=\"\" data-id=\"2896\" data-link=\"littorelles.org\/?attachment_id=2896\" class=\"wp-image-2896\"\/><\/a><\/figure><\/li><li class=\"blocks-gallery-item\"><figure><a href=\"littorelles.org\/wp-content\/uploads\/2019\/09\/5tombett-1024x538.jpg\"><img decoding=\"async\" src=\"littorelles.org\/wp-content\/uploads\/2019\/09\/5tombett-1024x538.jpg\" alt=\"\" data-id=\"2897\" data-link=\"littorelles.org\/?attachment_id=2897\" class=\"wp-image-2897\"\/><\/a><\/figure><\/li><li class=\"blocks-gallery-item\"><figure><a href=\"littorelles.org\/wp-content\/uploads\/2019\/09\/tombe-de-toutan.jpg\"><img decoding=\"async\" src=\"littorelles.org\/wp-content\/uploads\/2019\/09\/tombe-de-toutan.jpg\" alt=\"\" data-id=\"2898\" data-link=\"littorelles.org\/?attachment_id=2898\" class=\"wp-image-2898\"\/><\/a><\/figure><\/li><li class=\"blocks-gallery-item\"><figure><a href=\"littorelles.org\/wp-content\/uploads\/2019\/09\/tombe-de-toutankamon.jpg\"><img decoding=\"async\" src=\"littorelles.org\/wp-content\/uploads\/2019\/09\/tombe-de-toutankamon.jpg\" alt=\"\" data-id=\"2899\" data-link=\"littorelles.org\/?attachment_id=2899\" class=\"wp-image-2899\"\/><\/a><\/figure><\/li><li class=\"blocks-gallery-item\"><figure><a href=\"littorelles.org\/wp-content\/uploads\/2019\/09\/tombe-tresor-1024x640.jpg\"><img decoding=\"async\" src=\"littorelles.org\/wp-content\/uploads\/2019\/09\/tombe-tresor-1024x640.jpg\" alt=\"\" data-id=\"2900\" data-link=\"littorelles.org\/?attachment_id=2900\" class=\"wp-image-2900\"\/><\/a><\/figure><\/li><li class=\"blocks-gallery-item\"><figure><a href=\"littorelles.org\/wp-content\/uploads\/2019\/09\/tombeb-1024x724.jpg\"><img decoding=\"async\" src=\"littorelles.org\/wp-content\/uploads\/2019\/09\/tombeb-1024x724.jpg\" alt=\"\" data-id=\"2901\" data-link=\"littorelles.org\/?attachment_id=2901\" class=\"wp-image-2901\"\/><\/a><\/figure><\/li><li class=\"blocks-gallery-item\"><figure><a href=\"littorelles.org\/wp-content\/uploads\/2019\/09\/tombec-754x1024.jpg\"><img decoding=\"async\" src=\"littorelles.org\/wp-content\/uploads\/2019\/09\/tombec-754x1024.jpg\" alt=\"\" data-id=\"2902\" data-link=\"littorelles.org\/?attachment_id=2902\" class=\"wp-image-2902\"\/><\/a><\/figure><\/li><\/ul>\n","protected":false},"excerpt":{"rendered":"<p>Toutankhamon est sans doute le&nbsp;&nbsp;plus c\u00e9l\u00e8bre pharaon \u00e9gyptien. La d\u00e9couverte en 192, des merveilleux objets que contenait sa tombe y est pour beaucoup. Ces objets, ordinairement pr\u00e9sent\u00e9s au Caire, sont actuellement en voyage autour du monde Il y a un paradoxe :&nbsp;&nbsp;&nbsp;Toutankhamon&nbsp;&nbsp;est le plus connu des pharaons \u00e9gyptiens \u2026 et on ne sait presque rien &hellip; <a href=\"https:\/\/www.littorelles.org\/?page_id=2890\" class=\"more-link\">Continuer la lecture de <span class=\"screen-reader-text\">Toutankhamon et l\u2019\u00c9gypte ancienne, conf\u00e9rence de Jean Claude Bonnier<\/span> <span class=\"meta-nav\">&rarr;<\/span><\/a><\/p>\n","protected":false},"author":1,"featured_media":0,"parent":2887,"menu_order":1,"comment_status":"closed","ping_status":"closed","template":"","meta":{"ngg_post_thumbnail":0,"footnotes":""},"class_list":["post-2890","page","type-page","status-publish","hentry"],"_links":{"self":[{"href":"https:\/\/www.littorelles.org\/index.php?rest_route=\/wp\/v2\/pages\/2890","targetHints":{"allow":["GET"]}}],"collection":[{"href":"https:\/\/www.littorelles.org\/index.php?rest_route=\/wp\/v2\/pages"}],"about":[{"href":"https:\/\/www.littorelles.org\/index.php?rest_route=\/wp\/v2\/types\/page"}],"author":[{"embeddable":true,"href":"https:\/\/www.littorelles.org\/index.php?rest_route=\/wp\/v2\/users\/1"}],"replies":[{"embeddable":true,"href":"https:\/\/www.littorelles.org\/index.php?rest_route=%2Fwp%2Fv2%2Fcomments&post=2890"}],"version-history":[{"count":0,"href":"https:\/\/www.littorelles.org\/index.php?rest_route=\/wp\/v2\/pages\/2890\/revisions"}],"up":[{"embeddable":true,"href":"https:\/\/www.littorelles.org\/index.php?rest_route=\/wp\/v2\/pages\/2887"}],"wp:attachment":[{"href":"https:\/\/www.littorelles.org\/index.php?rest_route=%2Fwp%2Fv2%2Fmedia&parent=2890"}],"curies":[{"name":"wp","href":"https:\/\/api.w.org\/{rel}","templated":true}]}}