{"id":2887,"date":"2019-09-17T22:42:21","date_gmt":"2019-09-17T21:42:21","guid":{"rendered":"http:\/\/littorelles.org\/?page_id=2887"},"modified":"2019-09-17T22:42:21","modified_gmt":"2019-09-17T21:42:21","slug":"2019-2","status":"publish","type":"page","link":"https:\/\/www.littorelles.org\/?page_id=2887","title":{"rendered":"2019"},"content":{"rendered":"\n<ul class=\"wp-block-list\"><li><a href=\"littorelles.org\/?page_id=3224\">Invitation au voyage en Iran<\/a><\/li><li><a href=\"littorelles.org\/?page_id=3202\">L\u2019 \u00c9nerg\u00e9tique et ses soins, Approche moderne d\u2019un art ancestral<\/a><\/li><li><a href=\"littorelles.org\/?page_id=3214\">L\u00e9onard de Vinci, un inconnu c\u00e9l\u00e8bre<\/a><\/li><li><a href=\"littorelles.org\/?page_id=3170\">Paris &nbsp;\u00bb Luxe, calme et volupt\u00e9 \u00ab&nbsp;<\/a><\/li><li><a href=\"littorelles.org\/?page_id=3184\">Un regard lucide sur l\u2019Afghanistan avec Chabname Zari\u00e2b<\/a><\/li><li><a href=\"littorelles.org\/?page_id=3125\">Les hortillonnages d\u2019Amiens<\/a><\/li><li><a href=\"littorelles.org\/?page_id=2890\">Toutankhamon et l\u2019\u00c9gypte ancienne, conf\u00e9rence de Jean Claude Bonnier<\/a><\/li><li><a href=\"littorelles.org\/?page_id=2906\">Le Street Art<\/a><\/li><li><a href=\"littorelles.org\/?page_id=2934\">Lille 3000 Eldorado<\/a><\/li><li><a href=\"littorelles.org\/?page_id=2949\">Lille Intenso Mexicano<\/a><\/li><li><a href=\"littorelles.org\/?page_id=2967\">Journ\u00e9e japonaise<\/a><\/li><li><a href=\"littorelles.org\/?page_id=2985\">Jour de f\u00eate en Flandres \u2013 Cassel<\/a><\/li><li><a href=\"littorelles.org\/?page_id=3000\">Altug Servin\u00e7<\/a><\/li><li><a href=\"littorelles.org\/?page_id=3016\">La Chapelle Musicale de Waterloo<\/a><\/li><li><a href=\"littorelles.org\/?page_id=3030\">Haute dentelle<\/a><\/li><li><a href=\"littorelles.org\/?page_id=3045\">M\u00e9moire de cuisine<\/a><\/li><li><a href=\"littorelles.org\/?page_id=3050\">Imprimerie Nationale du Livre et de l\u2019Estampe<\/a><\/li><li><a href=\"littorelles.org\/?page_id=3065\">ARRAS ville intellectuelle et imp\u00e9riale<\/a><\/li><li><a href=\"littorelles.org\/?page_id=3080\">Un No\u00ebl color\u00e9 et musical \u00e0 la Matelote<\/a><\/li><\/ul>\n\n\n\n<p><\/p>\n","protected":false},"excerpt":{"rendered":"<p>Invitation au voyage en Iran L\u2019 \u00c9nerg\u00e9tique et ses soins, Approche moderne d\u2019un art ancestral L\u00e9onard de Vinci, un inconnu c\u00e9l\u00e8bre Paris &nbsp;\u00bb Luxe, calme et volupt\u00e9 \u00ab&nbsp; Un regard lucide sur l\u2019Afghanistan avec Chabname Zari\u00e2b Les hortillonnages d\u2019Amiens Toutankhamon et l\u2019\u00c9gypte ancienne, conf\u00e9rence de Jean Claude Bonnier Le Street Art Lille 3000 Eldorado Lille &hellip; <a href=\"https:\/\/www.littorelles.org\/?page_id=2887\" class=\"more-link\">Continuer la lecture de <span class=\"screen-reader-text\">2019<\/span> <span class=\"meta-nav\">&rarr;<\/span><\/a><\/p>\n","protected":false},"author":1,"featured_media":0,"parent":0,"menu_order":4,"comment_status":"closed","ping_status":"closed","template":"","meta":{"ngg_post_thumbnail":0,"footnotes":""},"class_list":["post-2887","page","type-page","status-publish","hentry"],"_links":{"self":[{"href":"https:\/\/www.littorelles.org\/index.php?rest_route=\/wp\/v2\/pages\/2887","targetHints":{"allow":["GET"]}}],"collection":[{"href":"https:\/\/www.littorelles.org\/index.php?rest_route=\/wp\/v2\/pages"}],"about":[{"href":"https:\/\/www.littorelles.org\/index.php?rest_route=\/wp\/v2\/types\/page"}],"author":[{"embeddable":true,"href":"https:\/\/www.littorelles.org\/index.php?rest_route=\/wp\/v2\/users\/1"}],"replies":[{"embeddable":true,"href":"https:\/\/www.littorelles.org\/index.php?rest_route=%2Fwp%2Fv2%2Fcomments&post=2887"}],"version-history":[{"count":0,"href":"https:\/\/www.littorelles.org\/index.php?rest_route=\/wp\/v2\/pages\/2887\/revisions"}],"wp:attachment":[{"href":"https:\/\/www.littorelles.org\/index.php?rest_route=%2Fwp%2Fv2%2Fmedia&parent=2887"}],"curies":[{"name":"wp","href":"https:\/\/api.w.org\/{rel}","templated":true}]}}