{"id":2751,"date":"2018-08-23T01:04:36","date_gmt":"2018-08-23T00:04:36","guid":{"rendered":"http:\/\/littorelles.org\/?page_id=2751"},"modified":"2018-08-23T01:04:36","modified_gmt":"2018-08-23T00:04:36","slug":"loise-buissonniere","status":"publish","type":"page","link":"https:\/\/www.littorelles.org\/?page_id=2751","title":{"rendered":"L&rsquo;Oise Buissonni\u00e8re"},"content":{"rendered":"ngg_shortcode_0_placeholder\n<div>Le matin, visite du ch\u00e2teau de Rambures, une impressionnante forteresse du 15\u00e8me&nbsp; si\u00e8cle toute&nbsp;en rondeur, avec ses \u00e9normes tours ses m\u00e2chicoulis et son chemin de ronde. Le ch\u00e2teau fut achev\u00e9 au milieu du XV\u00e8me si\u00e8cle sur fond de guerre de 100 ans David de Rambures \u00e9tait Grand ma\u00eetre arbal\u00e9trier,&nbsp;la plus haute fonction militaire&nbsp;de l&rsquo;\u00e9poque. Le ch\u00e2teau est rest\u00e9 \u00e0 la famille des descendants de Rambures depuis cette \u00e9poque.<\/div>\n<div>&nbsp;<\/div>\n<div>Nous avons pu visiter la magnifique roseraie&nbsp;<\/div>\n<div>&nbsp;<\/div>\n<div>\nngg_shortcode_1_placeholder\n<div>GERBEROY, l&rsquo;un des plus beaux village de France<\/div>\n<div>&nbsp;<\/div>\n<div>Apr\u00e8s un d\u00e9jeuner au Jardin des Ifs, nous sommes all\u00e9es visiter le jardin du peintre Le Sidaner, avec pour guide l&rsquo;\u00e9pouse du petit fils du peintre, Madame Le Sidaner, un vrai privil\u00e8ge comme nous les aimons.<\/div>\n<div>&nbsp;<\/div>\n<div>&nbsp;Le peintre a fait l&rsquo;acquisition de cette maison en 1904 et nous avons pu retrouver&nbsp;l&rsquo; inspiration de son \u0153uvre \u00e0 travers son jardin. il aimait la nature et la vie simple.<\/div>\n<div>&nbsp;<\/div>\n<div>Nous avons pu fl\u00e2ner dans ce si joli&nbsp;village et prendre de photos.&nbsp;&nbsp;Toutes les participantes ont termin\u00e9 l&rsquo;ann\u00e9e dans la bonne humeur g\u00e9n\u00e9rale et l&rsquo;\u00e9merveillement de ce site bien pr\u00e9serv\u00e9.<\/div>\n<p>&nbsp;<\/p>\n<\/div>\n","protected":false},"excerpt":{"rendered":"<p>Le matin, visite du ch\u00e2teau de Rambures, une impressionnante forteresse du 15\u00e8me&nbsp; si\u00e8cle toute&nbsp;en rondeur, avec ses \u00e9normes tours ses m\u00e2chicoulis et son chemin de ronde. Le ch\u00e2teau fut achev\u00e9 au milieu du XV\u00e8me si\u00e8cle sur fond de guerre de 100 ans David de Rambures \u00e9tait Grand ma\u00eetre arbal\u00e9trier,&nbsp;la plus haute fonction militaire&nbsp;de l&rsquo;\u00e9poque. Le &hellip; <a href=\"https:\/\/www.littorelles.org\/?page_id=2751\" class=\"more-link\">Continuer la lecture de <span class=\"screen-reader-text\">L&rsquo;Oise Buissonni\u00e8re<\/span> <span class=\"meta-nav\">&rarr;<\/span><\/a><\/p>\n","protected":false},"author":1,"featured_media":0,"parent":2543,"menu_order":0,"comment_status":"closed","ping_status":"closed","template":"","meta":{"ngg_post_thumbnail":0,"footnotes":""},"class_list":["post-2751","page","type-page","status-publish","hentry"],"_links":{"self":[{"href":"https:\/\/www.littorelles.org\/index.php?rest_route=\/wp\/v2\/pages\/2751","targetHints":{"allow":["GET"]}}],"collection":[{"href":"https:\/\/www.littorelles.org\/index.php?rest_route=\/wp\/v2\/pages"}],"about":[{"href":"https:\/\/www.littorelles.org\/index.php?rest_route=\/wp\/v2\/types\/page"}],"author":[{"embeddable":true,"href":"https:\/\/www.littorelles.org\/index.php?rest_route=\/wp\/v2\/users\/1"}],"replies":[{"embeddable":true,"href":"https:\/\/www.littorelles.org\/index.php?rest_route=%2Fwp%2Fv2%2Fcomments&post=2751"}],"version-history":[{"count":0,"href":"https:\/\/www.littorelles.org\/index.php?rest_route=\/wp\/v2\/pages\/2751\/revisions"}],"up":[{"embeddable":true,"href":"https:\/\/www.littorelles.org\/index.php?rest_route=\/wp\/v2\/pages\/2543"}],"wp:attachment":[{"href":"https:\/\/www.littorelles.org\/index.php?rest_route=%2Fwp%2Fv2%2Fmedia&parent=2751"}],"curies":[{"name":"wp","href":"https:\/\/api.w.org\/{rel}","templated":true}]}}