{"id":2740,"date":"2018-08-23T00:56:10","date_gmt":"2018-08-22T23:56:10","guid":{"rendered":"http:\/\/littorelles.org\/?page_id=2740"},"modified":"2018-08-23T00:56:10","modified_gmt":"2018-08-22T23:56:10","slug":"lapproche-de-lart-en-maternelle","status":"publish","type":"page","link":"https:\/\/www.littorelles.org\/?page_id=2740","title":{"rendered":"L&rsquo;approche de l&rsquo;art en maternelle"},"content":{"rendered":"ngg_shortcode_0_placeholder\n<p>&nbsp;<\/p>\n<div>Martine Andr\u00e9 nous a fait une remarquable conf\u00e9rence sur son travail d&rsquo;institutrice qu&rsquo;elle affectionne et nous exprim\u00e9 ceci :<\/div>\n<div>&nbsp;<\/div>\n<div>\u00ab\u00a0S&rsquo;il est un domaine qui n&rsquo;est pas ouvert \u00e0 tous, c&rsquo;est bien l&rsquo;Art. Peu d&rsquo;enfants ont acc\u00e8s \u00e0 ses diff\u00e9rents aspects.<\/div>\n<div>&nbsp;<\/div>\n<div>C&rsquo;est pourquoi, enseignante en maternelle, je me suis efforc\u00e9e de les ouvrir \u00e0 tous.<\/div>\n<div>&nbsp;<\/div>\n<div>Il n&rsquo;est pas question d&rsquo;en faire de grands musiciens, peintres ou po\u00e8tes (mais pourquoi pas ?) simplement leur montrer que cela existe et qu&rsquo;ils prendront plaisir \u00e0 se promener dans ce monde inconnu.<\/div>\n<div>&nbsp;<\/div>\n<div>Il faut susciter l&rsquo;envie et pour cela choisir certaines m\u00e9thodes pour les captiver. C&rsquo;est ce que je me propose de vous expliquer, le plus humblement possible\u00a0\u00bb.<\/div>\n<div>&nbsp;<\/div>\n<div>&nbsp;<\/div>\n<div>Par ses exemples et ses explications nous \u00e9tions enchant\u00e9s de notre apr\u00e8s midi.<\/div>\n","protected":false},"excerpt":{"rendered":"<p>&nbsp; Martine Andr\u00e9 nous a fait une remarquable conf\u00e9rence sur son travail d&rsquo;institutrice qu&rsquo;elle affectionne et nous exprim\u00e9 ceci : &nbsp; \u00ab\u00a0S&rsquo;il est un domaine qui n&rsquo;est pas ouvert \u00e0 tous, c&rsquo;est bien l&rsquo;Art. Peu d&rsquo;enfants ont acc\u00e8s \u00e0 ses diff\u00e9rents aspects. &nbsp; C&rsquo;est pourquoi, enseignante en maternelle, je me suis efforc\u00e9e de les ouvrir &hellip; <a href=\"https:\/\/www.littorelles.org\/?page_id=2740\" class=\"more-link\">Continuer la lecture de <span class=\"screen-reader-text\">L&rsquo;approche de l&rsquo;art en maternelle<\/span> <span class=\"meta-nav\">&rarr;<\/span><\/a><\/p>\n","protected":false},"author":1,"featured_media":0,"parent":2543,"menu_order":0,"comment_status":"closed","ping_status":"closed","template":"","meta":{"ngg_post_thumbnail":0,"footnotes":""},"class_list":["post-2740","page","type-page","status-publish","hentry"],"_links":{"self":[{"href":"https:\/\/www.littorelles.org\/index.php?rest_route=\/wp\/v2\/pages\/2740","targetHints":{"allow":["GET"]}}],"collection":[{"href":"https:\/\/www.littorelles.org\/index.php?rest_route=\/wp\/v2\/pages"}],"about":[{"href":"https:\/\/www.littorelles.org\/index.php?rest_route=\/wp\/v2\/types\/page"}],"author":[{"embeddable":true,"href":"https:\/\/www.littorelles.org\/index.php?rest_route=\/wp\/v2\/users\/1"}],"replies":[{"embeddable":true,"href":"https:\/\/www.littorelles.org\/index.php?rest_route=%2Fwp%2Fv2%2Fcomments&post=2740"}],"version-history":[{"count":0,"href":"https:\/\/www.littorelles.org\/index.php?rest_route=\/wp\/v2\/pages\/2740\/revisions"}],"up":[{"embeddable":true,"href":"https:\/\/www.littorelles.org\/index.php?rest_route=\/wp\/v2\/pages\/2543"}],"wp:attachment":[{"href":"https:\/\/www.littorelles.org\/index.php?rest_route=%2Fwp%2Fv2%2Fmedia&parent=2740"}],"curies":[{"name":"wp","href":"https:\/\/api.w.org\/{rel}","templated":true}]}}