{"id":2727,"date":"2018-08-23T00:16:31","date_gmt":"2018-08-22T23:16:31","guid":{"rendered":"http:\/\/littorelles.org\/?page_id=2727"},"modified":"2018-08-23T00:16:31","modified_gmt":"2018-08-22T23:16:31","slug":"karine-baillet-sportive-de-haut-niveau","status":"publish","type":"page","link":"https:\/\/www.littorelles.org\/?page_id=2727","title":{"rendered":"Karine Baillet, sportive de Haut Niveau"},"content":{"rendered":"ngg_shortcode_0_placeholder\n<p>&nbsp;<\/p>\n<div class=\"m_-1310397041222815240gmail-font_8\">\n<p class=\"m_-1310397041222815240gmail-font_8\"><span style=\"font-size: large;\"><strong>&nbsp;\u00ab Rien n\u2019est acquis, il faut toujours donner le meilleur de soi-m\u00eame pour aller le plus loin possible !\u00a0\u00bb&nbsp; &nbsp;<\/strong>Karine Baillet<\/span><\/p>\n<p class=\"m_-1310397041222815240gmail-font_8\"><span style=\"font-size: large;\">Telle pourrait \u00eatre aussi la d\u00e9visse de Littorelles !&nbsp;<\/span><\/p>\n<p class=\"m_-1310397041222815240gmail-font_8\"><span style=\"font-size: large;\">&nbsp;<\/span><\/p>\n<p class=\"m_-1310397041222815240gmail-font_8\"><span style=\"font-size: large;\">Chantal avait invit\u00e9 Karine Baillet pour notre rentr\u00e9e LITTORELLES et cette grande sportive, &nbsp;Coach \u00e0 pr\u00e9sent, &nbsp;nous a dynamis\u00e9&nbsp;par sa joie de vivre et son courage&nbsp;lors de la pr\u00e9sentation de son livre \u00ab\u00a0Conqu\u00eate de Femme\u00a0\u00bb<\/span><\/p>\n<\/div>\n<div class=\"m_-1310397041222815240gmail-font_8\"><span style=\"font-size: large;\">&nbsp;<\/span><\/div>\n<div class=\"m_-1310397041222815240gmail-font_8\"><span style=\"font-size: large;\">Ancienne sportive de haut niveau, Karine Baillet a r\u00e9alis\u00e9 par le pass\u00e9 des exploits sportifs quasi surhumains que seule une poign\u00e9e de personnes extr\u00eamement entrain\u00e9es parviennent \u00e0 accomplir.<\/span><\/div>\n<p class=\"m_-1310397041222815240gmail-font_8\"><span class=\"m_-1310397041222815240gmail-wixGuard\"><span style=\"font-size: large;\">\u200b<\/span><\/span><\/p>\n<div class=\"m_-1310397041222815240gmail-font_8\"><span style=\"font-size: large;\">Amoureuse des Raids Sportifs depuis son adolescence, elle a parcouru des milliers de kilom\u00e8tres \u00e0 travers la plan\u00e8te, travers\u00e9 de nombreuses contr\u00e9es et particip\u00e9 \u00e0 de multiples aventures sportives et humaines (Raid Gauloises, Touquet Raid Pas de Calais, Raid R\u00e9union d\u2019Aventures, Touquet Raid Amazone\u2026)<\/span><\/div>\n<div class=\"m_-1310397041222815240gmail-font_8\"><span style=\"font-size: large;\">&nbsp;<\/span><\/div>\n<div class=\"m_-1310397041222815240gmail-font_8\"><span style=\"font-size: large;\">C\u2019est du Touquet aussi que Karine Baillet d\u00e9ploie ses innombrables activit\u00e9s. A 25 ans, elle devient organisatrice de raids aventures avec le Touquet Raid Pas de Calais qui devient la r\u00e9f\u00e9rence des raids pour tous. Dix ans plus tard, en 2010, elle lance \u00ab Le Grand Raid \u00bb pour la R\u00e9gion Nord Pas de Calais. Dans cette zone r\u00e9put\u00e9e improbable pour un raid aventure elle fait venir les meilleures \u00e9quipes de monde et d\u00e9montre que la nature y est belle.<\/span><\/div>\n<div class=\"m_-1310397041222815240gmail-font_8\"><span class=\"m_-1310397041222815240gmail-wixGuard\"><span style=\"font-size: large;\">\u200bDepuis 2008, elle met \u00e0 profit son exp\u00e9rience et cr\u00e9e son entreprise : Karine Baillet Organisation. En effet, elle sait maintenant, gr\u00e2ce au sport et \u00e0 son parcours, ce qu\u2019il faut \u00e0 une \u00e9quipe pour bien fonctionner et gagner. Au d\u00e9part, elle r\u00e9alise des conf\u00e9rences et initiations aux sports nature pour ses partenaires. Les demandes se multiplient et elle d\u00e9cide donc de cr\u00e9er KBO pour r\u00e9pondre aux besoins des entreprises de tous secteurs d\u2019activit\u00e9.<\/span><\/span><\/div>\n<div class=\"m_-1310397041222815240gmail-font_8\"><span class=\"m_-1310397041222815240gmail-wixGuard\"><span style=\"font-size: large;\">&nbsp;<\/span><\/span><\/div>\n<div class=\"m_-1310397041222815240gmail-font_8\"><span class=\"m_-1310397041222815240gmail-wixGuard\"><span style=\"font-size: large;\"><a href=\"http:\/\/www.karinebaillet.com\/\" target=\"_blank\" rel=\"noopener\" data-saferedirecturl=\"https:\/\/www.google.com\/url?q=http:\/\/www.karinebaillet.com\/&amp;source=gmail&amp;ust=1535061224043000&amp;usg=AFQjCNG_EZ4KGVB-FQk8EQFYItDbaDbbdA\">http:\/\/www.karinebaillet.com\/<\/a><\/span><\/span><\/div>\n","protected":false},"excerpt":{"rendered":"<p>&nbsp; &nbsp;\u00ab Rien n\u2019est acquis, il faut toujours donner le meilleur de soi-m\u00eame pour aller le plus loin possible !\u00a0\u00bb&nbsp; &nbsp;Karine Baillet Telle pourrait \u00eatre aussi la d\u00e9visse de Littorelles !&nbsp; &nbsp; Chantal avait invit\u00e9 Karine Baillet pour notre rentr\u00e9e LITTORELLES et cette grande sportive, &nbsp;Coach \u00e0 pr\u00e9sent, &nbsp;nous a dynamis\u00e9&nbsp;par sa joie de vivre &hellip; <a href=\"https:\/\/www.littorelles.org\/?page_id=2727\" class=\"more-link\">Continuer la lecture de <span class=\"screen-reader-text\">Karine Baillet, sportive de Haut Niveau<\/span> <span class=\"meta-nav\">&rarr;<\/span><\/a><\/p>\n","protected":false},"author":1,"featured_media":0,"parent":2543,"menu_order":0,"comment_status":"closed","ping_status":"closed","template":"","meta":{"ngg_post_thumbnail":0,"footnotes":""},"class_list":["post-2727","page","type-page","status-publish","hentry"],"_links":{"self":[{"href":"https:\/\/www.littorelles.org\/index.php?rest_route=\/wp\/v2\/pages\/2727","targetHints":{"allow":["GET"]}}],"collection":[{"href":"https:\/\/www.littorelles.org\/index.php?rest_route=\/wp\/v2\/pages"}],"about":[{"href":"https:\/\/www.littorelles.org\/index.php?rest_route=\/wp\/v2\/types\/page"}],"author":[{"embeddable":true,"href":"https:\/\/www.littorelles.org\/index.php?rest_route=\/wp\/v2\/users\/1"}],"replies":[{"embeddable":true,"href":"https:\/\/www.littorelles.org\/index.php?rest_route=%2Fwp%2Fv2%2Fcomments&post=2727"}],"version-history":[{"count":0,"href":"https:\/\/www.littorelles.org\/index.php?rest_route=\/wp\/v2\/pages\/2727\/revisions"}],"up":[{"embeddable":true,"href":"https:\/\/www.littorelles.org\/index.php?rest_route=\/wp\/v2\/pages\/2543"}],"wp:attachment":[{"href":"https:\/\/www.littorelles.org\/index.php?rest_route=%2Fwp%2Fv2%2Fmedia&parent=2727"}],"curies":[{"name":"wp","href":"https:\/\/api.w.org\/{rel}","templated":true}]}}