{"id":2689,"date":"2018-08-23T00:09:01","date_gmt":"2018-08-22T23:09:01","guid":{"rendered":"http:\/\/littorelles.org\/?page_id=2689"},"modified":"2018-08-23T00:09:01","modified_gmt":"2018-08-22T23:09:01","slug":"soiree-de-noel-2017-aux-jardins-de-la-matelote","status":"publish","type":"page","link":"https:\/\/www.littorelles.org\/?page_id=2689","title":{"rendered":"Soir\u00e9e de No\u00ebl 2017 aux jardins de la Matelote"},"content":{"rendered":"ngg_shortcode_0_placeholder\n<p>&nbsp;<\/p>\n<div><span style=\"font-size: large;\">Julia Helena, pianiste concertiste, &nbsp;nous a enthousiasm\u00e9s, &nbsp;pour cette soir\u00e9e festive de No\u00ebl 2017, par son jeu d\u00e9licat<\/span><\/div>\n<div>&nbsp;<\/div>\n<div><span style=\"font-size: large;\">Elle nous a interpr\u00e9t\u00e9 des \u0153uvres d&rsquo;&nbsp;Ernesto Lecuona, Saint Saens, Edward Grieg et de&nbsp;Fr\u00e9d\u00e9ric Chopin<\/span><\/div>\n<div>&nbsp;<\/div>\n<div><span style=\"font-size: large;\">Julia Helena est une pianiste d&rsquo;exception qui rend la musique classique vivante ; sa mani\u00e8re de jouer \u00e9tait rafraichissante.<\/span><\/div>\n<div>&nbsp;<\/div>\n<div><span style=\"font-size: large;\">Inutile de vous dire que le diner de Noel pr\u00e9par\u00e9 par Tony Lestienne et son \u00e9quipe&nbsp;ont &nbsp;ravi nos papilles !<\/span><\/div>\n","protected":false},"excerpt":{"rendered":"<p>&nbsp; Julia Helena, pianiste concertiste, &nbsp;nous a enthousiasm\u00e9s, &nbsp;pour cette soir\u00e9e festive de No\u00ebl 2017, par son jeu d\u00e9licat &nbsp; Elle nous a interpr\u00e9t\u00e9 des \u0153uvres d&rsquo;&nbsp;Ernesto Lecuona, Saint Saens, Edward Grieg et de&nbsp;Fr\u00e9d\u00e9ric Chopin &nbsp; Julia Helena est une pianiste d&rsquo;exception qui rend la musique classique vivante ; sa mani\u00e8re de jouer \u00e9tait rafraichissante. &hellip; <a href=\"https:\/\/www.littorelles.org\/?page_id=2689\" class=\"more-link\">Continuer la lecture de <span class=\"screen-reader-text\">Soir\u00e9e de No\u00ebl 2017 aux jardins de la Matelote<\/span> <span class=\"meta-nav\">&rarr;<\/span><\/a><\/p>\n","protected":false},"author":1,"featured_media":0,"parent":2543,"menu_order":0,"comment_status":"closed","ping_status":"closed","template":"","meta":{"ngg_post_thumbnail":0,"footnotes":""},"class_list":["post-2689","page","type-page","status-publish","hentry"],"_links":{"self":[{"href":"https:\/\/www.littorelles.org\/index.php?rest_route=\/wp\/v2\/pages\/2689","targetHints":{"allow":["GET"]}}],"collection":[{"href":"https:\/\/www.littorelles.org\/index.php?rest_route=\/wp\/v2\/pages"}],"about":[{"href":"https:\/\/www.littorelles.org\/index.php?rest_route=\/wp\/v2\/types\/page"}],"author":[{"embeddable":true,"href":"https:\/\/www.littorelles.org\/index.php?rest_route=\/wp\/v2\/users\/1"}],"replies":[{"embeddable":true,"href":"https:\/\/www.littorelles.org\/index.php?rest_route=%2Fwp%2Fv2%2Fcomments&post=2689"}],"version-history":[{"count":0,"href":"https:\/\/www.littorelles.org\/index.php?rest_route=\/wp\/v2\/pages\/2689\/revisions"}],"up":[{"embeddable":true,"href":"https:\/\/www.littorelles.org\/index.php?rest_route=\/wp\/v2\/pages\/2543"}],"wp:attachment":[{"href":"https:\/\/www.littorelles.org\/index.php?rest_route=%2Fwp%2Fv2%2Fmedia&parent=2689"}],"curies":[{"name":"wp","href":"https:\/\/api.w.org\/{rel}","templated":true}]}}