{"id":262,"date":"2014-01-19T23:12:01","date_gmt":"2014-01-19T22:12:01","guid":{"rendered":"http:\/\/littorelles.org\/?page_id=262"},"modified":"2014-01-19T23:12:01","modified_gmt":"2014-01-19T22:12:01","slug":"0-modes-et-saveurs","status":"publish","type":"page","link":"https:\/\/www.littorelles.org\/?page_id=262","title":{"rendered":"Modes et Saveurs"},"content":{"rendered":"<p>\u00ab\u00a0A Royal Christmas Day\u00a0\u00bb \u00e0 Hesdin l&rsquo;abb\u00e9<br \/>\n\u00ab\u00a0Heure Exquise\u00a0\u00bb avec Nobuko Takahashi<br \/>\nA table avec George Sand \u2013 D\u00e9jeuner de No\u00ebl<br \/>\nCalais \u00ab Robes de R\u00eaves, R\u00eaves de robes \u00bb<br \/>\nConf\u00e9rence-Diner au Lyc\u00e9e L\u00e9onard de Vinci \u00e0 Calais<br \/>\nD\u00e9jeuner au Logis de la porte de Gand \u00ab\u00a0La Terrasse des Remparts\u00a0\u00bb<br \/>\nFashion show et relooking aux Galeries Lafayettes<br \/>\nJaponaises d&rsquo;hier et d&rsquo;aujourd&rsquo;hui<br \/>\nLe\u00e7on de cuisine au \u00ab\u00a0Grand Cerf\u00a0\u00bb \u00e0 Marquise<br \/>\nMus\u00e9e de la boulangerie et de la confiserie (Belgique)<br \/>\nParis \u00e0 l&rsquo;heure du th\u00e9<br \/>\nUn d\u00e9jeuner de No\u00ebl et un spectacle andalou<\/p>\n","protected":false},"excerpt":{"rendered":"<p>\u00ab\u00a0A Royal Christmas Day\u00a0\u00bb \u00e0 Hesdin l&rsquo;abb\u00e9 \u00ab\u00a0Heure Exquise\u00a0\u00bb avec Nobuko Takahashi A table avec George Sand \u2013 D\u00e9jeuner de No\u00ebl Calais \u00ab Robes de R\u00eaves, R\u00eaves de robes \u00bb Conf\u00e9rence-Diner au Lyc\u00e9e L\u00e9onard de Vinci \u00e0 Calais D\u00e9jeuner au Logis de la porte de Gand \u00ab\u00a0La Terrasse des Remparts\u00a0\u00bb Fashion show et relooking aux &hellip; <a href=\"https:\/\/www.littorelles.org\/?page_id=262\" class=\"more-link\">Continuer la lecture de <span class=\"screen-reader-text\">Modes et Saveurs<\/span> <span class=\"meta-nav\">&rarr;<\/span><\/a><\/p>\n","protected":false},"author":1,"featured_media":0,"parent":37,"menu_order":0,"comment_status":"closed","ping_status":"open","template":"","meta":{"ngg_post_thumbnail":0,"footnotes":""},"class_list":["post-262","page","type-page","status-publish","hentry"],"_links":{"self":[{"href":"https:\/\/www.littorelles.org\/index.php?rest_route=\/wp\/v2\/pages\/262","targetHints":{"allow":["GET"]}}],"collection":[{"href":"https:\/\/www.littorelles.org\/index.php?rest_route=\/wp\/v2\/pages"}],"about":[{"href":"https:\/\/www.littorelles.org\/index.php?rest_route=\/wp\/v2\/types\/page"}],"author":[{"embeddable":true,"href":"https:\/\/www.littorelles.org\/index.php?rest_route=\/wp\/v2\/users\/1"}],"replies":[{"embeddable":true,"href":"https:\/\/www.littorelles.org\/index.php?rest_route=%2Fwp%2Fv2%2Fcomments&post=262"}],"version-history":[{"count":0,"href":"https:\/\/www.littorelles.org\/index.php?rest_route=\/wp\/v2\/pages\/262\/revisions"}],"up":[{"embeddable":true,"href":"https:\/\/www.littorelles.org\/index.php?rest_route=\/wp\/v2\/pages\/37"}],"wp:attachment":[{"href":"https:\/\/www.littorelles.org\/index.php?rest_route=%2Fwp%2Fv2%2Fmedia&parent=262"}],"curies":[{"name":"wp","href":"https:\/\/api.w.org\/{rel}","templated":true}]}}