{"id":2567,"date":"2018-08-22T23:32:57","date_gmt":"2018-08-22T22:32:57","guid":{"rendered":"http:\/\/littorelles.org\/?page_id=2567"},"modified":"2018-08-22T23:32:57","modified_gmt":"2018-08-22T22:32:57","slug":"kasteels-en-flandre-occidentale-belgique","status":"publish","type":"page","link":"https:\/\/www.littorelles.org\/?page_id=2567","title":{"rendered":"Kasteels en Flandre Occidentale (Belgique)"},"content":{"rendered":"ngg_shortcode_0_placeholder\n<div><span style=\"font-size: large;\">A quelques kilom\u00e8tres de Torhout nous avons visit\u00e9 le matin, &nbsp;le ch\u00e2teau de Wijnendale&nbsp; habit\u00e9 encore par les propri\u00e9taires, Mr et Mme Mathieu de Wyjnendale , de riches banquiers depuis 5 g\u00e9n\u00e9rations.<\/span><\/div>\n<div>&nbsp;<\/div>\n<div><span style=\"font-size: large;\">Ce ch\u00e2teau a une histoire, un peu r\u00e9unie&nbsp;toute celle de la Belgique : &nbsp;de L\u00e9opold III en passant par les Neuburgs f\u00e9odaux, Marie de Bourgogne et Guy de Namur. Ce ch\u00e2teau \u00e9tait de si\u00e8cle en si\u00e8cle avant tout un pavillon de chasse<\/span><\/div>\n<div>&nbsp;<\/div>\n<div><span style=\"font-size: large;\">Apr\u00e8s une copieux d\u00e9jeuner nous somme all\u00e9es visiter le Kasteel Van Loppen<\/span><\/div>\n<div>&nbsp;<\/div>\n<div><span style=\"font-size: large;\">Plut\u00f4t rare dans l&rsquo;histoire, le ch\u00e2teau VAN Looppen &nbsp;n&rsquo;a jamais quitt\u00e9 la famille Van Caloen&nbsp; ; construit en 1868 par le baron Charles Van Loppen, c&rsquo;est aujourd&rsquo;hui une fondation. Toute l&rsquo;histoire d&rsquo;une famille et d&rsquo;une riche collection&nbsp; d&rsquo;\u0153uvre d&rsquo;Art sont \u00e0 d\u00e9couvrir. Chaque pi\u00e8ce transpire la philosophie n\u00e9ogothique et la religion catholique (nombreuses statues et tableaux)<\/span><\/div>\n<div><span style=\"font-size: large;\">Ce ch\u00e2teau fut aussi un lieu de grandes r\u00e9formes belges au sortir de la 1\u00e8re guerre mondiale ; le roi Albert et la Reine Elisabeth avaient \u00e9lu domicile au ch\u00e2teau en invitant les Grands de l&rsquo;Europe pour discuter de la politique d&rsquo;apr\u00e8s guerre<\/span><\/div>\n","protected":false},"excerpt":{"rendered":"<p>A quelques kilom\u00e8tres de Torhout nous avons visit\u00e9 le matin, &nbsp;le ch\u00e2teau de Wijnendale&nbsp; habit\u00e9 encore par les propri\u00e9taires, Mr et Mme Mathieu de Wyjnendale , de riches banquiers depuis 5 g\u00e9n\u00e9rations. &nbsp; Ce ch\u00e2teau a une histoire, un peu r\u00e9unie&nbsp;toute celle de la Belgique : &nbsp;de L\u00e9opold III en passant par les Neuburgs f\u00e9odaux, &hellip; <a href=\"https:\/\/www.littorelles.org\/?page_id=2567\" class=\"more-link\">Continuer la lecture de <span class=\"screen-reader-text\">Kasteels en Flandre Occidentale (Belgique)<\/span> <span class=\"meta-nav\">&rarr;<\/span><\/a><\/p>\n","protected":false},"author":1,"featured_media":0,"parent":2543,"menu_order":0,"comment_status":"closed","ping_status":"closed","template":"","meta":{"ngg_post_thumbnail":0,"footnotes":""},"class_list":["post-2567","page","type-page","status-publish","hentry"],"_links":{"self":[{"href":"https:\/\/www.littorelles.org\/index.php?rest_route=\/wp\/v2\/pages\/2567","targetHints":{"allow":["GET"]}}],"collection":[{"href":"https:\/\/www.littorelles.org\/index.php?rest_route=\/wp\/v2\/pages"}],"about":[{"href":"https:\/\/www.littorelles.org\/index.php?rest_route=\/wp\/v2\/types\/page"}],"author":[{"embeddable":true,"href":"https:\/\/www.littorelles.org\/index.php?rest_route=\/wp\/v2\/users\/1"}],"replies":[{"embeddable":true,"href":"https:\/\/www.littorelles.org\/index.php?rest_route=%2Fwp%2Fv2%2Fcomments&post=2567"}],"version-history":[{"count":0,"href":"https:\/\/www.littorelles.org\/index.php?rest_route=\/wp\/v2\/pages\/2567\/revisions"}],"up":[{"embeddable":true,"href":"https:\/\/www.littorelles.org\/index.php?rest_route=\/wp\/v2\/pages\/2543"}],"wp:attachment":[{"href":"https:\/\/www.littorelles.org\/index.php?rest_route=%2Fwp%2Fv2%2Fmedia&parent=2567"}],"curies":[{"name":"wp","href":"https:\/\/api.w.org\/{rel}","templated":true}]}}