{"id":2510,"date":"2017-07-16T21:13:13","date_gmt":"2017-07-16T20:13:13","guid":{"rendered":"http:\/\/littorelles.org\/?page_id=2510"},"modified":"2017-07-16T21:13:13","modified_gmt":"2017-07-16T20:13:13","slug":"les-freres-le-nain","status":"publish","type":"page","link":"https:\/\/www.littorelles.org\/?page_id=2510","title":{"rendered":"Les fr\u00e8res Le Nain"},"content":{"rendered":"<p>Monsieur Jean Claude Bonnier a expliqu\u00e9 avec talent tout le parcours des Fr\u00e8res Le NAIN dans leur \u00e9poque et dans leur travail et leur \u00e9volution au cours des p\u00e9riode de leur vie &#8211; des sc\u00e8nes paysannes aux tableaux plus pr\u00e9cieux selon les ann\u00e9es, les \u00e9poques et les peintres<\/p>\n<p>Originaires de Laon en Picardie, les fr\u00e8res Le Nain figurent parmi les artistes les plus talentueux du 17e si\u00e8cle.<\/p>\n<p>Plusieurs de leurs tableaux sont devenus de v\u00e9ritables ic\u00f4nes de l&rsquo;histoire de l&rsquo;art. Pourtant leur attribution et leur signification restent souvent \u00e9nigmatiques et constituent l&rsquo;un des plus grands myst\u00e8res de la peinture fran\u00e7aise.<\/p>\n<p>C&rsquo;est l\u00e0 toute la recherche et le travail de notre conf\u00e9rencier.<\/p>\nngg_shortcode_0_placeholder\n","protected":false},"excerpt":{"rendered":"<p>Monsieur Jean Claude Bonnier a expliqu\u00e9 avec talent tout le parcours des Fr\u00e8res Le NAIN dans leur \u00e9poque et dans leur travail et leur \u00e9volution au cours des p\u00e9riode de leur vie &#8211; des sc\u00e8nes paysannes aux tableaux plus pr\u00e9cieux selon les ann\u00e9es, les \u00e9poques et les peintres Originaires de Laon en Picardie, les fr\u00e8res &hellip; <a href=\"https:\/\/www.littorelles.org\/?page_id=2510\" class=\"more-link\">Continuer la lecture de <span class=\"screen-reader-text\">Les fr\u00e8res Le Nain<\/span> <span class=\"meta-nav\">&rarr;<\/span><\/a><\/p>\n","protected":false},"author":1,"featured_media":0,"parent":104,"menu_order":0,"comment_status":"closed","ping_status":"closed","template":"","meta":{"ngg_post_thumbnail":0,"footnotes":""},"class_list":["post-2510","page","type-page","status-publish","hentry"],"_links":{"self":[{"href":"https:\/\/www.littorelles.org\/index.php?rest_route=\/wp\/v2\/pages\/2510","targetHints":{"allow":["GET"]}}],"collection":[{"href":"https:\/\/www.littorelles.org\/index.php?rest_route=\/wp\/v2\/pages"}],"about":[{"href":"https:\/\/www.littorelles.org\/index.php?rest_route=\/wp\/v2\/types\/page"}],"author":[{"embeddable":true,"href":"https:\/\/www.littorelles.org\/index.php?rest_route=\/wp\/v2\/users\/1"}],"replies":[{"embeddable":true,"href":"https:\/\/www.littorelles.org\/index.php?rest_route=%2Fwp%2Fv2%2Fcomments&post=2510"}],"version-history":[{"count":0,"href":"https:\/\/www.littorelles.org\/index.php?rest_route=\/wp\/v2\/pages\/2510\/revisions"}],"up":[{"embeddable":true,"href":"https:\/\/www.littorelles.org\/index.php?rest_route=\/wp\/v2\/pages\/104"}],"wp:attachment":[{"href":"https:\/\/www.littorelles.org\/index.php?rest_route=%2Fwp%2Fv2%2Fmedia&parent=2510"}],"curies":[{"name":"wp","href":"https:\/\/api.w.org\/{rel}","templated":true}]}}