{"id":2468,"date":"2017-05-16T21:57:23","date_gmt":"2017-05-16T20:57:23","guid":{"rendered":"http:\/\/littorelles.org\/?page_id=2468"},"modified":"2017-05-16T21:57:23","modified_gmt":"2017-05-16T20:57:23","slug":"qui-connait-en-france-le-bloomsbury-conference-de-mr-guy-tetelain","status":"publish","type":"page","link":"https:\/\/www.littorelles.org\/?page_id=2468","title":{"rendered":"Qui connait, en France, le BLOOMSBURY &#8211; Conf\u00e9rence de Mr Guy T\u00e9telain"},"content":{"rendered":"<p>Mr Guy T\u00e9telain, conf\u00e9rencier, nous a pr\u00e9par\u00e9 une conf\u00e9rence sur mesure sur le BLOOMSBURY. L&rsquo;assistance a beaucoup appr\u00e9ci\u00e9.<br \/>\nLe lieu \u00e9tait chang\u00e9 et nous avons eu un agr\u00e9able \u00ab\u00a0Cake and tea\u00a0\u00bb apr\u00e8s la conf\u00e9rence.<br \/>\nL&rsquo;histoire commence en 1899, Thoby Stephen constitue un club secret qui r\u00e9unit autour de lui un groupe secret : Clive Bell, po\u00e8te et critique d&rsquo;art, Lytton Strachey, futur essayiste, L\u00e9onard Woolf, penseur politique et Saxon Sydney-Turner, haut fonctionnaire en puissance. Ils r\u00e9fl\u00e9chissent et refont le monde.<br \/>\nThoby Stephen a deux s\u0153urs Vanessa et Virginia, l&rsquo;une est peintre, l&rsquo;autre \u00e9crivain ; la premi\u00e8re \u00e9pousera Clive Bell et l&rsquo;autre Leonard Woolf. Elles sont belles et extravagantes. Ils eurent une vie de Boh\u00e8me d&rsquo;abord \u00e0 Londres, puis \u00e0 Charleston House.<br \/>\nTous ces personnages ont eu une vie tumultueuse et passionn\u00e9e. Ducan Grant et Roger Fry, John Keynes se sont joint \u00e0 cette \u00e9quipe&#8230;<br \/>\nIls ont cr\u00e9\u00e9 un mouvement artistique reconnu en Angleterre et fait \u00e9voluer les m\u0153urs de ce d\u00e9but de si\u00e8cle&#8230;.<\/p>\nngg_shortcode_0_placeholder\n","protected":false},"excerpt":{"rendered":"<p>Mr Guy T\u00e9telain, conf\u00e9rencier, nous a pr\u00e9par\u00e9 une conf\u00e9rence sur mesure sur le BLOOMSBURY. L&rsquo;assistance a beaucoup appr\u00e9ci\u00e9. Le lieu \u00e9tait chang\u00e9 et nous avons eu un agr\u00e9able \u00ab\u00a0Cake and tea\u00a0\u00bb apr\u00e8s la conf\u00e9rence. L&rsquo;histoire commence en 1899, Thoby Stephen constitue un club secret qui r\u00e9unit autour de lui un groupe secret : Clive Bell, &hellip; <a href=\"https:\/\/www.littorelles.org\/?page_id=2468\" class=\"more-link\">Continuer la lecture de <span class=\"screen-reader-text\">Qui connait, en France, le BLOOMSBURY &#8211; Conf\u00e9rence de Mr Guy T\u00e9telain<\/span> <span class=\"meta-nav\">&rarr;<\/span><\/a><\/p>\n","protected":false},"author":1,"featured_media":0,"parent":39,"menu_order":1,"comment_status":"closed","ping_status":"closed","template":"","meta":{"ngg_post_thumbnail":0,"footnotes":""},"class_list":["post-2468","page","type-page","status-publish","hentry"],"_links":{"self":[{"href":"https:\/\/www.littorelles.org\/index.php?rest_route=\/wp\/v2\/pages\/2468","targetHints":{"allow":["GET"]}}],"collection":[{"href":"https:\/\/www.littorelles.org\/index.php?rest_route=\/wp\/v2\/pages"}],"about":[{"href":"https:\/\/www.littorelles.org\/index.php?rest_route=\/wp\/v2\/types\/page"}],"author":[{"embeddable":true,"href":"https:\/\/www.littorelles.org\/index.php?rest_route=\/wp\/v2\/users\/1"}],"replies":[{"embeddable":true,"href":"https:\/\/www.littorelles.org\/index.php?rest_route=%2Fwp%2Fv2%2Fcomments&post=2468"}],"version-history":[{"count":0,"href":"https:\/\/www.littorelles.org\/index.php?rest_route=\/wp\/v2\/pages\/2468\/revisions"}],"up":[{"embeddable":true,"href":"https:\/\/www.littorelles.org\/index.php?rest_route=\/wp\/v2\/pages\/39"}],"wp:attachment":[{"href":"https:\/\/www.littorelles.org\/index.php?rest_route=%2Fwp%2Fv2%2Fmedia&parent=2468"}],"curies":[{"name":"wp","href":"https:\/\/api.w.org\/{rel}","templated":true}]}}