{"id":2436,"date":"2017-05-16T21:41:15","date_gmt":"2017-05-16T20:41:15","guid":{"rendered":"http:\/\/littorelles.org\/?page_id=2436"},"modified":"2017-05-16T21:41:15","modified_gmt":"2017-05-16T20:41:15","slug":"angleterre-charleston-housse-et-farley-farm-sussex","status":"publish","type":"page","link":"https:\/\/www.littorelles.org\/?page_id=2436","title":{"rendered":"Angleterre, Charleston Housse et Farley Farm (Sussex)"},"content":{"rendered":"<p>Plong\u00e9es dans un monde qui n&rsquo;est plus le notre et bien pr\u00e9par\u00e9e par la conf\u00e9rence de Mr Guy T\u00e9telain, nous avons visit\u00e9 CHARLESTON House, une maison d&rsquo;artistes puis la maison de Lee Miller, peintre photographe et mannequin c\u00e9l\u00e8bre. Deux maisons situ\u00e9es dans le Sussex.<\/p>\n<p>La premi\u00e8re maison est pos\u00e9e dans une nature champ\u00eatre et fleurie. Elle est personnalis\u00e9e par des meubles et des portes peintes par Vanessa Bell et des tableaux de diff\u00e9rents artistes du groupe Bloomsbury. Une merveilleuse ambiance pour vivre en communaut\u00e9 et propice aux discussions du groupe BLOOMSBURY avec Roger FRY (peintre) Ducan GRANT (peintre) Vanessa BELL (peintre)Virginia WOOLF (\u00e9crivain) John Maynard KEYNES (\u00e9conomiste)<\/p>\n<p>La deuxi\u00e8me est celle de Lee Miller, une artiste photographe. Elle est aujourd&rsquo;hui habit\u00e9e par un h\u00e9ritier, mais aussi le lieu d&rsquo;une collection de peintres (Roland PENROSE, PICASSO, MAN REY&#8230;.) et objets surr\u00e9alistes. Lee MILLER a \u00e9t\u00e9 consid\u00e9r\u00e9e comme une des plus belles femmes de son \u00e9poque elle a commenc\u00e9 sa carri\u00e8re \u00e0 NEW YORK comme mannequin de VOGUE puis en 1932 elle a ouvert son propre studio en 1944 elle est photographe de guerre&#8230; puis s&rsquo;installe \u00e0 FARLEY FARM avec Roland PENROSE.<\/p>\n<p>Beaucoup de peintres ont pass\u00e9 dans cet endroit : Man Rey, Picasso, Joan Miro, Leonara Carrington, Richard Hamilton.<br \/>\nNous avons pu aussi visiter le jardin agr\u00e9ment\u00e9 de sculptures contemporaines<\/p>\nngg_shortcode_0_placeholder\n","protected":false},"excerpt":{"rendered":"<p>Plong\u00e9es dans un monde qui n&rsquo;est plus le notre et bien pr\u00e9par\u00e9e par la conf\u00e9rence de Mr Guy T\u00e9telain, nous avons visit\u00e9 CHARLESTON House, une maison d&rsquo;artistes puis la maison de Lee Miller, peintre photographe et mannequin c\u00e9l\u00e8bre. Deux maisons situ\u00e9es dans le Sussex. La premi\u00e8re maison est pos\u00e9e dans une nature champ\u00eatre et fleurie. &hellip; <a href=\"https:\/\/www.littorelles.org\/?page_id=2436\" class=\"more-link\">Continuer la lecture de <span class=\"screen-reader-text\">Angleterre, Charleston Housse et Farley Farm (Sussex)<\/span> <span class=\"meta-nav\">&rarr;<\/span><\/a><\/p>\n","protected":false},"author":1,"featured_media":0,"parent":39,"menu_order":0,"comment_status":"closed","ping_status":"closed","template":"","meta":{"ngg_post_thumbnail":0,"footnotes":""},"class_list":["post-2436","page","type-page","status-publish","hentry"],"_links":{"self":[{"href":"https:\/\/www.littorelles.org\/index.php?rest_route=\/wp\/v2\/pages\/2436","targetHints":{"allow":["GET"]}}],"collection":[{"href":"https:\/\/www.littorelles.org\/index.php?rest_route=\/wp\/v2\/pages"}],"about":[{"href":"https:\/\/www.littorelles.org\/index.php?rest_route=\/wp\/v2\/types\/page"}],"author":[{"embeddable":true,"href":"https:\/\/www.littorelles.org\/index.php?rest_route=\/wp\/v2\/users\/1"}],"replies":[{"embeddable":true,"href":"https:\/\/www.littorelles.org\/index.php?rest_route=%2Fwp%2Fv2%2Fcomments&post=2436"}],"version-history":[{"count":0,"href":"https:\/\/www.littorelles.org\/index.php?rest_route=\/wp\/v2\/pages\/2436\/revisions"}],"up":[{"embeddable":true,"href":"https:\/\/www.littorelles.org\/index.php?rest_route=\/wp\/v2\/pages\/39"}],"wp:attachment":[{"href":"https:\/\/www.littorelles.org\/index.php?rest_route=%2Fwp%2Fv2%2Fmedia&parent=2436"}],"curies":[{"name":"wp","href":"https:\/\/api.w.org\/{rel}","templated":true}]}}