{"id":2332,"date":"2017-04-27T02:59:09","date_gmt":"2017-04-27T01:59:09","guid":{"rendered":"http:\/\/littorelles.org\/?page_id=2332"},"modified":"2017-04-27T02:59:09","modified_gmt":"2017-04-27T01:59:09","slug":"bourbourg-choeur-de-lumiere","status":"publish","type":"page","link":"https:\/\/www.littorelles.org\/?page_id=2332","title":{"rendered":"Bourbourg Ch\u0153ur de Lumi\u00e8re"},"content":{"rendered":"<div>Surprenant cette visite \u00e0 Bourbourg<\/div>\n<div>Le ch\u0153ur de lumi\u00e8re restaur\u00e9 et consacr\u00e9 \u00e0 Anthony CARO<\/div>\n<div>&nbsp;<\/div>\n<div>Le chaos de la cr\u00e9ation est magnifiquement repr\u00e9sent\u00e9 dans un lieu qui a justement connu le chaos avec la destruction du ch\u0153ur de l&rsquo;\u00e9glise durant la deuxi\u00e8me guerre maondiale, reconstruit et r\u00e9cemment r\u00e9- ouvert au public.<\/div>\n<div>&nbsp;<\/div>\n<div>La lumi\u00e8re des vitraux, les puits de lumi\u00e8re, le baptist\u00e8re, les installations, tout est propice \u00e0 \u00e9mouvoir le visiteurs.<\/div>\n<div>&nbsp;<\/div>\n<div><strong><em>\u00ab\u00a0En 1999, le sculpteur anglais Sir Anthony Caro visite le ch\u0153ur rest\u00e9 vide. Il est imm\u00e9diatement saisi par la beaut\u00e9 du lieu, ses proportions et la lumi\u00e8re qui baigne l\u2019\u00e9difice. Il est touch\u00e9 aussi par son histoire si mouvement\u00e9e. Ancien de la Royal Navy, il a vu Londres s\u2019embraser sous les bombes, et il envisage de cr\u00e9er dans le ch\u0153ur un sanctuaire, une sorte de chapelle de la m\u00e9moire, o\u00f9 chacun pourrait se souvenir des horreurs de la guerre et se recueillir en pensant \u00e0 tous ceux qui ont souffert et qui sont morts.\u00a0\u00bb<\/em><\/strong><\/div>\n<div>&nbsp;<\/div>\n<div>On peut ne pas aimer mais on ne peut \u00eatre indiff\u00e9rent !<\/div>\n<div>&nbsp;<\/div>\n<div>ngg_shortcode_0_placeholder<\/div>\n<div>&nbsp;<\/div>\n","protected":false},"excerpt":{"rendered":"<p>Surprenant cette visite \u00e0 Bourbourg Le ch\u0153ur de lumi\u00e8re restaur\u00e9 et consacr\u00e9 \u00e0 Anthony CARO &nbsp; Le chaos de la cr\u00e9ation est magnifiquement repr\u00e9sent\u00e9 dans un lieu qui a justement connu le chaos avec la destruction du ch\u0153ur de l&rsquo;\u00e9glise durant la deuxi\u00e8me guerre maondiale, reconstruit et r\u00e9cemment r\u00e9- ouvert au public. &nbsp; La lumi\u00e8re &hellip; <a href=\"https:\/\/www.littorelles.org\/?page_id=2332\" class=\"more-link\">Continuer la lecture de <span class=\"screen-reader-text\">Bourbourg Ch\u0153ur de Lumi\u00e8re<\/span> <span class=\"meta-nav\">&rarr;<\/span><\/a><\/p>\n","protected":false},"author":1,"featured_media":0,"parent":1481,"menu_order":0,"comment_status":"closed","ping_status":"closed","template":"","meta":{"ngg_post_thumbnail":0,"footnotes":""},"class_list":["post-2332","page","type-page","status-publish","hentry"],"_links":{"self":[{"href":"https:\/\/www.littorelles.org\/index.php?rest_route=\/wp\/v2\/pages\/2332","targetHints":{"allow":["GET"]}}],"collection":[{"href":"https:\/\/www.littorelles.org\/index.php?rest_route=\/wp\/v2\/pages"}],"about":[{"href":"https:\/\/www.littorelles.org\/index.php?rest_route=\/wp\/v2\/types\/page"}],"author":[{"embeddable":true,"href":"https:\/\/www.littorelles.org\/index.php?rest_route=\/wp\/v2\/users\/1"}],"replies":[{"embeddable":true,"href":"https:\/\/www.littorelles.org\/index.php?rest_route=%2Fwp%2Fv2%2Fcomments&post=2332"}],"version-history":[{"count":0,"href":"https:\/\/www.littorelles.org\/index.php?rest_route=\/wp\/v2\/pages\/2332\/revisions"}],"up":[{"embeddable":true,"href":"https:\/\/www.littorelles.org\/index.php?rest_route=\/wp\/v2\/pages\/1481"}],"wp:attachment":[{"href":"https:\/\/www.littorelles.org\/index.php?rest_route=%2Fwp%2Fv2%2Fmedia&parent=2332"}],"curies":[{"name":"wp","href":"https:\/\/api.w.org\/{rel}","templated":true}]}}