{"id":2311,"date":"2017-04-27T02:51:51","date_gmt":"2017-04-27T01:51:51","guid":{"rendered":"http:\/\/littorelles.org\/?page_id=2311"},"modified":"2017-04-27T02:51:51","modified_gmt":"2017-04-27T01:51:51","slug":"chris-poidevin-le-peintre-de-lemotion","status":"publish","type":"page","link":"https:\/\/www.littorelles.org\/?page_id=2311","title":{"rendered":"Chris Poidevin, le Peintre de l&rsquo;\u00e9motion !"},"content":{"rendered":"<div>Dans sa jolie ferme flamande, Chris nous a ouvert son atelier lumineux, ouvert sur la plaine flamande et &nbsp;face&nbsp;au ciel du&nbsp;Nord, ses sources d&rsquo;inspiration.<\/div>\n<div>&nbsp;<\/div>\n<div>Peintre estim\u00e9 et reconnu sur le march\u00e9 de l&rsquo;art, Chris nous a fait partager sa passion, exprim\u00e9 son ressenti, expliqu\u00e9 sa fa\u00e7on de&nbsp;voir les choses et &nbsp;comment elle proc\u00e8de pour cr\u00e9er.<\/div>\n<div>&nbsp;<\/div>\n<div>Nous \u00e9tions toutes tr\u00e8s touch\u00e9es par sa personnalit\u00e9 attachante et originale.<\/div>\n<div>&nbsp;<\/div>\n<div>Chris nous a ouvert \u00ab\u00a0son \u00e2me\u00a0\u00bb ; elle a un savoir faire extraordinaire pour transmettre ses \u00e9motions en peinture&nbsp;<\/div>\n<div>&nbsp;<\/div>\n<div>&nbsp;ngg_shortcode_0_placeholder<\/div>\n","protected":false},"excerpt":{"rendered":"<p>Dans sa jolie ferme flamande, Chris nous a ouvert son atelier lumineux, ouvert sur la plaine flamande et &nbsp;face&nbsp;au ciel du&nbsp;Nord, ses sources d&rsquo;inspiration. &nbsp; Peintre estim\u00e9 et reconnu sur le march\u00e9 de l&rsquo;art, Chris nous a fait partager sa passion, exprim\u00e9 son ressenti, expliqu\u00e9 sa fa\u00e7on de&nbsp;voir les choses et &nbsp;comment elle proc\u00e8de pour &hellip; <a href=\"https:\/\/www.littorelles.org\/?page_id=2311\" class=\"more-link\">Continuer la lecture de <span class=\"screen-reader-text\">Chris Poidevin, le Peintre de l&rsquo;\u00e9motion !<\/span> <span class=\"meta-nav\">&rarr;<\/span><\/a><\/p>\n","protected":false},"author":1,"featured_media":0,"parent":1481,"menu_order":0,"comment_status":"closed","ping_status":"closed","template":"","meta":{"ngg_post_thumbnail":0,"footnotes":""},"class_list":["post-2311","page","type-page","status-publish","hentry"],"_links":{"self":[{"href":"https:\/\/www.littorelles.org\/index.php?rest_route=\/wp\/v2\/pages\/2311","targetHints":{"allow":["GET"]}}],"collection":[{"href":"https:\/\/www.littorelles.org\/index.php?rest_route=\/wp\/v2\/pages"}],"about":[{"href":"https:\/\/www.littorelles.org\/index.php?rest_route=\/wp\/v2\/types\/page"}],"author":[{"embeddable":true,"href":"https:\/\/www.littorelles.org\/index.php?rest_route=\/wp\/v2\/users\/1"}],"replies":[{"embeddable":true,"href":"https:\/\/www.littorelles.org\/index.php?rest_route=%2Fwp%2Fv2%2Fcomments&post=2311"}],"version-history":[{"count":0,"href":"https:\/\/www.littorelles.org\/index.php?rest_route=\/wp\/v2\/pages\/2311\/revisions"}],"up":[{"embeddable":true,"href":"https:\/\/www.littorelles.org\/index.php?rest_route=\/wp\/v2\/pages\/1481"}],"wp:attachment":[{"href":"https:\/\/www.littorelles.org\/index.php?rest_route=%2Fwp%2Fv2%2Fmedia&parent=2311"}],"curies":[{"name":"wp","href":"https:\/\/api.w.org\/{rel}","templated":true}]}}