{"id":2016,"date":"2017-04-02T19:47:28","date_gmt":"2017-04-02T18:47:28","guid":{"rendered":"http:\/\/littorelles.org\/?page_id=2016"},"modified":"2017-04-02T19:47:28","modified_gmt":"2017-04-02T18:47:28","slug":"art-contemporain-pierre-et-gilles-a-ixelles","status":"publish","type":"page","link":"https:\/\/www.littorelles.org\/?page_id=2016","title":{"rendered":"Art contemporain : Pierre et Gilles \u00e0 IXELLES"},"content":{"rendered":"<p>L&rsquo;art contemporain, n&rsquo;est pas toujours facile \u00e0 appr\u00e9cier.<br \/>\nNotre derni\u00e8re&nbsp; sortie \u00e0 Bruxelles nous a permis de comprendre le travail de Pierre et Gilles. L&rsquo;un est peintre , l&rsquo;autre photographe , leur travail est commun.<\/p>\n<p>De prime abord, &nbsp;on serait tent\u00e9 de trouver leur \u0153uvre \u00ab&nbsp;kitch&nbsp;\u00bb et de passer \u00e0 autre chose or gr\u00e2ce \u00e0 notre guide, nous sommes rentr\u00e9es dans leur univers. Que de travail pour chaque tableau, une finition extr\u00e8ment soign\u00e9e allant jusqu&rsquo;\u00e0 l&rsquo;encadrement.<\/p>\n<p>Eh bien croyez moi, on comprend pourquoi toutes ces c\u00e9l\u00e9brit\u00e9s ont jou\u00e9 le jeu et accept\u00e9 ces mises en sc\u00e8ne.<\/p>\n<p>Puis nous avons appr\u00e9ci\u00e9 un&nbsp; repas flamand au VolleGas<\/p>\nngg_shortcode_0_placeholder\n","protected":false},"excerpt":{"rendered":"<p>L&rsquo;art contemporain, n&rsquo;est pas toujours facile \u00e0 appr\u00e9cier. Notre derni\u00e8re&nbsp; sortie \u00e0 Bruxelles nous a permis de comprendre le travail de Pierre et Gilles. L&rsquo;un est peintre , l&rsquo;autre photographe , leur travail est commun. De prime abord, &nbsp;on serait tent\u00e9 de trouver leur \u0153uvre \u00ab&nbsp;kitch&nbsp;\u00bb et de passer \u00e0 autre chose or gr\u00e2ce \u00e0 &hellip; <a href=\"https:\/\/www.littorelles.org\/?page_id=2016\" class=\"more-link\">Continuer la lecture de <span class=\"screen-reader-text\">Art contemporain : Pierre et Gilles \u00e0 IXELLES<\/span> <span class=\"meta-nav\">&rarr;<\/span><\/a><\/p>\n","protected":false},"author":1,"featured_media":0,"parent":1481,"menu_order":0,"comment_status":"closed","ping_status":"closed","template":"","meta":{"ngg_post_thumbnail":0,"footnotes":""},"class_list":["post-2016","page","type-page","status-publish","hentry"],"_links":{"self":[{"href":"https:\/\/www.littorelles.org\/index.php?rest_route=\/wp\/v2\/pages\/2016","targetHints":{"allow":["GET"]}}],"collection":[{"href":"https:\/\/www.littorelles.org\/index.php?rest_route=\/wp\/v2\/pages"}],"about":[{"href":"https:\/\/www.littorelles.org\/index.php?rest_route=\/wp\/v2\/types\/page"}],"author":[{"embeddable":true,"href":"https:\/\/www.littorelles.org\/index.php?rest_route=\/wp\/v2\/users\/1"}],"replies":[{"embeddable":true,"href":"https:\/\/www.littorelles.org\/index.php?rest_route=%2Fwp%2Fv2%2Fcomments&post=2016"}],"version-history":[{"count":0,"href":"https:\/\/www.littorelles.org\/index.php?rest_route=\/wp\/v2\/pages\/2016\/revisions"}],"up":[{"embeddable":true,"href":"https:\/\/www.littorelles.org\/index.php?rest_route=\/wp\/v2\/pages\/1481"}],"wp:attachment":[{"href":"https:\/\/www.littorelles.org\/index.php?rest_route=%2Fwp%2Fv2%2Fmedia&parent=2016"}],"curies":[{"name":"wp","href":"https:\/\/api.w.org\/{rel}","templated":true}]}}