{"id":1965,"date":"2017-04-02T03:35:06","date_gmt":"2017-04-02T02:35:06","guid":{"rendered":"http:\/\/littorelles.org\/?page_id=1965"},"modified":"2017-04-02T03:35:06","modified_gmt":"2017-04-02T02:35:06","slug":"villa-cavrois-un-chateau-moderne","status":"publish","type":"page","link":"https:\/\/www.littorelles.org\/?page_id=1965","title":{"rendered":"Villa Cavrois, un ch\u00e2teau moderne"},"content":{"rendered":"<p>Mallet Stevens a imagin\u00e9 la villa Cavrois comme un v\u00e9ritable ch\u00e2teau moderne.<\/p>\n<p>Ch\u00e2teau, la demeure l&rsquo;est par ses proportions imposantes (2800 m2 de plancher et 60 m de fa\u00e7ade) et par sa disposition en deux ailes sym\u00e9triques comme les r\u00e9sidences aristocratiques du XVIIe si\u00e8cle.<br \/>\nModerne, la villa l&rsquo;est par le d\u00e9pouillement des volumes, l&rsquo;absence d&rsquo;ornement dans le d\u00e9cor, la multiplication des toits terrasses, l&rsquo;\u00e9quipement de pointe (chauffage central, t\u00e9l\u00e9phonie, heure \u00e9lectrique, ascenseur)<\/p>\n<p>Mallet Stevens opte pour des mat\u00e9riaux luxueux : marbres et bois pr\u00e9cieux t\u00e9moignent de la prosp\u00e9rit\u00e9 de l&rsquo;industriel roubaisien Cavrois<br \/>\nDans les espaces de services, Mallet Stevens privil\u00e9gie l&rsquo;hygi\u00e8ne et la fonctionnalit\u00e9 (placards int\u00e9gr\u00e9s-monte plats)<br \/>\nCes espaces b\u00e9n\u00e9ficient de larges baies vitr\u00e9es ce qui \u00e0 l&rsquo;\u00e9poque est nouveau.<\/p>\nngg_shortcode_0_placeholder\n","protected":false},"excerpt":{"rendered":"<p>Mallet Stevens a imagin\u00e9 la villa Cavrois comme un v\u00e9ritable ch\u00e2teau moderne. Ch\u00e2teau, la demeure l&rsquo;est par ses proportions imposantes (2800 m2 de plancher et 60 m de fa\u00e7ade) et par sa disposition en deux ailes sym\u00e9triques comme les r\u00e9sidences aristocratiques du XVIIe si\u00e8cle. Moderne, la villa l&rsquo;est par le d\u00e9pouillement des volumes, l&rsquo;absence d&rsquo;ornement &hellip; <a href=\"https:\/\/www.littorelles.org\/?page_id=1965\" class=\"more-link\">Continuer la lecture de <span class=\"screen-reader-text\">Villa Cavrois, un ch\u00e2teau moderne<\/span> <span class=\"meta-nav\">&rarr;<\/span><\/a><\/p>\n","protected":false},"author":1,"featured_media":0,"parent":1481,"menu_order":0,"comment_status":"closed","ping_status":"closed","template":"","meta":{"ngg_post_thumbnail":0,"footnotes":""},"class_list":["post-1965","page","type-page","status-publish","hentry"],"_links":{"self":[{"href":"https:\/\/www.littorelles.org\/index.php?rest_route=\/wp\/v2\/pages\/1965","targetHints":{"allow":["GET"]}}],"collection":[{"href":"https:\/\/www.littorelles.org\/index.php?rest_route=\/wp\/v2\/pages"}],"about":[{"href":"https:\/\/www.littorelles.org\/index.php?rest_route=\/wp\/v2\/types\/page"}],"author":[{"embeddable":true,"href":"https:\/\/www.littorelles.org\/index.php?rest_route=\/wp\/v2\/users\/1"}],"replies":[{"embeddable":true,"href":"https:\/\/www.littorelles.org\/index.php?rest_route=%2Fwp%2Fv2%2Fcomments&post=1965"}],"version-history":[{"count":0,"href":"https:\/\/www.littorelles.org\/index.php?rest_route=\/wp\/v2\/pages\/1965\/revisions"}],"up":[{"embeddable":true,"href":"https:\/\/www.littorelles.org\/index.php?rest_route=\/wp\/v2\/pages\/1481"}],"wp:attachment":[{"href":"https:\/\/www.littorelles.org\/index.php?rest_route=%2Fwp%2Fv2%2Fmedia&parent=1965"}],"curies":[{"name":"wp","href":"https:\/\/api.w.org\/{rel}","templated":true}]}}