{"id":1945,"date":"2017-04-02T03:31:10","date_gmt":"2017-04-02T02:31:10","guid":{"rendered":"http:\/\/littorelles.org\/?page_id=1945"},"modified":"2017-04-02T03:31:10","modified_gmt":"2017-04-02T02:31:10","slug":"amadeo-modigliani-au-lam-de-villeneuve-dascq","status":"publish","type":"page","link":"https:\/\/www.littorelles.org\/?page_id=1945","title":{"rendered":"Amadeo Modigliani au LAM de Villeneuve d&rsquo;Ascq"},"content":{"rendered":"<p>L&rsquo;artiste peintre est n\u00e9 en 1884 \u00e0 Livourne en Italie et d\u00e9c\u00e8de \u00e0 Paris en 1920<br \/>\nIl s&rsquo;installe \u00e0 Montmartre et rencontre Pablo Picasso, Max Jacob et Jean Cocteau<br \/>\nModigliani affectionne les nus f\u00e9minins et les portraits , il s&rsquo;inspire des technique du fauvisme et a pour idole C\u00e9zanne<br \/>\nUn grand nombre de ses tableaux repr\u00e9sente des silhouettes allong\u00e9es avec des yeux en amande et souvent d\u00e9nu\u00e9es de Pupilles<\/p>\n<p>Apr\u00e8s avoir men\u00e9 une vie tourment\u00e9e marqu\u00e9e par l&rsquo;alcool et la drogue, Amadeo Modigliani, atteint de tuberculose, meurt en 1920. Sa femme et non moins son mod\u00e8le pr\u00e9f\u00e9r\u00e9, se suicide le lendemain de sa mort en laissant orpheline leur fille de 2 ans. Cette fin tragique est l&rsquo;incarnation vivante du mythe du \u00ab\u00a0peintre maudit\u00a0\u00bb.<\/p>\nngg_shortcode_0_placeholder\n","protected":false},"excerpt":{"rendered":"<p>L&rsquo;artiste peintre est n\u00e9 en 1884 \u00e0 Livourne en Italie et d\u00e9c\u00e8de \u00e0 Paris en 1920 Il s&rsquo;installe \u00e0 Montmartre et rencontre Pablo Picasso, Max Jacob et Jean Cocteau Modigliani affectionne les nus f\u00e9minins et les portraits , il s&rsquo;inspire des technique du fauvisme et a pour idole C\u00e9zanne Un grand nombre de ses tableaux &hellip; <a href=\"https:\/\/www.littorelles.org\/?page_id=1945\" class=\"more-link\">Continuer la lecture de <span class=\"screen-reader-text\">Amadeo Modigliani au LAM de Villeneuve d&rsquo;Ascq<\/span> <span class=\"meta-nav\">&rarr;<\/span><\/a><\/p>\n","protected":false},"author":1,"featured_media":0,"parent":1481,"menu_order":0,"comment_status":"closed","ping_status":"closed","template":"","meta":{"ngg_post_thumbnail":0,"footnotes":""},"class_list":["post-1945","page","type-page","status-publish","hentry"],"_links":{"self":[{"href":"https:\/\/www.littorelles.org\/index.php?rest_route=\/wp\/v2\/pages\/1945","targetHints":{"allow":["GET"]}}],"collection":[{"href":"https:\/\/www.littorelles.org\/index.php?rest_route=\/wp\/v2\/pages"}],"about":[{"href":"https:\/\/www.littorelles.org\/index.php?rest_route=\/wp\/v2\/types\/page"}],"author":[{"embeddable":true,"href":"https:\/\/www.littorelles.org\/index.php?rest_route=\/wp\/v2\/users\/1"}],"replies":[{"embeddable":true,"href":"https:\/\/www.littorelles.org\/index.php?rest_route=%2Fwp%2Fv2%2Fcomments&post=1945"}],"version-history":[{"count":0,"href":"https:\/\/www.littorelles.org\/index.php?rest_route=\/wp\/v2\/pages\/1945\/revisions"}],"up":[{"embeddable":true,"href":"https:\/\/www.littorelles.org\/index.php?rest_route=\/wp\/v2\/pages\/1481"}],"wp:attachment":[{"href":"https:\/\/www.littorelles.org\/index.php?rest_route=%2Fwp%2Fv2%2Fmedia&parent=1945"}],"curies":[{"name":"wp","href":"https:\/\/api.w.org\/{rel}","templated":true}]}}