{"id":1933,"date":"2017-04-02T03:28:11","date_gmt":"2017-04-02T02:28:11","guid":{"rendered":"http:\/\/littorelles.org\/?page_id=1933"},"modified":"2017-04-02T03:28:11","modified_gmt":"2017-04-02T02:28:11","slug":"les-grandes-peurs-de-jerome-bosch-presentees-par-guy-tetelain","status":"publish","type":"page","link":"https:\/\/www.littorelles.org\/?page_id=1933","title":{"rendered":"Les grandes peurs de J\u00e9r\u00f4me Bosch pr\u00e9sent\u00e9es par Guy TETELAIN"},"content":{"rendered":"<div>Douleurs atroces et joie c\u00e9leste, J\u00e9r\u00f4me Bosch a des visions de g\u00e9nie !<\/div>\n<div>Peintre flamand n\u00e9 en 1450, l&rsquo;artiste fait progressivement appara\u00eetre dans ses tableaux des \u00e9l\u00e9ments myst\u00e9rieux. On y trouve la d\u00e9nonciation de la folie humaine qui court \u00e0 sa perte aveugl\u00e9e par sa soif insatiable pour les joies terrestres, la pr\u00e9sence du d\u00e9mon dans les affaires humaines et surtout des repr\u00e9sentations fantastiques des profondeurs de l&rsquo;enfer et du d\u00e9lice du paradis ?<\/div>\n<div>Mr Guy T\u00e9telain nous a donn\u00e9 de riches indications pour comprendre l&rsquo;artiste.<\/div>\n<div>&nbsp;<\/div>\n<div>ngg_shortcode_0_placeholder<\/div>\n","protected":false},"excerpt":{"rendered":"<p>Douleurs atroces et joie c\u00e9leste, J\u00e9r\u00f4me Bosch a des visions de g\u00e9nie ! Peintre flamand n\u00e9 en 1450, l&rsquo;artiste fait progressivement appara\u00eetre dans ses tableaux des \u00e9l\u00e9ments myst\u00e9rieux. On y trouve la d\u00e9nonciation de la folie humaine qui court \u00e0 sa perte aveugl\u00e9e par sa soif insatiable pour les joies terrestres, la pr\u00e9sence du d\u00e9mon &hellip; <a href=\"https:\/\/www.littorelles.org\/?page_id=1933\" class=\"more-link\">Continuer la lecture de <span class=\"screen-reader-text\">Les grandes peurs de J\u00e9r\u00f4me Bosch pr\u00e9sent\u00e9es par Guy TETELAIN<\/span> <span class=\"meta-nav\">&rarr;<\/span><\/a><\/p>\n","protected":false},"author":1,"featured_media":0,"parent":1481,"menu_order":0,"comment_status":"closed","ping_status":"closed","template":"","meta":{"ngg_post_thumbnail":0,"footnotes":""},"class_list":["post-1933","page","type-page","status-publish","hentry"],"_links":{"self":[{"href":"https:\/\/www.littorelles.org\/index.php?rest_route=\/wp\/v2\/pages\/1933","targetHints":{"allow":["GET"]}}],"collection":[{"href":"https:\/\/www.littorelles.org\/index.php?rest_route=\/wp\/v2\/pages"}],"about":[{"href":"https:\/\/www.littorelles.org\/index.php?rest_route=\/wp\/v2\/types\/page"}],"author":[{"embeddable":true,"href":"https:\/\/www.littorelles.org\/index.php?rest_route=\/wp\/v2\/users\/1"}],"replies":[{"embeddable":true,"href":"https:\/\/www.littorelles.org\/index.php?rest_route=%2Fwp%2Fv2%2Fcomments&post=1933"}],"version-history":[{"count":0,"href":"https:\/\/www.littorelles.org\/index.php?rest_route=\/wp\/v2\/pages\/1933\/revisions"}],"up":[{"embeddable":true,"href":"https:\/\/www.littorelles.org\/index.php?rest_route=\/wp\/v2\/pages\/1481"}],"wp:attachment":[{"href":"https:\/\/www.littorelles.org\/index.php?rest_route=%2Fwp%2Fv2%2Fmedia&parent=1933"}],"curies":[{"name":"wp","href":"https:\/\/api.w.org\/{rel}","templated":true}]}}