{"id":1913,"date":"2017-04-02T03:25:11","date_gmt":"2017-04-02T02:25:11","guid":{"rendered":"http:\/\/littorelles.org\/?page_id=1913"},"modified":"2017-04-02T03:25:11","modified_gmt":"2017-04-02T02:25:11","slug":"la-guerre-au-nom-de-dieu-hier-et-aujourdhui","status":"publish","type":"page","link":"https:\/\/www.littorelles.org\/?page_id=1913","title":{"rendered":"La guerre au nom de Dieu, hier et aujourd&rsquo;hui"},"content":{"rendered":"<p>Christian Defebvre, chercheur en Histoire des religions, nomin\u00e9 pour le prix UNESCO d\u2019\u00e9ducation \u00e0 la paix, \u00e9crivain a donn\u00e9 une remarquable conf\u00e9rence sur \u00ab\u00a0la guerre au nom de Dieu, hier et aujourd&rsquo;hui \u00a0\u00bb<\/p>\n<p>Dans la plupart des religions, des guerres ont \u00e9t\u00e9 d\u00e9clench\u00e9es au nom de Dieu par ceux qui pensaient d\u00e9tenir la v\u00e9rit\u00e9 et l&rsquo;imposaient pas la force. La guerre au nom de Dieu n&rsquo;est pas sp\u00e9cifique \u00e0 l&rsquo;islam.<br \/>\nL&rsquo;\u00e9volution contemporaine de l&rsquo;islamisme comporte des pi\u00e8ges qu&rsquo;il nous faut d\u00e9celer pour trouver les voies qui permettront de trouver les r\u00e9ponses \u00e0 ces interpellations barbares.<\/p>\nngg_shortcode_0_placeholder\n","protected":false},"excerpt":{"rendered":"<p>Christian Defebvre, chercheur en Histoire des religions, nomin\u00e9 pour le prix UNESCO d\u2019\u00e9ducation \u00e0 la paix, \u00e9crivain a donn\u00e9 une remarquable conf\u00e9rence sur \u00ab\u00a0la guerre au nom de Dieu, hier et aujourd&rsquo;hui \u00a0\u00bb Dans la plupart des religions, des guerres ont \u00e9t\u00e9 d\u00e9clench\u00e9es au nom de Dieu par ceux qui pensaient d\u00e9tenir la v\u00e9rit\u00e9 et &hellip; <a href=\"https:\/\/www.littorelles.org\/?page_id=1913\" class=\"more-link\">Continuer la lecture de <span class=\"screen-reader-text\">La guerre au nom de Dieu, hier et aujourd&rsquo;hui<\/span> <span class=\"meta-nav\">&rarr;<\/span><\/a><\/p>\n","protected":false},"author":1,"featured_media":0,"parent":1481,"menu_order":0,"comment_status":"closed","ping_status":"closed","template":"","meta":{"ngg_post_thumbnail":0,"footnotes":""},"class_list":["post-1913","page","type-page","status-publish","hentry"],"_links":{"self":[{"href":"https:\/\/www.littorelles.org\/index.php?rest_route=\/wp\/v2\/pages\/1913","targetHints":{"allow":["GET"]}}],"collection":[{"href":"https:\/\/www.littorelles.org\/index.php?rest_route=\/wp\/v2\/pages"}],"about":[{"href":"https:\/\/www.littorelles.org\/index.php?rest_route=\/wp\/v2\/types\/page"}],"author":[{"embeddable":true,"href":"https:\/\/www.littorelles.org\/index.php?rest_route=\/wp\/v2\/users\/1"}],"replies":[{"embeddable":true,"href":"https:\/\/www.littorelles.org\/index.php?rest_route=%2Fwp%2Fv2%2Fcomments&post=1913"}],"version-history":[{"count":0,"href":"https:\/\/www.littorelles.org\/index.php?rest_route=\/wp\/v2\/pages\/1913\/revisions"}],"up":[{"embeddable":true,"href":"https:\/\/www.littorelles.org\/index.php?rest_route=\/wp\/v2\/pages\/1481"}],"wp:attachment":[{"href":"https:\/\/www.littorelles.org\/index.php?rest_route=%2Fwp%2Fv2%2Fmedia&parent=1913"}],"curies":[{"name":"wp","href":"https:\/\/api.w.org\/{rel}","templated":true}]}}