{"id":1900,"date":"2017-04-02T03:21:40","date_gmt":"2017-04-02T02:21:40","guid":{"rendered":"http:\/\/littorelles.org\/?page_id=1900"},"modified":"2017-04-02T03:21:40","modified_gmt":"2017-04-02T02:21:40","slug":"pour-lamour-de-lart-de-monique-vanlaer","status":"publish","type":"page","link":"https:\/\/www.littorelles.org\/?page_id=1900","title":{"rendered":"Pour l&rsquo;amour de l&rsquo;Art de Monique VANLAER"},"content":{"rendered":"<p>Passent dans les paysages, les c\u00e9l\u00e8bres marchands d&rsquo;Art : Daniel Henri Kahnweiler, Daniel Wildenstein, Paul Rosenberg, Ambroise Vollard, Paul Durand-Ruel, Margueritte et Aim\u00e9 Maeght, le couple Havemayer, Albert Bornes, Peggy Guggenheim, tous des personnages !<\/p>\n<p>Ce sont ces gens l\u00e0 qui ont invent\u00e9 le march\u00e9 de l&rsquo;Art<\/p>\n<p>En quoi consistait ce m\u00e9tier o\u00f9 collectionneurs d&rsquo;Art et amoureux de la peinture ont jou\u00e9 un r\u00f4le pr\u00e9pond\u00e9rant ?<br \/>\nC&rsquo;est ce que Monique VANLAER nous a comme \u00e0 l&rsquo;accoutum\u00e9e brillamment expos\u00e9.<br \/>\nElle nous a ensuite fait un bref hommage aux m\u00e9c\u00e8nes du terroir.<\/p>\nngg_shortcode_0_placeholder\n","protected":false},"excerpt":{"rendered":"<p>Passent dans les paysages, les c\u00e9l\u00e8bres marchands d&rsquo;Art : Daniel Henri Kahnweiler, Daniel Wildenstein, Paul Rosenberg, Ambroise Vollard, Paul Durand-Ruel, Margueritte et Aim\u00e9 Maeght, le couple Havemayer, Albert Bornes, Peggy Guggenheim, tous des personnages ! Ce sont ces gens l\u00e0 qui ont invent\u00e9 le march\u00e9 de l&rsquo;Art En quoi consistait ce m\u00e9tier o\u00f9 collectionneurs d&rsquo;Art &hellip; <a href=\"https:\/\/www.littorelles.org\/?page_id=1900\" class=\"more-link\">Continuer la lecture de <span class=\"screen-reader-text\">Pour l&rsquo;amour de l&rsquo;Art de Monique VANLAER<\/span> <span class=\"meta-nav\">&rarr;<\/span><\/a><\/p>\n","protected":false},"author":1,"featured_media":0,"parent":1481,"menu_order":0,"comment_status":"closed","ping_status":"closed","template":"","meta":{"ngg_post_thumbnail":0,"footnotes":""},"class_list":["post-1900","page","type-page","status-publish","hentry"],"_links":{"self":[{"href":"https:\/\/www.littorelles.org\/index.php?rest_route=\/wp\/v2\/pages\/1900","targetHints":{"allow":["GET"]}}],"collection":[{"href":"https:\/\/www.littorelles.org\/index.php?rest_route=\/wp\/v2\/pages"}],"about":[{"href":"https:\/\/www.littorelles.org\/index.php?rest_route=\/wp\/v2\/types\/page"}],"author":[{"embeddable":true,"href":"https:\/\/www.littorelles.org\/index.php?rest_route=\/wp\/v2\/users\/1"}],"replies":[{"embeddable":true,"href":"https:\/\/www.littorelles.org\/index.php?rest_route=%2Fwp%2Fv2%2Fcomments&post=1900"}],"version-history":[{"count":0,"href":"https:\/\/www.littorelles.org\/index.php?rest_route=\/wp\/v2\/pages\/1900\/revisions"}],"up":[{"embeddable":true,"href":"https:\/\/www.littorelles.org\/index.php?rest_route=\/wp\/v2\/pages\/1481"}],"wp:attachment":[{"href":"https:\/\/www.littorelles.org\/index.php?rest_route=%2Fwp%2Fv2%2Fmedia&parent=1900"}],"curies":[{"name":"wp","href":"https:\/\/api.w.org\/{rel}","templated":true}]}}