{"id":1880,"date":"2017-04-02T03:17:32","date_gmt":"2017-04-02T02:17:32","guid":{"rendered":"http:\/\/littorelles.org\/?page_id=1880"},"modified":"2017-04-02T03:17:32","modified_gmt":"2017-04-02T02:17:32","slug":"collection-chtchoukine-a-la-fondation-vuitton","status":"publish","type":"page","link":"https:\/\/www.littorelles.org\/?page_id=1880","title":{"rendered":"Collection Chtchoukine \u00e0 la Fondation Vuitton"},"content":{"rendered":"<p>L\u2019exposition rend hommage \u00e0 l\u2019un des plus grands m\u00e9c\u00e8nes du d\u00e9but du 20\u00e8me si\u00e8cle, Sergue\u00ef Chtchoukine, collectionneur visionnaire de l\u2019art moderne fran\u00e7ais.<\/p>\n<p>Les 130 \u0153uvres pr\u00eat\u00e9es par le Mus\u00e9e Pouchkine de Moscou et le Mus\u00e9e de l\u2019Ermitage de Saint-P\u00e9tersbourg d\u00e9voilent l\u2019audace des choix artistiques du collectionneur et la rapidit\u00e9 avec laquelle il a rassembl\u00e9 l\u2019une des plus importantes collections d\u2019art moderne du d\u00e9but du 20\u00e8me si\u00e8cle comprenant des \u0153uvres de Monet, Matisse, Picasso, Gauguin, C\u00e9zanne, Le Douanier Rousseau et Derain<\/p>\n<p>Ce fut aussi l&rsquo;occasion de visiter ce magnifique b\u00e2timent de la Fondation Vuitton<\/p>\nngg_shortcode_0_placeholder\n","protected":false},"excerpt":{"rendered":"<p>L\u2019exposition rend hommage \u00e0 l\u2019un des plus grands m\u00e9c\u00e8nes du d\u00e9but du 20\u00e8me si\u00e8cle, Sergue\u00ef Chtchoukine, collectionneur visionnaire de l\u2019art moderne fran\u00e7ais. Les 130 \u0153uvres pr\u00eat\u00e9es par le Mus\u00e9e Pouchkine de Moscou et le Mus\u00e9e de l\u2019Ermitage de Saint-P\u00e9tersbourg d\u00e9voilent l\u2019audace des choix artistiques du collectionneur et la rapidit\u00e9 avec laquelle il a rassembl\u00e9 l\u2019une &hellip; <a href=\"https:\/\/www.littorelles.org\/?page_id=1880\" class=\"more-link\">Continuer la lecture de <span class=\"screen-reader-text\">Collection Chtchoukine \u00e0 la Fondation Vuitton<\/span> <span class=\"meta-nav\">&rarr;<\/span><\/a><\/p>\n","protected":false},"author":1,"featured_media":0,"parent":1481,"menu_order":0,"comment_status":"closed","ping_status":"closed","template":"","meta":{"ngg_post_thumbnail":0,"footnotes":""},"class_list":["post-1880","page","type-page","status-publish","hentry"],"_links":{"self":[{"href":"https:\/\/www.littorelles.org\/index.php?rest_route=\/wp\/v2\/pages\/1880","targetHints":{"allow":["GET"]}}],"collection":[{"href":"https:\/\/www.littorelles.org\/index.php?rest_route=\/wp\/v2\/pages"}],"about":[{"href":"https:\/\/www.littorelles.org\/index.php?rest_route=\/wp\/v2\/types\/page"}],"author":[{"embeddable":true,"href":"https:\/\/www.littorelles.org\/index.php?rest_route=\/wp\/v2\/users\/1"}],"replies":[{"embeddable":true,"href":"https:\/\/www.littorelles.org\/index.php?rest_route=%2Fwp%2Fv2%2Fcomments&post=1880"}],"version-history":[{"count":0,"href":"https:\/\/www.littorelles.org\/index.php?rest_route=\/wp\/v2\/pages\/1880\/revisions"}],"up":[{"embeddable":true,"href":"https:\/\/www.littorelles.org\/index.php?rest_route=\/wp\/v2\/pages\/1481"}],"wp:attachment":[{"href":"https:\/\/www.littorelles.org\/index.php?rest_route=%2Fwp%2Fv2%2Fmedia&parent=1880"}],"curies":[{"name":"wp","href":"https:\/\/api.w.org\/{rel}","templated":true}]}}