{"id":1828,"date":"2017-04-02T02:57:43","date_gmt":"2017-04-02T01:57:43","guid":{"rendered":"http:\/\/littorelles.org\/?page_id=1828"},"modified":"2017-04-02T02:57:43","modified_gmt":"2017-04-02T01:57:43","slug":"le-jardin-japonais-un-sanctuaire-spirituel","status":"publish","type":"page","link":"https:\/\/www.littorelles.org\/?page_id=1828","title":{"rendered":"Le jardin japonais, un sanctuaire spirituel"},"content":{"rendered":"<p>Constance Barreault est venue nous parler de l\u2019Art des jardins japonais qui nous fascine, par l&rsquo;\u00e9quilibre et la s\u00e9r\u00e9nit\u00e9 qu&rsquo;il d\u00e9gage ; c&rsquo;est une \u0153uvre d&rsquo;art propice \u00e0 la contemplation.<br \/>\n\u00ab\u00a0Parler des jardins japonais, c\u2019est retrouver ses origines dans les \u00e9changes et l\u2019influence de la Chine avec l\u2019adoption par les Japonais, d\u00e8s le VI\u00e8me si\u00e8cle de la philosophie bouddhiste. On retrouve dans les peintures chinoises repr\u00e9sentant le paradis les \u00e9l\u00e9ments essentiels des jardins japonais d\u2019aujourd\u2019hui : la montagne, le lac, les \u00eeles, des repr\u00e9sentations de la nature o\u00f9 les pierres et l\u2019eau sont toujours pr\u00e9sentes<\/p>\n<p>Les jardins japonais ne sont pas des jardins d\u2019agr\u00e9ment mais des jardins de contemplation con\u00e7us comme des tableaux.<\/p>\n<p>D\u00e9couvrir un jardin japonais, aussi petit soit-il, c\u2019est ressentir ce m\u00e9lange de spiritualit\u00e9 et de nature sauvage, un sentiment de qui\u00e9tude, de s\u00e9r\u00e9nit\u00e9 \u00e0 l\u2019image des jardins zen, \u00e9pur\u00e9s, am\u00e9nag\u00e9s dans un espace limit\u00e9, sans pratiquement de v\u00e9g\u00e9taux, juste un peu de mousse, des foug\u00e8res, des pierres et des surfaces de gravier ratiss\u00e9es m\u00e9ticuleusement.<\/p>\n<p>Les Japonais profitent du plus petit espace pour cr\u00e9er un jardin, des bonsa\u00efs sur un rebord de fen\u00eatre, des jardins miniatures repr\u00e9sentant une sc\u00e8ne de montagne, des jardins de poche de la taille de 2 tatamis, des jardins int\u00e9rieurs au centre de la maison, des jardins couloirs des maisons de ville, des jardins zens&#8230;\u00a0\u00bb<\/p>\nngg_shortcode_0_placeholder\n","protected":false},"excerpt":{"rendered":"<p>Constance Barreault est venue nous parler de l\u2019Art des jardins japonais qui nous fascine, par l&rsquo;\u00e9quilibre et la s\u00e9r\u00e9nit\u00e9 qu&rsquo;il d\u00e9gage ; c&rsquo;est une \u0153uvre d&rsquo;art propice \u00e0 la contemplation. \u00ab\u00a0Parler des jardins japonais, c\u2019est retrouver ses origines dans les \u00e9changes et l\u2019influence de la Chine avec l\u2019adoption par les Japonais, d\u00e8s le VI\u00e8me si\u00e8cle &hellip; <a href=\"https:\/\/www.littorelles.org\/?page_id=1828\" class=\"more-link\">Continuer la lecture de <span class=\"screen-reader-text\">Le jardin japonais, un sanctuaire spirituel<\/span> <span class=\"meta-nav\">&rarr;<\/span><\/a><\/p>\n","protected":false},"author":1,"featured_media":0,"parent":1481,"menu_order":0,"comment_status":"closed","ping_status":"closed","template":"","meta":{"ngg_post_thumbnail":0,"footnotes":""},"class_list":["post-1828","page","type-page","status-publish","hentry"],"_links":{"self":[{"href":"https:\/\/www.littorelles.org\/index.php?rest_route=\/wp\/v2\/pages\/1828","targetHints":{"allow":["GET"]}}],"collection":[{"href":"https:\/\/www.littorelles.org\/index.php?rest_route=\/wp\/v2\/pages"}],"about":[{"href":"https:\/\/www.littorelles.org\/index.php?rest_route=\/wp\/v2\/types\/page"}],"author":[{"embeddable":true,"href":"https:\/\/www.littorelles.org\/index.php?rest_route=\/wp\/v2\/users\/1"}],"replies":[{"embeddable":true,"href":"https:\/\/www.littorelles.org\/index.php?rest_route=%2Fwp%2Fv2%2Fcomments&post=1828"}],"version-history":[{"count":0,"href":"https:\/\/www.littorelles.org\/index.php?rest_route=\/wp\/v2\/pages\/1828\/revisions"}],"up":[{"embeddable":true,"href":"https:\/\/www.littorelles.org\/index.php?rest_route=\/wp\/v2\/pages\/1481"}],"wp:attachment":[{"href":"https:\/\/www.littorelles.org\/index.php?rest_route=%2Fwp%2Fv2%2Fmedia&parent=1828"}],"curies":[{"name":"wp","href":"https:\/\/api.w.org\/{rel}","templated":true}]}}