{"id":1780,"date":"2017-04-02T02:52:29","date_gmt":"2017-04-02T01:52:29","guid":{"rendered":"http:\/\/littorelles.org\/?page_id=1780"},"modified":"2017-04-02T02:52:29","modified_gmt":"2017-04-02T01:52:29","slug":"vallee-de-la-bresle","status":"publish","type":"page","link":"https:\/\/www.littorelles.org\/?page_id=1780","title":{"rendered":"Vall\u00e9e de la Bresle"},"content":{"rendered":"<p>Apr\u00e8s un d\u00e9jeuner particuli\u00e8rement agr\u00e9able au domaine de Joinville, nous sommes reparties pour la d\u00e9couverte de la fabrication d&rsquo;objets et flacons de verres<\/p>\n<p>Dans la vall\u00e9e de la Bresle se situe la Glass Vall\u00e9e &#8211; de nos jours il ne reste que 5 verreries qui produisent 70 % des flacons de la haute parfumerie du monde entier mais aussi pour les spiritueux et la pharmacie. Cette vall\u00e9e s&rsquo;\u00e9tend sur une quarantaine de kilom\u00e8tres. Nous avons d\u00e9couvert la fabrication d&rsquo;objets en verre et le monde du parfum.<\/p>\nngg_shortcode_0_placeholder\n","protected":false},"excerpt":{"rendered":"<p>Apr\u00e8s un d\u00e9jeuner particuli\u00e8rement agr\u00e9able au domaine de Joinville, nous sommes reparties pour la d\u00e9couverte de la fabrication d&rsquo;objets et flacons de verres Dans la vall\u00e9e de la Bresle se situe la Glass Vall\u00e9e &#8211; de nos jours il ne reste que 5 verreries qui produisent 70 % des flacons de la haute parfumerie du &hellip; <a href=\"https:\/\/www.littorelles.org\/?page_id=1780\" class=\"more-link\">Continuer la lecture de <span class=\"screen-reader-text\">Vall\u00e9e de la Bresle<\/span> <span class=\"meta-nav\">&rarr;<\/span><\/a><\/p>\n","protected":false},"author":1,"featured_media":0,"parent":1481,"menu_order":0,"comment_status":"closed","ping_status":"closed","template":"","meta":{"ngg_post_thumbnail":0,"footnotes":""},"class_list":["post-1780","page","type-page","status-publish","hentry"],"_links":{"self":[{"href":"https:\/\/www.littorelles.org\/index.php?rest_route=\/wp\/v2\/pages\/1780","targetHints":{"allow":["GET"]}}],"collection":[{"href":"https:\/\/www.littorelles.org\/index.php?rest_route=\/wp\/v2\/pages"}],"about":[{"href":"https:\/\/www.littorelles.org\/index.php?rest_route=\/wp\/v2\/types\/page"}],"author":[{"embeddable":true,"href":"https:\/\/www.littorelles.org\/index.php?rest_route=\/wp\/v2\/users\/1"}],"replies":[{"embeddable":true,"href":"https:\/\/www.littorelles.org\/index.php?rest_route=%2Fwp%2Fv2%2Fcomments&post=1780"}],"version-history":[{"count":0,"href":"https:\/\/www.littorelles.org\/index.php?rest_route=\/wp\/v2\/pages\/1780\/revisions"}],"up":[{"embeddable":true,"href":"https:\/\/www.littorelles.org\/index.php?rest_route=\/wp\/v2\/pages\/1481"}],"wp:attachment":[{"href":"https:\/\/www.littorelles.org\/index.php?rest_route=%2Fwp%2Fv2%2Fmedia&parent=1780"}],"curies":[{"name":"wp","href":"https:\/\/api.w.org\/{rel}","templated":true}]}}