{"id":1764,"date":"2017-04-02T02:43:21","date_gmt":"2017-04-02T01:43:21","guid":{"rendered":"http:\/\/littorelles.org\/?page_id=1764"},"modified":"2017-04-02T02:43:21","modified_gmt":"2017-04-02T01:43:21","slug":"constellation-piece-de-theatre","status":"publish","type":"page","link":"https:\/\/www.littorelles.org\/?page_id=1764","title":{"rendered":"Constellation &#8211; Pi\u00e8ce de Th\u00e9\u00e2tre"},"content":{"rendered":"<h6>\u00ab\u00a0Une relation, des possibilit\u00e9s infinies. Qui, ne s&rsquo;est jamais demand\u00e9 : \u00a0\u00bb Et, si &#8230;? \u00a0\u00bb Et si ce jour-l\u00e0, si nous avions fait un autre choix ?\u00a0\u00bb<\/h6>\n<p>Qui, se retournant sur sa vie, ou pensant \u00e0 un amour perdu, ne s&rsquo;est jamais demand\u00e9 : \u00a0\u00bb Et, si &#8230;? \u00a0\u00bb Et si ce jour-l\u00e0, si nous avions fait un autre choix? Et si, \u00e0 cet instant, la vie en avait d\u00e9cid\u00e9 autrement ?<\/p>\n<p>Imaginez \u00e0 pr\u00e9sent, qu&rsquo;il n&rsquo;existe pas un monde, mais une constellation de mondes d\u00e9clinant \u00e0 l&rsquo;infini les possibles de notre vie. Imaginez, qu&rsquo;il nous soit donn\u00e9 de pouvoir les vivre et les connaitre tous, comment notre destin en serait-il affect\u00e9 ?<\/p>\n<p>Une relation, des possibilit\u00e9s infinies.<\/p>\n<p>Cette hypoth\u00e8se po\u00e9tique et quantique est le point de d\u00e9part de Constellations. Bas\u00e9 sur la th\u00e9orie des cordes, ce texte nous am\u00e8ne \u00e0 exp\u00e9rimenter les diff\u00e9rentes vies de la constellation de possible d&rsquo;un couple : Marianne et Roland.<\/p>\n<p>Lui est apiculteur, elle est astrophysicienne. Ils se rencontrent \u00e0 l&rsquo;occasion d&rsquo;un barbecue. Le point de d\u00e9part est tr\u00e8s simple, la suite est une succession de sc\u00e8nes qui se r\u00e9p\u00e8tent mais en introduisant d&rsquo;habiles variations qui emm\u00e8nent le spectateur dans l&rsquo;intimit\u00e9 de ce couple. A travers diverses \u00e9tapes de la vie de deux \u00eatres qui s&rsquo;aiment et qui se d\u00e9chirent, cette narration innovante offre au spectateur la chance de vivre les al\u00e9as de la physique quantique sans avoir besoin de la comprendre. Loin d&rsquo;\u00eatre un exercice de style, cette pi\u00e8ce intelligente d\u00e9peint l&rsquo;histoire de chaque relation, de chaque choix et non choix. Nick Payne nous permet de revivre des \u00e9v\u00e9nements, d&rsquo;ouvrir et de<\/p>\n<p>A travers l&rsquo;histoire de Roland et Marianne, que rien ne pr\u00e9disposait \u00e0 se rencontrer, l&rsquo;auteur nous fait voyager dans leurs univers parall\u00e8les qui sont autant possibles et de variations autour du destin de la relation amoureuse: la rencontre, l&rsquo;\u00e9preuve, la s\u00e9paration, les retrouvailles. Un p\u00e9riple qui nous rappelle avec humour, po\u00e9sie et un brin de science que tout reste toujours possible.\u00a0\u00bb<\/p>\n<p>Une incroyable pi\u00e8ce d&rsquo;avant garde et universelle en m\u00eame temps, jou\u00e9e dans la langue de Shakespeare, ce qui ajoutait du piment \u00e0 la situation !<\/p>\n<div>&nbsp;<\/div>\n<div>ngg_shortcode_0_placeholder<\/div>\n","protected":false},"excerpt":{"rendered":"<p>\u00ab\u00a0Une relation, des possibilit\u00e9s infinies. Qui, ne s&rsquo;est jamais demand\u00e9 : \u00a0\u00bb Et, si &#8230;? \u00a0\u00bb Et si ce jour-l\u00e0, si nous avions fait un autre choix ?\u00a0\u00bb Qui, se retournant sur sa vie, ou pensant \u00e0 un amour perdu, ne s&rsquo;est jamais demand\u00e9 : \u00a0\u00bb Et, si &#8230;? \u00a0\u00bb Et si ce jour-l\u00e0, si &hellip; <a href=\"https:\/\/www.littorelles.org\/?page_id=1764\" class=\"more-link\">Continuer la lecture de <span class=\"screen-reader-text\">Constellation &#8211; Pi\u00e8ce de Th\u00e9\u00e2tre<\/span> <span class=\"meta-nav\">&rarr;<\/span><\/a><\/p>\n","protected":false},"author":1,"featured_media":0,"parent":1481,"menu_order":0,"comment_status":"closed","ping_status":"closed","template":"","meta":{"ngg_post_thumbnail":0,"footnotes":""},"class_list":["post-1764","page","type-page","status-publish","hentry"],"_links":{"self":[{"href":"https:\/\/www.littorelles.org\/index.php?rest_route=\/wp\/v2\/pages\/1764","targetHints":{"allow":["GET"]}}],"collection":[{"href":"https:\/\/www.littorelles.org\/index.php?rest_route=\/wp\/v2\/pages"}],"about":[{"href":"https:\/\/www.littorelles.org\/index.php?rest_route=\/wp\/v2\/types\/page"}],"author":[{"embeddable":true,"href":"https:\/\/www.littorelles.org\/index.php?rest_route=\/wp\/v2\/users\/1"}],"replies":[{"embeddable":true,"href":"https:\/\/www.littorelles.org\/index.php?rest_route=%2Fwp%2Fv2%2Fcomments&post=1764"}],"version-history":[{"count":0,"href":"https:\/\/www.littorelles.org\/index.php?rest_route=\/wp\/v2\/pages\/1764\/revisions"}],"up":[{"embeddable":true,"href":"https:\/\/www.littorelles.org\/index.php?rest_route=\/wp\/v2\/pages\/1481"}],"wp:attachment":[{"href":"https:\/\/www.littorelles.org\/index.php?rest_route=%2Fwp%2Fv2%2Fmedia&parent=1764"}],"curies":[{"name":"wp","href":"https:\/\/api.w.org\/{rel}","templated":true}]}}