{"id":175,"date":"2014-01-19T22:54:18","date_gmt":"2014-01-19T21:54:18","guid":{"rendered":"http:\/\/littorelles.org\/?page_id=175"},"modified":"2014-01-19T22:54:18","modified_gmt":"2014-01-19T21:54:18","slug":"0-cultures-et-civilisations","status":"publish","type":"page","link":"https:\/\/www.littorelles.org\/?page_id=175","title":{"rendered":"Cultures et civilisations"},"content":{"rendered":"<p>\u00ab Le premier Empereur : l\u2019arm\u00e9e en terre cuite de Chine \u00bb<br \/>\nA la rencontre d\u2019une culture m\u00e9connue \u2013 les masques d\u2019Alaska<br \/>\nAlexandre Del Valle : \u00ab La Turquie dans l\u2019Europe, Cheval de Troie islamiste ? \u00bb<br \/>\nFeng Shui avec Val\u00e9rie Petit<br \/>\nIkebana<br \/>\nIl \u00e9tait une fois No\u00ebl au Pays du C\u00e8dre \u2013 Journ\u00e9e festive \u00e0 Holiday Inn<br \/>\nIntroduction \u00e0 l\u2019arch\u00e9ologie des \u00ab Routes de la Soie \u00bb<br \/>\nL\u2019Eau sur les routes de la Soie \u2013 Conf\u00e9rence d\u2019Arnaud Bertrand<br \/>\nLa Com\u00e9die Humaine \u00e0 LILLE<br \/>\nLa route de Bouddha de l\u2019Inde au Japon<br \/>\nLa route de la Soie<br \/>\nLa Russie \u00e0 l\u2019Avant-Garde (1900-1935)<br \/>\nLa Russie au coeur de l\u2019Europe<br \/>\nLa Russie d\u2019Hier et aujourd\u2019hui : histoire, tradition et vie quotidienne<br \/>\nLe code de l\u2019honneur au Japon avec Monsieur LEE<br \/>\nMille facettes du S\u00e9n\u00e9gal, Zoom sur les Talib\u00e9s<br \/>\nPorcelaine de Chine<br \/>\nSaison Italienne \u00e0 Paris<br \/>\nSophie SCHULTZ ou l\u2019Art de la photographie<br \/>\nThe Littor\u2019elles Christmas Party<\/p>\n","protected":false},"excerpt":{"rendered":"<p>\u00ab Le premier Empereur : l\u2019arm\u00e9e en terre cuite de Chine \u00bb A la rencontre d\u2019une culture m\u00e9connue \u2013 les masques d\u2019Alaska Alexandre Del Valle : \u00ab La Turquie dans l\u2019Europe, Cheval de Troie islamiste ? \u00bb Feng Shui avec Val\u00e9rie Petit Ikebana Il \u00e9tait une fois No\u00ebl au Pays du C\u00e8dre \u2013 Journ\u00e9e festive &hellip; <a href=\"https:\/\/www.littorelles.org\/?page_id=175\" class=\"more-link\">Continuer la lecture de <span class=\"screen-reader-text\">Cultures et civilisations<\/span> <span class=\"meta-nav\">&rarr;<\/span><\/a><\/p>\n","protected":false},"author":1,"featured_media":0,"parent":37,"menu_order":0,"comment_status":"closed","ping_status":"closed","template":"","meta":{"ngg_post_thumbnail":0,"footnotes":""},"class_list":["post-175","page","type-page","status-publish","hentry"],"_links":{"self":[{"href":"https:\/\/www.littorelles.org\/index.php?rest_route=\/wp\/v2\/pages\/175","targetHints":{"allow":["GET"]}}],"collection":[{"href":"https:\/\/www.littorelles.org\/index.php?rest_route=\/wp\/v2\/pages"}],"about":[{"href":"https:\/\/www.littorelles.org\/index.php?rest_route=\/wp\/v2\/types\/page"}],"author":[{"embeddable":true,"href":"https:\/\/www.littorelles.org\/index.php?rest_route=\/wp\/v2\/users\/1"}],"replies":[{"embeddable":true,"href":"https:\/\/www.littorelles.org\/index.php?rest_route=%2Fwp%2Fv2%2Fcomments&post=175"}],"version-history":[{"count":0,"href":"https:\/\/www.littorelles.org\/index.php?rest_route=\/wp\/v2\/pages\/175\/revisions"}],"up":[{"embeddable":true,"href":"https:\/\/www.littorelles.org\/index.php?rest_route=\/wp\/v2\/pages\/37"}],"wp:attachment":[{"href":"https:\/\/www.littorelles.org\/index.php?rest_route=%2Fwp%2Fv2%2Fmedia&parent=175"}],"curies":[{"name":"wp","href":"https:\/\/api.w.org\/{rel}","templated":true}]}}