{"id":1724,"date":"2017-04-02T02:37:55","date_gmt":"2017-04-02T01:37:55","guid":{"rendered":"http:\/\/littorelles.org\/?page_id=1724"},"modified":"2017-04-02T02:37:55","modified_gmt":"2017-04-02T01:37:55","slug":"louvre-lens-les-desastres-de-la-guerre","status":"publish","type":"page","link":"https:\/\/www.littorelles.org\/?page_id=1724","title":{"rendered":"Louvre Lens &#8211; les d\u00e9sastres de la guerre"},"content":{"rendered":"<div>Cette exposition a montr\u00e9 en quoi les artistes ont contribu\u00e9 au mouvement de d\u00e9senchantement face \u00e0 la guerre&nbsp;\u00e0 partir&nbsp;du XIX\u00e8me si\u00e8cle, lors des campagnes napol\u00e9oniennes puis ensuite les si\u00e8cles suivants.<\/div>\n<div>&nbsp;<\/div>\n<div>&nbsp;Alors que l&rsquo;art \u00e9tait domin\u00e9 par la bataille h\u00e9ro\u00efque, la guerre fut repr\u00e9sent\u00e9e sous toutes ses faces, y compris ses cons\u00e9quences les plus atroces sur les humains, les animaux et la nature&#8230;.&nbsp;<\/div>\n<div>&nbsp;<\/div>\n<div>ngg_shortcode_0_placeholder<\/div>\n","protected":false},"excerpt":{"rendered":"<p>Cette exposition a montr\u00e9 en quoi les artistes ont contribu\u00e9 au mouvement de d\u00e9senchantement face \u00e0 la guerre&nbsp;\u00e0 partir&nbsp;du XIX\u00e8me si\u00e8cle, lors des campagnes napol\u00e9oniennes puis ensuite les si\u00e8cles suivants. &nbsp; &nbsp;Alors que l&rsquo;art \u00e9tait domin\u00e9 par la bataille h\u00e9ro\u00efque, la guerre fut repr\u00e9sent\u00e9e sous toutes ses faces, y compris ses cons\u00e9quences les plus atroces &hellip; <a href=\"https:\/\/www.littorelles.org\/?page_id=1724\" class=\"more-link\">Continuer la lecture de <span class=\"screen-reader-text\">Louvre Lens &#8211; les d\u00e9sastres de la guerre<\/span> <span class=\"meta-nav\">&rarr;<\/span><\/a><\/p>\n","protected":false},"author":1,"featured_media":0,"parent":1481,"menu_order":0,"comment_status":"closed","ping_status":"closed","template":"","meta":{"ngg_post_thumbnail":0,"footnotes":""},"class_list":["post-1724","page","type-page","status-publish","hentry"],"_links":{"self":[{"href":"https:\/\/www.littorelles.org\/index.php?rest_route=\/wp\/v2\/pages\/1724","targetHints":{"allow":["GET"]}}],"collection":[{"href":"https:\/\/www.littorelles.org\/index.php?rest_route=\/wp\/v2\/pages"}],"about":[{"href":"https:\/\/www.littorelles.org\/index.php?rest_route=\/wp\/v2\/types\/page"}],"author":[{"embeddable":true,"href":"https:\/\/www.littorelles.org\/index.php?rest_route=\/wp\/v2\/users\/1"}],"replies":[{"embeddable":true,"href":"https:\/\/www.littorelles.org\/index.php?rest_route=%2Fwp%2Fv2%2Fcomments&post=1724"}],"version-history":[{"count":0,"href":"https:\/\/www.littorelles.org\/index.php?rest_route=\/wp\/v2\/pages\/1724\/revisions"}],"up":[{"embeddable":true,"href":"https:\/\/www.littorelles.org\/index.php?rest_route=\/wp\/v2\/pages\/1481"}],"wp:attachment":[{"href":"https:\/\/www.littorelles.org\/index.php?rest_route=%2Fwp%2Fv2%2Fmedia&parent=1724"}],"curies":[{"name":"wp","href":"https:\/\/api.w.org\/{rel}","templated":true}]}}