{"id":1712,"date":"2017-04-02T02:35:01","date_gmt":"2017-04-02T01:35:01","guid":{"rendered":"http:\/\/littorelles.org\/?page_id=1712"},"modified":"2017-04-02T02:35:01","modified_gmt":"2017-04-02T01:35:01","slug":"versailles-sinvite-a-arras","status":"publish","type":"page","link":"https:\/\/www.littorelles.org\/?page_id=1712","title":{"rendered":"Versailles s&rsquo;invite \u00e0 Arras"},"content":{"rendered":"<p>Six ambiances successives pour nous plonger dans les lieux et \u00e9poques de la r\u00e9sidence royale, ainsi que l&rsquo; historique des&nbsp;personnages qui y ont v\u00e9cu : marbre, or, argent boiseries et marqueteries&#8230; Des \u0153uvres des plus grands artistes et des monumentales tapisseries des Gobelins \u00e9taient expos\u00e9es.<\/p>\nngg_shortcode_0_placeholder\n","protected":false},"excerpt":{"rendered":"<p>Six ambiances successives pour nous plonger dans les lieux et \u00e9poques de la r\u00e9sidence royale, ainsi que l&rsquo; historique des&nbsp;personnages qui y ont v\u00e9cu : marbre, or, argent boiseries et marqueteries&#8230; Des \u0153uvres des plus grands artistes et des monumentales tapisseries des Gobelins \u00e9taient expos\u00e9es.<\/p>\n","protected":false},"author":1,"featured_media":0,"parent":1481,"menu_order":0,"comment_status":"closed","ping_status":"closed","template":"","meta":{"ngg_post_thumbnail":0,"footnotes":""},"class_list":["post-1712","page","type-page","status-publish","hentry"],"_links":{"self":[{"href":"https:\/\/www.littorelles.org\/index.php?rest_route=\/wp\/v2\/pages\/1712","targetHints":{"allow":["GET"]}}],"collection":[{"href":"https:\/\/www.littorelles.org\/index.php?rest_route=\/wp\/v2\/pages"}],"about":[{"href":"https:\/\/www.littorelles.org\/index.php?rest_route=\/wp\/v2\/types\/page"}],"author":[{"embeddable":true,"href":"https:\/\/www.littorelles.org\/index.php?rest_route=\/wp\/v2\/users\/1"}],"replies":[{"embeddable":true,"href":"https:\/\/www.littorelles.org\/index.php?rest_route=%2Fwp%2Fv2%2Fcomments&post=1712"}],"version-history":[{"count":0,"href":"https:\/\/www.littorelles.org\/index.php?rest_route=\/wp\/v2\/pages\/1712\/revisions"}],"up":[{"embeddable":true,"href":"https:\/\/www.littorelles.org\/index.php?rest_route=\/wp\/v2\/pages\/1481"}],"wp:attachment":[{"href":"https:\/\/www.littorelles.org\/index.php?rest_route=%2Fwp%2Fv2%2Fmedia&parent=1712"}],"curies":[{"name":"wp","href":"https:\/\/api.w.org\/{rel}","templated":true}]}}