{"id":1664,"date":"2017-04-02T02:28:47","date_gmt":"2017-04-02T01:28:47","guid":{"rendered":"http:\/\/littorelles.org\/?page_id=1664"},"modified":"2017-04-02T02:28:47","modified_gmt":"2017-04-02T01:28:47","slug":"la-chartreuse-de-neuville-sous-montreuil","status":"publish","type":"page","link":"https:\/\/www.littorelles.org\/?page_id=1664","title":{"rendered":"La Chartreuse de Neuville-sous-Montreuil"},"content":{"rendered":"<div>Cette chartreuse a une histoire pleine de rebondissements ( moines, r\u00e9volution, h\u00f4pital, colonies de vacances &#8230; Et demain site h\u00f4telier)<\/div>\n<div>Nous avons \u00e9t\u00e9 bien accueillies pour la visite guid\u00e9e pour ce site remarquable.<\/div>\n<div>Marie Christine&nbsp; Livermore nous donn\u00e9 une conf\u00e9rence tr\u00e8s document\u00e9e sur Ali\u00e9nor d&rsquo;Aquitaine, puis nous avons pris le th\u00e9.<\/div>\n<div>Une tr\u00e8s agr\u00e9able apr\u00e8s midi !<\/div>\n<div>ngg_shortcode_0_placeholder<\/div>\n<div>&nbsp;<\/div>\n","protected":false},"excerpt":{"rendered":"<p>Cette chartreuse a une histoire pleine de rebondissements ( moines, r\u00e9volution, h\u00f4pital, colonies de vacances &#8230; Et demain site h\u00f4telier) Nous avons \u00e9t\u00e9 bien accueillies pour la visite guid\u00e9e pour ce site remarquable. Marie Christine&nbsp; Livermore nous donn\u00e9 une conf\u00e9rence tr\u00e8s document\u00e9e sur Ali\u00e9nor d&rsquo;Aquitaine, puis nous avons pris le th\u00e9. Une tr\u00e8s agr\u00e9able apr\u00e8s &hellip; <a href=\"https:\/\/www.littorelles.org\/?page_id=1664\" class=\"more-link\">Continuer la lecture de <span class=\"screen-reader-text\">La Chartreuse de Neuville-sous-Montreuil<\/span> <span class=\"meta-nav\">&rarr;<\/span><\/a><\/p>\n","protected":false},"author":1,"featured_media":0,"parent":1481,"menu_order":0,"comment_status":"closed","ping_status":"closed","template":"","meta":{"ngg_post_thumbnail":0,"footnotes":""},"class_list":["post-1664","page","type-page","status-publish","hentry"],"_links":{"self":[{"href":"https:\/\/www.littorelles.org\/index.php?rest_route=\/wp\/v2\/pages\/1664","targetHints":{"allow":["GET"]}}],"collection":[{"href":"https:\/\/www.littorelles.org\/index.php?rest_route=\/wp\/v2\/pages"}],"about":[{"href":"https:\/\/www.littorelles.org\/index.php?rest_route=\/wp\/v2\/types\/page"}],"author":[{"embeddable":true,"href":"https:\/\/www.littorelles.org\/index.php?rest_route=\/wp\/v2\/users\/1"}],"replies":[{"embeddable":true,"href":"https:\/\/www.littorelles.org\/index.php?rest_route=%2Fwp%2Fv2%2Fcomments&post=1664"}],"version-history":[{"count":0,"href":"https:\/\/www.littorelles.org\/index.php?rest_route=\/wp\/v2\/pages\/1664\/revisions"}],"up":[{"embeddable":true,"href":"https:\/\/www.littorelles.org\/index.php?rest_route=\/wp\/v2\/pages\/1481"}],"wp:attachment":[{"href":"https:\/\/www.littorelles.org\/index.php?rest_route=%2Fwp%2Fv2%2Fmedia&parent=1664"}],"curies":[{"name":"wp","href":"https:\/\/api.w.org\/{rel}","templated":true}]}}