{"id":1652,"date":"2017-04-02T02:25:59","date_gmt":"2017-04-02T01:25:59","guid":{"rendered":"http:\/\/littorelles.org\/?page_id=1652"},"modified":"2017-04-02T02:25:59","modified_gmt":"2017-04-02T01:25:59","slug":"exposition-van-gogh-a-mons","status":"publish","type":"page","link":"https:\/\/www.littorelles.org\/?page_id=1652","title":{"rendered":"Exposition VAN GOGH \u00e0 Mons"},"content":{"rendered":"<div>Durant son s\u00e9jour au Borinage, de d\u00e9cembre 1878 \u00e0 1890, Vincent Van Gogh renonce \u00e0 sa carri\u00e8re d&rsquo;\u00e9vang\u00e9liste pour devenir peintre.<\/div>\n<div>&nbsp;<\/div>\n<div>Cette exposition nous montre cette p\u00e9riode marqu\u00e9e par son s\u00e9jour dans le bassin minier. Une p\u00e9riode assez sombre par les diff\u00e9rents sujets et les couleurs&#8230;<\/div>\n<div>&nbsp;<\/div>\n<div>ngg_shortcode_0_placeholder<\/div>\n","protected":false},"excerpt":{"rendered":"<p>Durant son s\u00e9jour au Borinage, de d\u00e9cembre 1878 \u00e0 1890, Vincent Van Gogh renonce \u00e0 sa carri\u00e8re d&rsquo;\u00e9vang\u00e9liste pour devenir peintre. &nbsp; Cette exposition nous montre cette p\u00e9riode marqu\u00e9e par son s\u00e9jour dans le bassin minier. Une p\u00e9riode assez sombre par les diff\u00e9rents sujets et les couleurs&#8230; &nbsp;<\/p>\n","protected":false},"author":1,"featured_media":0,"parent":1481,"menu_order":0,"comment_status":"closed","ping_status":"closed","template":"","meta":{"ngg_post_thumbnail":0,"footnotes":""},"class_list":["post-1652","page","type-page","status-publish","hentry"],"_links":{"self":[{"href":"https:\/\/www.littorelles.org\/index.php?rest_route=\/wp\/v2\/pages\/1652","targetHints":{"allow":["GET"]}}],"collection":[{"href":"https:\/\/www.littorelles.org\/index.php?rest_route=\/wp\/v2\/pages"}],"about":[{"href":"https:\/\/www.littorelles.org\/index.php?rest_route=\/wp\/v2\/types\/page"}],"author":[{"embeddable":true,"href":"https:\/\/www.littorelles.org\/index.php?rest_route=\/wp\/v2\/users\/1"}],"replies":[{"embeddable":true,"href":"https:\/\/www.littorelles.org\/index.php?rest_route=%2Fwp%2Fv2%2Fcomments&post=1652"}],"version-history":[{"count":0,"href":"https:\/\/www.littorelles.org\/index.php?rest_route=\/wp\/v2\/pages\/1652\/revisions"}],"up":[{"embeddable":true,"href":"https:\/\/www.littorelles.org\/index.php?rest_route=\/wp\/v2\/pages\/1481"}],"wp:attachment":[{"href":"https:\/\/www.littorelles.org\/index.php?rest_route=%2Fwp%2Fv2%2Fmedia&parent=1652"}],"curies":[{"name":"wp","href":"https:\/\/api.w.org\/{rel}","templated":true}]}}