{"id":1612,"date":"2017-04-02T02:21:19","date_gmt":"2017-04-02T01:21:19","guid":{"rendered":"http:\/\/littorelles.org\/?page_id=1612"},"modified":"2017-04-02T02:21:19","modified_gmt":"2017-04-02T01:21:19","slug":"chateau-de-cocove-repas-de-noel","status":"publish","type":"page","link":"https:\/\/www.littorelles.org\/?page_id=1612","title":{"rendered":"Ch\u00e2teau de Cocove &#8211; Repas de No\u00ebl"},"content":{"rendered":"<div>Une cadre magnifique et un d\u00e9jeuner gastronomique pour notre repas de No\u00ebl 2015 au Ch\u00e2teau de Cocove<\/div>\n<div>Une ambiance de f\u00eate et d&rsquo;amiti\u00e9<\/div>\n<div>&nbsp;<\/div>\n<div>L&rsquo;\u00e9tonnante Passiflore nous a retrac\u00e9 ensuite l&rsquo;histoire des M\u00e9dicis de fa\u00e7on magistrale et passionnante !<\/div>\n<div>&nbsp;<\/div>\n<div>ngg_shortcode_0_placeholder<\/div>\n","protected":false},"excerpt":{"rendered":"<p>Une cadre magnifique et un d\u00e9jeuner gastronomique pour notre repas de No\u00ebl 2015 au Ch\u00e2teau de Cocove Une ambiance de f\u00eate et d&rsquo;amiti\u00e9 &nbsp; L&rsquo;\u00e9tonnante Passiflore nous a retrac\u00e9 ensuite l&rsquo;histoire des M\u00e9dicis de fa\u00e7on magistrale et passionnante ! &nbsp;<\/p>\n","protected":false},"author":1,"featured_media":0,"parent":1481,"menu_order":0,"comment_status":"closed","ping_status":"closed","template":"","meta":{"ngg_post_thumbnail":0,"footnotes":""},"class_list":["post-1612","page","type-page","status-publish","hentry"],"_links":{"self":[{"href":"https:\/\/www.littorelles.org\/index.php?rest_route=\/wp\/v2\/pages\/1612","targetHints":{"allow":["GET"]}}],"collection":[{"href":"https:\/\/www.littorelles.org\/index.php?rest_route=\/wp\/v2\/pages"}],"about":[{"href":"https:\/\/www.littorelles.org\/index.php?rest_route=\/wp\/v2\/types\/page"}],"author":[{"embeddable":true,"href":"https:\/\/www.littorelles.org\/index.php?rest_route=\/wp\/v2\/users\/1"}],"replies":[{"embeddable":true,"href":"https:\/\/www.littorelles.org\/index.php?rest_route=%2Fwp%2Fv2%2Fcomments&post=1612"}],"version-history":[{"count":0,"href":"https:\/\/www.littorelles.org\/index.php?rest_route=\/wp\/v2\/pages\/1612\/revisions"}],"up":[{"embeddable":true,"href":"https:\/\/www.littorelles.org\/index.php?rest_route=\/wp\/v2\/pages\/1481"}],"wp:attachment":[{"href":"https:\/\/www.littorelles.org\/index.php?rest_route=%2Fwp%2Fv2%2Fmedia&parent=1612"}],"curies":[{"name":"wp","href":"https:\/\/api.w.org\/{rel}","templated":true}]}}