{"id":1580,"date":"2017-04-02T02:08:39","date_gmt":"2017-04-02T01:08:39","guid":{"rendered":"http:\/\/littorelles.org\/?page_id=1580"},"modified":"2017-04-02T02:08:39","modified_gmt":"2017-04-02T01:08:39","slug":"northbourne-park-school-visite-dune-ecole-anglaise","status":"publish","type":"page","link":"https:\/\/www.littorelles.org\/?page_id=1580","title":{"rendered":"Northbourne park school, visite d&rsquo;une \u00e9cole anglaise"},"content":{"rendered":"<p>Chantal nous a offert un v\u00e9ritable privil\u00e8ge Littor&rsquo;elles !<\/p>\n<p>Nous \u00e9tions attendus pour le th\u00e9. Nous avons rencontr\u00e9 la direction et re\u00e7u toutes les informations sur l&rsquo;enseignement.<br \/>\nNous avons vu les coll\u00e9giens heureux de vivre dans une \u00e9cole priv\u00e9e qui offre d&rsquo; incroyables possibilit\u00e9s de culture et d&rsquo;\u00e9panouissement en plus de l&rsquo;enseignement traditionnel.<br \/>\nNous \u00e9tions ravies.<\/p>\nngg_shortcode_0_placeholder\n","protected":false},"excerpt":{"rendered":"<p>Chantal nous a offert un v\u00e9ritable privil\u00e8ge Littor&rsquo;elles ! Nous \u00e9tions attendus pour le th\u00e9. Nous avons rencontr\u00e9 la direction et re\u00e7u toutes les informations sur l&rsquo;enseignement. Nous avons vu les coll\u00e9giens heureux de vivre dans une \u00e9cole priv\u00e9e qui offre d&rsquo; incroyables possibilit\u00e9s de culture et d&rsquo;\u00e9panouissement en plus de l&rsquo;enseignement traditionnel. Nous \u00e9tions &hellip; <a href=\"https:\/\/www.littorelles.org\/?page_id=1580\" class=\"more-link\">Continuer la lecture de <span class=\"screen-reader-text\">Northbourne park school, visite d&rsquo;une \u00e9cole anglaise<\/span> <span class=\"meta-nav\">&rarr;<\/span><\/a><\/p>\n","protected":false},"author":1,"featured_media":0,"parent":1481,"menu_order":0,"comment_status":"closed","ping_status":"closed","template":"","meta":{"ngg_post_thumbnail":0,"footnotes":""},"class_list":["post-1580","page","type-page","status-publish","hentry"],"_links":{"self":[{"href":"https:\/\/www.littorelles.org\/index.php?rest_route=\/wp\/v2\/pages\/1580","targetHints":{"allow":["GET"]}}],"collection":[{"href":"https:\/\/www.littorelles.org\/index.php?rest_route=\/wp\/v2\/pages"}],"about":[{"href":"https:\/\/www.littorelles.org\/index.php?rest_route=\/wp\/v2\/types\/page"}],"author":[{"embeddable":true,"href":"https:\/\/www.littorelles.org\/index.php?rest_route=\/wp\/v2\/users\/1"}],"replies":[{"embeddable":true,"href":"https:\/\/www.littorelles.org\/index.php?rest_route=%2Fwp%2Fv2%2Fcomments&post=1580"}],"version-history":[{"count":0,"href":"https:\/\/www.littorelles.org\/index.php?rest_route=\/wp\/v2\/pages\/1580\/revisions"}],"up":[{"embeddable":true,"href":"https:\/\/www.littorelles.org\/index.php?rest_route=\/wp\/v2\/pages\/1481"}],"wp:attachment":[{"href":"https:\/\/www.littorelles.org\/index.php?rest_route=%2Fwp%2Fv2%2Fmedia&parent=1580"}],"curies":[{"name":"wp","href":"https:\/\/api.w.org\/{rel}","templated":true}]}}