{"id":1552,"date":"2017-04-02T01:55:56","date_gmt":"2017-04-02T00:55:56","guid":{"rendered":"http:\/\/littorelles.org\/?page_id=1552"},"modified":"2017-04-02T01:55:56","modified_gmt":"2017-04-02T00:55:56","slug":"louvre-lens-dansez-embrassez-qui-vous-voudrez","status":"publish","type":"page","link":"https:\/\/www.littorelles.org\/?page_id=1552","title":{"rendered":"Louvre Lens &#8211; Dansez embrassez qui vous voudrez"},"content":{"rendered":"<h5>Le go\u00fbt fran\u00e7ais, le bonheur de vivre, la soif de libert\u00e9<\/h5>\n<div>L&rsquo;exposition&nbsp;a rendu&nbsp;hommage au th\u00e8me de la F\u00eate galante, popularis\u00e9 par Antoine Watteau (1684-1721) et qui connut en France et en Europe un succ\u00e8s tout au long du Si\u00e8cle des Lumi\u00e8res.<br \/>\nR\u00e9pondant \u00e0 une soif de libert\u00e9 et \u00e0 un assouplissement des moeurs pendant la R\u00e9gence, ce th\u00e8me clamait la joie de vivre, les d\u00e9lices de l&rsquo;amour, l&rsquo;alchimie des sentiments et le besoin de para\u00eetre<\/div>\n<div>&nbsp;<\/div>\n<div>Autant dire, une visite exquise et tr\u00e8s bien comment\u00e9e autour de tableaux, porcelaines et&nbsp;objets pr\u00e9cieux !<\/div>\n<div>&nbsp;<\/div>\n<div>ngg_shortcode_0_placeholder<\/div>\n","protected":false},"excerpt":{"rendered":"<p>Le go\u00fbt fran\u00e7ais, le bonheur de vivre, la soif de libert\u00e9 L&rsquo;exposition&nbsp;a rendu&nbsp;hommage au th\u00e8me de la F\u00eate galante, popularis\u00e9 par Antoine Watteau (1684-1721) et qui connut en France et en Europe un succ\u00e8s tout au long du Si\u00e8cle des Lumi\u00e8res. R\u00e9pondant \u00e0 une soif de libert\u00e9 et \u00e0 un assouplissement des moeurs pendant la &hellip; <a href=\"https:\/\/www.littorelles.org\/?page_id=1552\" class=\"more-link\">Continuer la lecture de <span class=\"screen-reader-text\">Louvre Lens &#8211; Dansez embrassez qui vous voudrez<\/span> <span class=\"meta-nav\">&rarr;<\/span><\/a><\/p>\n","protected":false},"author":1,"featured_media":0,"parent":1481,"menu_order":0,"comment_status":"closed","ping_status":"closed","template":"","meta":{"ngg_post_thumbnail":0,"footnotes":""},"class_list":["post-1552","page","type-page","status-publish","hentry"],"_links":{"self":[{"href":"https:\/\/www.littorelles.org\/index.php?rest_route=\/wp\/v2\/pages\/1552","targetHints":{"allow":["GET"]}}],"collection":[{"href":"https:\/\/www.littorelles.org\/index.php?rest_route=\/wp\/v2\/pages"}],"about":[{"href":"https:\/\/www.littorelles.org\/index.php?rest_route=\/wp\/v2\/types\/page"}],"author":[{"embeddable":true,"href":"https:\/\/www.littorelles.org\/index.php?rest_route=\/wp\/v2\/users\/1"}],"replies":[{"embeddable":true,"href":"https:\/\/www.littorelles.org\/index.php?rest_route=%2Fwp%2Fv2%2Fcomments&post=1552"}],"version-history":[{"count":0,"href":"https:\/\/www.littorelles.org\/index.php?rest_route=\/wp\/v2\/pages\/1552\/revisions"}],"up":[{"embeddable":true,"href":"https:\/\/www.littorelles.org\/index.php?rest_route=\/wp\/v2\/pages\/1481"}],"wp:attachment":[{"href":"https:\/\/www.littorelles.org\/index.php?rest_route=%2Fwp%2Fv2%2Fmedia&parent=1552"}],"curies":[{"name":"wp","href":"https:\/\/api.w.org\/{rel}","templated":true}]}}