{"id":1528,"date":"2017-04-02T01:49:10","date_gmt":"2017-04-02T00:49:10","guid":{"rendered":"http:\/\/littorelles.org\/?page_id=1528"},"modified":"2017-04-02T01:49:10","modified_gmt":"2017-04-02T00:49:10","slug":"le-familistere-a-guise","status":"publish","type":"page","link":"https:\/\/www.littorelles.org\/?page_id=1528","title":{"rendered":"Le Familist\u00e8re \u00e0 Guise"},"content":{"rendered":"<div><strong>Le Familist\u00e8re de Guise, une utopie ? En tous cas, &nbsp;une \u00e9norme avanc\u00e9e sociale pour son \u00e9poque.<\/strong><\/div>\n<div>&nbsp;<\/div>\n<div>Les participantes \u00e9taient tr\u00e8s int\u00e9ress\u00e9es par ce lieu rest\u00e9 dans son jus<\/div>\n<div><strong><br class=\"m_5138972151991866926gmail-manualbr\"><\/strong>\u00ab\u00a0Jean-Baptiste Andr\u00e9 Godin, fondateur de l\u2019usine de po\u00eales et fouri\u00e9riste convaincu, souhaitait offrir les \u00ab&nbsp;\u00e9quivalents de la richesse&nbsp;\u00bb \u00e0 tous.<\/div>\n<div>En collaboration avec les employ\u00e9s de l\u2019usine, il b\u00e2tit \u00e0 partir de 1860 un \u00ab&nbsp;Palais Social&nbsp;\u00bb o\u00fa s\u2019exp\u00e9rimenta pendant un si\u00e8cle un projet de soci\u00e9t\u00e9 original.<\/div>\n<div>&nbsp;<\/div>\n<div>Le Familist\u00e8re se compose de cinq pavillons d\u2019habitation et d\u2019\u00e9quipements annexes comme le lavoir-piscine, le jardin d\u2019agr\u00e9ment, l\u2019\u00e9cole ou encore le th\u00e9\u00e2tre.\u00a0\u00bb<\/div>\n<div>&nbsp;<\/div>\n<div>ngg_shortcode_0_placeholder<\/div>\n","protected":false},"excerpt":{"rendered":"<p>Le Familist\u00e8re de Guise, une utopie ? En tous cas, &nbsp;une \u00e9norme avanc\u00e9e sociale pour son \u00e9poque. &nbsp; Les participantes \u00e9taient tr\u00e8s int\u00e9ress\u00e9es par ce lieu rest\u00e9 dans son jus \u00ab\u00a0Jean-Baptiste Andr\u00e9 Godin, fondateur de l\u2019usine de po\u00eales et fouri\u00e9riste convaincu, souhaitait offrir les \u00ab&nbsp;\u00e9quivalents de la richesse&nbsp;\u00bb \u00e0 tous. En collaboration avec les employ\u00e9s &hellip; <a href=\"https:\/\/www.littorelles.org\/?page_id=1528\" class=\"more-link\">Continuer la lecture de <span class=\"screen-reader-text\">Le Familist\u00e8re \u00e0 Guise<\/span> <span class=\"meta-nav\">&rarr;<\/span><\/a><\/p>\n","protected":false},"author":1,"featured_media":0,"parent":1481,"menu_order":0,"comment_status":"closed","ping_status":"closed","template":"","meta":{"ngg_post_thumbnail":0,"footnotes":""},"class_list":["post-1528","page","type-page","status-publish","hentry"],"_links":{"self":[{"href":"https:\/\/www.littorelles.org\/index.php?rest_route=\/wp\/v2\/pages\/1528","targetHints":{"allow":["GET"]}}],"collection":[{"href":"https:\/\/www.littorelles.org\/index.php?rest_route=\/wp\/v2\/pages"}],"about":[{"href":"https:\/\/www.littorelles.org\/index.php?rest_route=\/wp\/v2\/types\/page"}],"author":[{"embeddable":true,"href":"https:\/\/www.littorelles.org\/index.php?rest_route=\/wp\/v2\/users\/1"}],"replies":[{"embeddable":true,"href":"https:\/\/www.littorelles.org\/index.php?rest_route=%2Fwp%2Fv2%2Fcomments&post=1528"}],"version-history":[{"count":0,"href":"https:\/\/www.littorelles.org\/index.php?rest_route=\/wp\/v2\/pages\/1528\/revisions"}],"up":[{"embeddable":true,"href":"https:\/\/www.littorelles.org\/index.php?rest_route=\/wp\/v2\/pages\/1481"}],"wp:attachment":[{"href":"https:\/\/www.littorelles.org\/index.php?rest_route=%2Fwp%2Fv2%2Fmedia&parent=1528"}],"curies":[{"name":"wp","href":"https:\/\/api.w.org\/{rel}","templated":true}]}}