{"id":1487,"date":"2017-04-02T01:05:32","date_gmt":"2017-04-02T00:05:32","guid":{"rendered":"http:\/\/littorelles.org\/?page_id=1487"},"modified":"2017-04-02T01:05:32","modified_gmt":"2017-04-02T00:05:32","slug":"montmartre-avec-passiflore","status":"publish","type":"page","link":"https:\/\/www.littorelles.org\/?page_id=1487","title":{"rendered":"Montmartre avec Passiflore"},"content":{"rendered":"<div>La pluie \u00e9tait au rendez vous mais cela n&rsquo;a pas emp\u00each\u00e9 notre petit groupe de passer une formidable matin\u00e9e \u00e0 Montmartre sur les pas de Picasso.<\/div>\n<div>&nbsp;<\/div>\n<div>Passiflore nous amen\u00e9 sur les lieux embl\u00e9matiques des peintres et artistes&nbsp;qui y ont s\u00e9journ\u00e9&nbsp;: le lavoir, le lapin agile, la maison de Dalida et autres c\u00e9l\u00e9brit\u00e9s&#8230;.<\/div>\n<div>Nous avons m\u00eame rencontr\u00e9 Michou et son manteau bleu<\/div>\n<div>&nbsp;<\/div>\n<div>Une tr\u00e8s agr\u00e9able balade&#8230;. que nous avons poursuivi en visitant le Mus\u00e9e Picasso<\/div>\n<div>&nbsp;<\/div>\n<div>ngg_shortcode_0_placeholder<\/div>\n","protected":false},"excerpt":{"rendered":"<p>La pluie \u00e9tait au rendez vous mais cela n&rsquo;a pas emp\u00each\u00e9 notre petit groupe de passer une formidable matin\u00e9e \u00e0 Montmartre sur les pas de Picasso. &nbsp; Passiflore nous amen\u00e9 sur les lieux embl\u00e9matiques des peintres et artistes&nbsp;qui y ont s\u00e9journ\u00e9&nbsp;: le lavoir, le lapin agile, la maison de Dalida et autres c\u00e9l\u00e9brit\u00e9s&#8230;. Nous avons &hellip; <a href=\"https:\/\/www.littorelles.org\/?page_id=1487\" class=\"more-link\">Continuer la lecture de <span class=\"screen-reader-text\">Montmartre avec Passiflore<\/span> <span class=\"meta-nav\">&rarr;<\/span><\/a><\/p>\n","protected":false},"author":1,"featured_media":0,"parent":1481,"menu_order":0,"comment_status":"closed","ping_status":"closed","template":"","meta":{"ngg_post_thumbnail":0,"footnotes":""},"class_list":["post-1487","page","type-page","status-publish","hentry"],"_links":{"self":[{"href":"https:\/\/www.littorelles.org\/index.php?rest_route=\/wp\/v2\/pages\/1487","targetHints":{"allow":["GET"]}}],"collection":[{"href":"https:\/\/www.littorelles.org\/index.php?rest_route=\/wp\/v2\/pages"}],"about":[{"href":"https:\/\/www.littorelles.org\/index.php?rest_route=\/wp\/v2\/types\/page"}],"author":[{"embeddable":true,"href":"https:\/\/www.littorelles.org\/index.php?rest_route=\/wp\/v2\/users\/1"}],"replies":[{"embeddable":true,"href":"https:\/\/www.littorelles.org\/index.php?rest_route=%2Fwp%2Fv2%2Fcomments&post=1487"}],"version-history":[{"count":0,"href":"https:\/\/www.littorelles.org\/index.php?rest_route=\/wp\/v2\/pages\/1487\/revisions"}],"up":[{"embeddable":true,"href":"https:\/\/www.littorelles.org\/index.php?rest_route=\/wp\/v2\/pages\/1481"}],"wp:attachment":[{"href":"https:\/\/www.littorelles.org\/index.php?rest_route=%2Fwp%2Fv2%2Fmedia&parent=1487"}],"curies":[{"name":"wp","href":"https:\/\/api.w.org\/{rel}","templated":true}]}}