{"id":148,"date":"2014-01-19T22:47:10","date_gmt":"2014-01-19T21:47:10","guid":{"rendered":"http:\/\/littorelles.org\/?page_id=148"},"modified":"2014-01-19T22:47:10","modified_gmt":"2014-01-19T21:47:10","slug":"0-belgique","status":"publish","type":"page","link":"https:\/\/www.littorelles.org\/?page_id=148","title":{"rendered":"Belgique"},"content":{"rendered":"<p>ANVERS et MIDDELHEIM<br \/>\nBruges, de Van Eyck \u00e0 Durer<br \/>\nBruxelles Patrimoine Industriel\/Patrimoine Architectural<br \/>\nDamme, paysages flamands<br \/>\nHainaut et Wallonie<br \/>\nJourn\u00e9e Art Nouveau \u00e0 Bruxelles<br \/>\nLe corps dans tous ses \u00e9tats \u2013 Bruxelles<br \/>\nLe Grand Atelier, Chemins de l\u2019art en Europe<br \/>\nLe MOMU et le caf\u00e9 HORTA<br \/>\nLeonardo DA VINCI Le g\u00e9nie europ\u00e9en<br \/>\nOSTENDE<br \/>\nRubens Lille 2004 \u2013 Fondation Veranneman<\/p>\n","protected":false},"excerpt":{"rendered":"<p>ANVERS et MIDDELHEIM Bruges, de Van Eyck \u00e0 Durer Bruxelles Patrimoine Industriel\/Patrimoine Architectural Damme, paysages flamands Hainaut et Wallonie Journ\u00e9e Art Nouveau \u00e0 Bruxelles Le corps dans tous ses \u00e9tats \u2013 Bruxelles Le Grand Atelier, Chemins de l\u2019art en Europe Le MOMU et le caf\u00e9 HORTA Leonardo DA VINCI Le g\u00e9nie europ\u00e9en OSTENDE Rubens Lille &hellip; <a href=\"https:\/\/www.littorelles.org\/?page_id=148\" class=\"more-link\">Continuer la lecture de <span class=\"screen-reader-text\">Belgique<\/span> <span class=\"meta-nav\">&rarr;<\/span><\/a><\/p>\n","protected":false},"author":1,"featured_media":0,"parent":37,"menu_order":0,"comment_status":"closed","ping_status":"open","template":"","meta":{"ngg_post_thumbnail":0,"footnotes":""},"class_list":["post-148","page","type-page","status-publish","hentry"],"_links":{"self":[{"href":"https:\/\/www.littorelles.org\/index.php?rest_route=\/wp\/v2\/pages\/148","targetHints":{"allow":["GET"]}}],"collection":[{"href":"https:\/\/www.littorelles.org\/index.php?rest_route=\/wp\/v2\/pages"}],"about":[{"href":"https:\/\/www.littorelles.org\/index.php?rest_route=\/wp\/v2\/types\/page"}],"author":[{"embeddable":true,"href":"https:\/\/www.littorelles.org\/index.php?rest_route=\/wp\/v2\/users\/1"}],"replies":[{"embeddable":true,"href":"https:\/\/www.littorelles.org\/index.php?rest_route=%2Fwp%2Fv2%2Fcomments&post=148"}],"version-history":[{"count":0,"href":"https:\/\/www.littorelles.org\/index.php?rest_route=\/wp\/v2\/pages\/148\/revisions"}],"up":[{"embeddable":true,"href":"https:\/\/www.littorelles.org\/index.php?rest_route=\/wp\/v2\/pages\/37"}],"wp:attachment":[{"href":"https:\/\/www.littorelles.org\/index.php?rest_route=%2Fwp%2Fv2%2Fmedia&parent=148"}],"curies":[{"name":"wp","href":"https:\/\/api.w.org\/{rel}","templated":true}]}}