{"id":1475,"date":"2017-04-02T00:44:49","date_gmt":"2017-04-01T23:44:49","guid":{"rendered":"http:\/\/littorelles.org\/?page_id=1475"},"modified":"2017-04-02T00:44:49","modified_gmt":"2017-04-01T23:44:49","slug":"jean-et-marie-roulland-conference-de-bruno-vouters","status":"publish","type":"page","link":"https:\/\/www.littorelles.org\/?page_id=1475","title":{"rendered":"Jean et Marie Roulland conf\u00e9rence de Bruno VOUTERS"},"content":{"rendered":"<p>Au Mus\u00e9e des Beaux Arts, nous avions d\u00e9cid\u00e9 d&rsquo;accueillir Marie Roulland et Bruno VOUTERS au sujet du livre Jean et Marie, et d&rsquo;ouvrir gratuitement au public pour nous faire conna\u00eetre.<\/p>\n<p>Jean et Marie, \u00e9crit en 2012, est le premier roman de Bruno Vouters, r\u00e9dacteur en chef-adjoint \u00e0 la Voix du Nord.<br \/>\nCe r\u00e9cit c\u00e9l\u00e8bre l\u2019histoire d\u2019un amour qui d\u00e9fie la mort. Jean Roulland, sculpteur r\u00e9put\u00e9 install\u00e9 sur la C\u00f4te d\u2019Opale, est victime d\u2019un AVC.<br \/>\nMarie, sa femme, raconte l\u2019espoir, leur combat commun contre la mort, pour la vie, contre la maladie et le handicap pour, enfin, rena\u00eetre \u00e0 la lumi\u00e8re<\/p>\n<p>Ce fut un r\u00e9el succ\u00e8s et les participants ont \u00e9t\u00e9 \u00e9mus de ce t\u00e9moignage et de la simplicit\u00e9 de Marie et l&rsquo;amour qu&rsquo;elle porte \u00e0 son \u00e9poux sculpteur.<\/p>\nngg_shortcode_0_placeholder\n","protected":false},"excerpt":{"rendered":"<p>Au Mus\u00e9e des Beaux Arts, nous avions d\u00e9cid\u00e9 d&rsquo;accueillir Marie Roulland et Bruno VOUTERS au sujet du livre Jean et Marie, et d&rsquo;ouvrir gratuitement au public pour nous faire conna\u00eetre. Jean et Marie, \u00e9crit en 2012, est le premier roman de Bruno Vouters, r\u00e9dacteur en chef-adjoint \u00e0 la Voix du Nord. Ce r\u00e9cit c\u00e9l\u00e8bre l\u2019histoire &hellip; <a href=\"https:\/\/www.littorelles.org\/?page_id=1475\" class=\"more-link\">Continuer la lecture de <span class=\"screen-reader-text\">Jean et Marie Roulland conf\u00e9rence de Bruno VOUTERS<\/span> <span class=\"meta-nav\">&rarr;<\/span><\/a><\/p>\n","protected":false},"author":1,"featured_media":0,"parent":1481,"menu_order":0,"comment_status":"closed","ping_status":"closed","template":"","meta":{"ngg_post_thumbnail":0,"footnotes":""},"class_list":["post-1475","page","type-page","status-publish","hentry"],"_links":{"self":[{"href":"https:\/\/www.littorelles.org\/index.php?rest_route=\/wp\/v2\/pages\/1475","targetHints":{"allow":["GET"]}}],"collection":[{"href":"https:\/\/www.littorelles.org\/index.php?rest_route=\/wp\/v2\/pages"}],"about":[{"href":"https:\/\/www.littorelles.org\/index.php?rest_route=\/wp\/v2\/types\/page"}],"author":[{"embeddable":true,"href":"https:\/\/www.littorelles.org\/index.php?rest_route=\/wp\/v2\/users\/1"}],"replies":[{"embeddable":true,"href":"https:\/\/www.littorelles.org\/index.php?rest_route=%2Fwp%2Fv2%2Fcomments&post=1475"}],"version-history":[{"count":0,"href":"https:\/\/www.littorelles.org\/index.php?rest_route=\/wp\/v2\/pages\/1475\/revisions"}],"up":[{"embeddable":true,"href":"https:\/\/www.littorelles.org\/index.php?rest_route=\/wp\/v2\/pages\/1481"}],"wp:attachment":[{"href":"https:\/\/www.littorelles.org\/index.php?rest_route=%2Fwp%2Fv2%2Fmedia&parent=1475"}],"curies":[{"name":"wp","href":"https:\/\/api.w.org\/{rel}","templated":true}]}}