{"id":146,"date":"2014-01-19T22:44:54","date_gmt":"2014-01-19T21:44:54","guid":{"rendered":"http:\/\/littorelles.org\/?page_id=146"},"modified":"2014-01-19T22:44:54","modified_gmt":"2014-01-19T21:44:54","slug":"yann-terrien-le-regard-porte-sur-la-femme-par-les-grands-cineastes","status":"publish","type":"page","link":"https:\/\/www.littorelles.org\/?page_id=146","title":{"rendered":"YANN TERRIEN -Le regard port\u00e9 sur la femme par les grands cin\u00e9astes"},"content":{"rendered":"<p>Yann Clair Terrien nous a expos\u00e9 l&rsquo;avis des diff\u00e9rents cin\u00e9astes sur les r\u00f4les f\u00e9minins et ce que l&rsquo;on attend des actrices<\/p>\n<p>A travers plusieurs extraits de films muets, noir et blanc, nous avons appr\u00e9ci\u00e9 le jeu des acteurs.<img decoding=\"async\" class=\"ngg_displayed_gallery mceItem\" alt=\"\" src=\"littorelles.org\/index.php\/nextgen-attach_to_post\/preview\/id--1047\" \/><\/p>\n","protected":false},"excerpt":{"rendered":"<p>Yann Clair Terrien nous a expos\u00e9 l&rsquo;avis des diff\u00e9rents cin\u00e9astes sur les r\u00f4les f\u00e9minins et ce que l&rsquo;on attend des actrices A travers plusieurs extraits de films muets, noir et blanc, nous avons appr\u00e9ci\u00e9 le jeu des acteurs.<\/p>\n","protected":false},"author":1,"featured_media":0,"parent":104,"menu_order":0,"comment_status":"closed","ping_status":"open","template":"","meta":{"ngg_post_thumbnail":0,"footnotes":""},"class_list":["post-146","page","type-page","status-publish","hentry"],"_links":{"self":[{"href":"https:\/\/www.littorelles.org\/index.php?rest_route=\/wp\/v2\/pages\/146","targetHints":{"allow":["GET"]}}],"collection":[{"href":"https:\/\/www.littorelles.org\/index.php?rest_route=\/wp\/v2\/pages"}],"about":[{"href":"https:\/\/www.littorelles.org\/index.php?rest_route=\/wp\/v2\/types\/page"}],"author":[{"embeddable":true,"href":"https:\/\/www.littorelles.org\/index.php?rest_route=\/wp\/v2\/users\/1"}],"replies":[{"embeddable":true,"href":"https:\/\/www.littorelles.org\/index.php?rest_route=%2Fwp%2Fv2%2Fcomments&post=146"}],"version-history":[{"count":0,"href":"https:\/\/www.littorelles.org\/index.php?rest_route=\/wp\/v2\/pages\/146\/revisions"}],"up":[{"embeddable":true,"href":"https:\/\/www.littorelles.org\/index.php?rest_route=\/wp\/v2\/pages\/104"}],"wp:attachment":[{"href":"https:\/\/www.littorelles.org\/index.php?rest_route=%2Fwp%2Fv2%2Fmedia&parent=146"}],"curies":[{"name":"wp","href":"https:\/\/api.w.org\/{rel}","templated":true}]}}