{"id":1297,"date":"2014-05-02T21:09:31","date_gmt":"2014-05-02T20:09:31","guid":{"rendered":"http:\/\/littorelles.org\/?page_id=1297"},"modified":"2014-05-02T21:09:31","modified_gmt":"2014-05-02T20:09:31","slug":"musee-fin-de-siecle-a-bruxelles","status":"publish","type":"page","link":"https:\/\/www.littorelles.org\/?page_id=1297","title":{"rendered":"Mus\u00e9e FIN de Si\u00e8cle \u00e0 Bruxelles"},"content":{"rendered":"<p>Nous voici arriv\u00e9es au mus\u00e9e Fin de si\u00e8cle \u00e0 Bruxelles<\/p>\n<p><img decoding=\"async\" class=\"ngg_displayed_gallery mceItem\" alt=\"\" src=\"littorelles.org\/index.php\/nextgen-attach_to_post\/preview\/id--1332\" \/><\/p>\n<p><strong><em>Un mus\u00e9e qui m\u00e9rite notre attention. Nous sommes all\u00e9es plusieurs fois \u00e0 Bruxelles pour voir les maisons Art Nouveau, nous aimons les meubles et les objets, voici un mus\u00e9e qui met en sc\u00e8ne cette p\u00e9riode.<\/em><\/strong><\/p>\n<h4><strong style=\"line-height: 1.3;\">1868 &#8211; 1914<\/strong><\/h4>\n<p>\u00ab\u00a0Le nouveau <strong>Mus\u00e9e Fin-de-Si\u00e8cle Museum <\/strong>pr\u00e9sente Bruxelles comme \u00e9tant le carrefour culturel de l\u2019Europe au tournant du si\u00e8cle. Cette collection exceptionnelle d\u2019\u0153uvres d\u2019artistes belges tels que James Ensor, Fernand Khnopff, L\u00e9on Spilliaert, Victor Horta, Henry Van de Velde ou Philippe Wolfers,\u2026 et \u00e9trangers tels que Paul Gauguin, Auguste Rodin, Pierre Bonnard, Emile Gall\u00e9, Louis Majorelle et Alphonse Mucha,\u2026 mettra la sc\u00e8ne artistique au c\u0153ur de la cr\u00e9ation internationale.<\/p>\n<p><img decoding=\"async\" class=\"ngg_displayed_gallery mceItem\" alt=\"\" src=\"littorelles.org\/index.php\/nextgen-attach_to_post\/preview\/id--1333\" \/><\/p>\n<p>Avec l\u2019organisation, dans les salles m\u00eames de notre mus\u00e9e, des salons des XX (1883-1894) et de la Libre Esth\u00e9tique (1894-1914), Bruxelles a constitu\u00e9 un carrefour de la cr\u00e9ation unique. Si celui-ci ne s\u2019est pas identifi\u00e9 \u00e0 la vague impressionniste, il a trouv\u00e9 dans la conjonction du <strong>symbolisme<\/strong>, du <strong>wagn\u00e9risme<\/strong> et de <strong>l\u2019Art nouveau<\/strong> les embl\u00e8mes d\u2019une identit\u00e9 qui a largement d\u00e9termin\u00e9 le visage de Bruxelles. \u00ab Bruxelles Capitale de l\u2019Art nouveau \u00bb n\u2019est pas qu\u2019une r\u00e9alit\u00e9 de l\u2019architecture. Le terme recouvre d\u2019abord le dynamisme d\u2019une soci\u00e9t\u00e9. Et celle-ci s\u2019est manifest\u00e9e dans tous les domaines de la cr\u00e9ation : litt\u00e9rature, peinture, op\u00e9ra, musique, architecture, photographie ou po\u00e9sie ; Maurice Maeterlinck, Emile Verhaeren, Jean Delville, Henri Evenepoel, Constantin Meunier, Maurice Kufferath, Guillaume Lekeu\u2026\u00a0\u00bb<\/p>\n<pre>Extrait du site consacr\u00e9 au Mus\u00e9e<\/pre>\n","protected":false},"excerpt":{"rendered":"<p>Nous voici arriv\u00e9es au mus\u00e9e Fin de si\u00e8cle \u00e0 Bruxelles Un mus\u00e9e qui m\u00e9rite notre attention. Nous sommes all\u00e9es plusieurs fois \u00e0 Bruxelles pour voir les maisons Art Nouveau, nous aimons les meubles et les objets, voici un mus\u00e9e qui met en sc\u00e8ne cette p\u00e9riode. 1868 &#8211; 1914 \u00ab\u00a0Le nouveau Mus\u00e9e Fin-de-Si\u00e8cle Museum pr\u00e9sente Bruxelles &hellip; <a href=\"https:\/\/www.littorelles.org\/?page_id=1297\" class=\"more-link\">Continuer la lecture de <span class=\"screen-reader-text\">Mus\u00e9e FIN de Si\u00e8cle \u00e0 Bruxelles<\/span> <span class=\"meta-nav\">&rarr;<\/span><\/a><\/p>\n","protected":false},"author":1,"featured_media":0,"parent":148,"menu_order":0,"comment_status":"closed","ping_status":"closed","template":"","meta":{"ngg_post_thumbnail":0,"footnotes":""},"class_list":["post-1297","page","type-page","status-publish","hentry"],"_links":{"self":[{"href":"https:\/\/www.littorelles.org\/index.php?rest_route=\/wp\/v2\/pages\/1297","targetHints":{"allow":["GET"]}}],"collection":[{"href":"https:\/\/www.littorelles.org\/index.php?rest_route=\/wp\/v2\/pages"}],"about":[{"href":"https:\/\/www.littorelles.org\/index.php?rest_route=\/wp\/v2\/types\/page"}],"author":[{"embeddable":true,"href":"https:\/\/www.littorelles.org\/index.php?rest_route=\/wp\/v2\/users\/1"}],"replies":[{"embeddable":true,"href":"https:\/\/www.littorelles.org\/index.php?rest_route=%2Fwp%2Fv2%2Fcomments&post=1297"}],"version-history":[{"count":0,"href":"https:\/\/www.littorelles.org\/index.php?rest_route=\/wp\/v2\/pages\/1297\/revisions"}],"up":[{"embeddable":true,"href":"https:\/\/www.littorelles.org\/index.php?rest_route=\/wp\/v2\/pages\/148"}],"wp:attachment":[{"href":"https:\/\/www.littorelles.org\/index.php?rest_route=%2Fwp%2Fv2%2Fmedia&parent=1297"}],"curies":[{"name":"wp","href":"https:\/\/api.w.org\/{rel}","templated":true}]}}