{"id":104,"date":"2014-01-19T22:36:41","date_gmt":"2014-01-19T21:36:41","guid":{"rendered":"http:\/\/littorelles.org\/?page_id=104"},"modified":"2014-01-19T22:36:41","modified_gmt":"2014-01-19T21:36:41","slug":"art-et-musees","status":"publish","type":"page","link":"https:\/\/www.littorelles.org\/?page_id=104","title":{"rendered":"Art et Mus\u00e9es"},"content":{"rendered":"<p>Au Pays des Mus\u00e9es, le Nord Pas de Calais<br \/>\nClaude Monet, regard impressionniste<br \/>\nCourbet \u00ab L\u2019image de la v\u00e9rit\u00e9 \u00bb<br \/>\nDegas Sculpteur<br \/>\nGand, Mus\u00e9e du Design et Floralies<br \/>\nHistoire de l\u2019impressionnisme par Mme VAN LAER<br \/>\nL\u2019aventure des \u00ab Noces de Cana \u00bb de V\u00e9ron\u00e8se<br \/>\nLa femme chez Gustav Klimt<br \/>\nLa peinture se jette \u00e0 l\u2019eau ! Mus\u00e9e des Beaux Arts de Calais.<br \/>\nLe Jugendstil<br \/>\nLe Nu dans l\u2019Art \u2013 Conf\u00e9rence de Mme VAN LAER<br \/>\nLe vide et le plein de George ROUSSE<br \/>\nMagie, Illusion, R\u00e9flexion\u2026 Le peintre et le miroir<br \/>\nMarc Chagall \u2013 La terre est si lumineuse | Lille 3000<br \/>\nParis : Saison Russe, Saison Viennoise<br \/>\nPARIS \u00a0Bourgeois Boh\u00e8me<br \/>\nPassage du temps- collection de Fran\u00e7ois Pinault | Lille 3000<br \/>\nSIGNAC Les Ports de France Mus\u00e9e La Piscine \u00e0 Roubaix<br \/>\nUne dualit\u00e9 esth\u00e9tique : beaut\u00e9 et laideur ou laideur et beaut\u00e9 par Mr Philippe Gain<br \/>\nVisite guid\u00e9e au Grand Palais de l\u2019exposition Vienne 1900<br \/>\nYANN TERRIEN \u2013 L\u2019Epiphanie de la Femme ou les r\u00f4les f\u00e9minins au cin\u00e9ma<br \/>\nYANN TERRIEN -Le regard port\u00e9 sur la femme par les grands cin\u00e9astes<\/p>\n","protected":false},"excerpt":{"rendered":"<p>Au Pays des Mus\u00e9es, le Nord Pas de Calais Claude Monet, regard impressionniste Courbet \u00ab L\u2019image de la v\u00e9rit\u00e9 \u00bb Degas Sculpteur Gand, Mus\u00e9e du Design et Floralies Histoire de l\u2019impressionnisme par Mme VAN LAER L\u2019aventure des \u00ab Noces de Cana \u00bb de V\u00e9ron\u00e8se La femme chez Gustav Klimt La peinture se jette \u00e0 l\u2019eau &hellip; <a href=\"https:\/\/www.littorelles.org\/?page_id=104\" class=\"more-link\">Continuer la lecture de <span class=\"screen-reader-text\">Art et Mus\u00e9es<\/span> <span class=\"meta-nav\">&rarr;<\/span><\/a><\/p>\n","protected":false},"author":1,"featured_media":0,"parent":37,"menu_order":0,"comment_status":"closed","ping_status":"open","template":"","meta":{"ngg_post_thumbnail":0,"footnotes":""},"class_list":["post-104","page","type-page","status-publish","hentry"],"_links":{"self":[{"href":"https:\/\/www.littorelles.org\/index.php?rest_route=\/wp\/v2\/pages\/104","targetHints":{"allow":["GET"]}}],"collection":[{"href":"https:\/\/www.littorelles.org\/index.php?rest_route=\/wp\/v2\/pages"}],"about":[{"href":"https:\/\/www.littorelles.org\/index.php?rest_route=\/wp\/v2\/types\/page"}],"author":[{"embeddable":true,"href":"https:\/\/www.littorelles.org\/index.php?rest_route=\/wp\/v2\/users\/1"}],"replies":[{"embeddable":true,"href":"https:\/\/www.littorelles.org\/index.php?rest_route=%2Fwp%2Fv2%2Fcomments&post=104"}],"version-history":[{"count":0,"href":"https:\/\/www.littorelles.org\/index.php?rest_route=\/wp\/v2\/pages\/104\/revisions"}],"up":[{"embeddable":true,"href":"https:\/\/www.littorelles.org\/index.php?rest_route=\/wp\/v2\/pages\/37"}],"wp:attachment":[{"href":"https:\/\/www.littorelles.org\/index.php?rest_route=%2Fwp%2Fv2%2Fmedia&parent=104"}],"curies":[{"name":"wp","href":"https:\/\/api.w.org\/{rel}","templated":true}]}}